{"id":50444,"date":"2026-03-01T10:26:48","date_gmt":"2026-03-01T09:26:48","guid":{"rendered":"https:\/\/asgolfdepessac-b.fr\/?post_type=product&#038;p=50444"},"modified":"2026-03-29T18:26:43","modified_gmt":"2026-03-29T16:26:43","slug":"all4u-champion-ship-2026-inscription-individuelle","status":"publish","type":"product","link":"https:\/\/asgolfdepessac-b.fr\/index.php\/produit\/all4u-champion-ship-2026-inscription-individuelle\/","title":{"rendered":"ALL4U CHAMPION SHIP 2026 &#8211; INSCRIPTION INDIVIDUELLE"},"content":{"rendered":"<p>Nous avons le plaisir de vous annoncer l&rsquo;ouverture des inscriptions pour la comp\u00e9tition ALL4U Team Championship :<\/p>\n<p><strong>Samedi 28 mars sur le parcours 18 trous de Pessac<\/strong><\/p>\n<p><strong>Au programme<\/strong> :<\/p>\n<p><b>8h00<\/b>\u00a0: caf\u00e9 d&rsquo;accueil offert + briefing et remises des cartes de score<\/p>\n<p><b>9h00<\/b> : d\u00e9part sur le parcours 18 trous en shotgun<\/p>\n<p><i>(shotgun = d\u00e9part simultan\u00e9 de toutes les parties d&rsquo;un trou diff\u00e9rent)<\/i><\/p>\n<p><strong>14h30<\/strong> : cocktail de remise des prix et annonce des qualifi\u00e9s*<\/p>\n<p><em>*Les deux premi\u00e8res \u00e9quipes en BRUT seront qualifi\u00e9es pour la finale Nationale (la date et le lieu de la finale vous seront communiqu\u00e9s ult\u00e9rieurement)<\/em><\/p>\n<p>&nbsp;<\/p>\n<p><strong>Formule de jeu<\/strong> :<\/p>\n<ul>\n<li>Scramble \u00e0 2<\/li>\n<li>R\u00e9sultats en BRUT scramble Strokeford sur 18 trous<\/li>\n<\/ul>\n<p><span style=\"color: #ff0000;\"><strong>Pour participer :<\/strong><\/span><\/p>\n<p><span style=\"color: #ff0000;\"><strong>\u2013 Niveau requis : Carte verte ou minimum un parcours 9 trous rouge accompagn\u00e9e<\/strong><\/span><\/p>\n<p><span style=\"color: #ff0000;\"><strong>\u2013 Licence FFGOLF 2026 \u00e0 jour et questionnaire de sant\u00e9 obligatoires<\/strong><\/span><\/p>\n<p>&nbsp;<\/p>\n<p>Vous avez la possibilit\u00e9 de vous inscrire directement \u00e0 2 joueurs si vous avez constitu\u00e9 une \u00e9quipe (Attention chaque \u00e9quipe doit \u00eatre constitu\u00e9e d&rsquo;un seul \u00e9l\u00e8ve en ALL4U PERF au maximum) (merci d&rsquo;utiliser l&rsquo;autre lien pour vous inscrire par \u00e9quipe de 2)<\/p>\n<p>Si vous n&rsquo;avez pas de partenaire, vous pouvez tout \u00e0 fait vous inscrire seul(e) et le golf effectuera la composition des \u00e9quipes . En revanche, votre inscription individuelle \u00e0 la comp\u00e9tition ne sera valid\u00e9e que si le golf arrive \u00e0 constituer une \u00e9quipe de 2 en fonction des inscriptions individuelles.<\/p>\n<p>&nbsp;<\/p>\n<p><em><strong>Cette comp\u00e9tition est exclusivement r\u00e9serv\u00e9e aux personnes en ALL4U ou ALL4UPERF sur le GOLF DE PESSAC<\/strong><\/em><\/p>\n<p>&nbsp;<\/p>\n","protected":false},"excerpt":{"rendered":"<p>Nous avons le plaisir de vous annoncer l&rsquo;ouverture des inscriptions pour la comp\u00e9tition ALL4U Team Championship :<\/p>\n<p><strong>Samedi 28 mars sur le parcours 18 trous de Pessac<\/strong><\/p>\n<p><strong>Au programme<\/strong> :<\/p>\n<p><b>8h00<\/b>\u00a0: caf\u00e9 d&rsquo;accueil offert + briefing et remises des cartes de score<\/p>\n<p><b>9h00<\/b> : d\u00e9part sur le parcours 18 trous en shotgun<\/p>\n<p><i>(shotgun = d\u00e9part simultan\u00e9 de toutes les parties d&rsquo;un trou diff\u00e9rent)<\/i><\/p>\n<p><strong>14h30<\/strong> : cocktail de remise des prix et annonce des qualifi\u00e9s*<\/p>\n<p><em>*Les deux premi\u00e8res \u00e9quipes en BRUT seront qualifi\u00e9es pour la finale Nationale (la date et le lieu de la finale vous seront communiqu\u00e9s ult\u00e9rieurement)<\/em><\/p>\n<p>&nbsp;<\/p>\n<p><strong>Formule de jeu<\/strong> :<\/p>\n<ul>\n<li>Scramble \u00e0 2<\/li>\n<li>R\u00e9sultats en BRUT scramble Strokeford sur 18 trous<\/li>\n<\/ul>\n<p><strong>Pour participer :<\/strong><\/p>\n<p><strong>\u2013 Niveau requis : Carte verte ou minimum un parcours 9 trous rouge accompagn\u00e9e<\/strong><\/p>\n<p><strong>\u2013 Licence FFGOLF 2026 \u00e0 jour et questionnaire de sant\u00e9 obligatoires<\/strong><\/p>\n<p>&nbsp;<\/p>\n<p>Vous avez la possibilit\u00e9 de vous inscrire directement \u00e0 2 joueurs si vous avez constitu\u00e9 une \u00e9quipe (Attention chaque \u00e9quipe doit \u00eatre constitu\u00e9e d&rsquo;un seul \u00e9l\u00e8ve en ALL4U PERF au maximum) (merci d&rsquo;utiliser l&rsquo;autre lien pour vous inscrire par \u00e9quipe de 2)<\/p>\n<p>Si vous n&rsquo;avez pas de partenaire, vous pouvez tout \u00e0 fait vous inscrire seul(e) et le golf effectuera la composition des \u00e9quipes . En revanche, votre inscription individuelle \u00e0 la comp\u00e9tition ne sera valid\u00e9e que si le golf arrive \u00e0 constituer une \u00e9quipe de 2 en fonction des inscriptions individuelles.<\/p>\n<p>&nbsp;<\/p>\n<p><em><strong>Cette comp\u00e9tition est exclusivement r\u00e9serv\u00e9e aux personnes en ALL4U ou ALL4UPERF sur le GOLF DE PESSAC<\/strong><\/em><\/p>\n<p>&nbsp;<\/p>\n","protected":false},"featured_media":0,"comment_status":"open","ping_status":"closed","template":"","meta":[],"product_brand":[],"product_cat":[153],"product_tag":[],"class_list":{"0":"post-50444","1":"product","2":"type-product","3":"status-publish","5":"product_cat-all4uindiv","6":"wcpa_has_options","8":"first","9":"outofstock","10":"sold-individually","11":"shipping-taxable","12":"purchasable","13":"product-type-simple"},"wcpa_form_fields":{"wcpaData":{"product":{"product_price":20,"price_html":"<span class=\"woocommerce-Price-amount amount\"><bdi>20,00<span class=\"woocommerce-Price-currencySymbol\">&euro;<\/span><\/bdi><\/span>","original_product_price":20,"price_including_tax":20,"price_excluding_tax":20,"product_id":{"parent":50444,"variation":false},"is_variable":false,"stock_status":"outofstock","stock_quantity":0,"parent_sku":"","product_attributes":[],"custom_fields":[],"is_taxable":false,"product_name":"ALL4U CHAMPION SHIP 2026 - INSCRIPTION INDIVIDUELLE","hasImage":false},"fields":{"sec_267e51a8b39f53":{"extra":{"key":"sec_267e51a8b39f53","section_id":"sec_267e51a8b39f53","name":"Default","status":1,"cl_rule":"show","enableCl":false,"relations":[],"toggle":true,"title_tag":"h3","show_title":false,"showPrice":"default","form_id":37161,"form_rules":{"exclude_from_discount":false,"fee_label":"Fee","disp_hide_options_price":false,"disp_show_section_price":false,"disp_show_field_price":true,"layout_option":"standard","pric_use_as_fee":false,"process_fee_as":"woo_fee"},"layout_option":"standard"},"fields":[[{"type":"checkbox-group","elementId":"wcpa-checkbox-group-1680691495236","label":"INSCRIPTION","priceOptions":"different_for_all","pricingType":"fixed","name":"checkbox-group-1680691495236","other_text":"Other","cl_rule":"show","col":6,"values":[{"label":"INSCRIPTION","value":"INSCRIPTION","price":"","pimage":"","pimage_id":"","pthumb":"","selected":true,"gt_translate_keys":["label"]}],"relations":false,"active":true,"tooltip":"","layOut":"","checkUi":"","error":false,"description":"Votre inscription sera valid\u00e9e si le golf arrive \u00e0 constituer une \u00e9quipe de 2 joueurs en fonction des inscriptions individuelles","gt_translate_keys":["label","description","tooltip"],"price_dependency":false,"cl_dependency":false,"value":""}],[{"type":"text","elementId":"wcpa-text-1680691061901","label":"NOM JOUEUR","pricingType":"fixed","name":"text-1680691061901","subtype":"text","cl_rule":"show","col":6,"relations":false,"active":true,"tooltip":"","gt_translate_keys":["label","tooltip"],"price_dependency":false,"cl_dependency":false,"value":""}],[{"type":"text","elementId":"wcpa-text-1680691063270","label":"PRENOM JOUEUR","pricingType":"fixed","name":"text-1680691063270","subtype":"text","cl_rule":"show","col":6,"relations":false,"active":true,"tooltip":"","gt_translate_keys":["label","tooltip"],"price_dependency":false,"cl_dependency":false,"value":""}],[{"type":"text","elementId":"wcpa-text-1680691066533","label":"NUMERO DE LICENCE JOUEUR","pricingType":"fixed","name":"text-1680691066532","subtype":"text","cl_rule":"show","col":6,"relations":false,"active":true,"tooltip":"","gt_translate_keys":["label","tooltip"],"price_dependency":false,"cl_dependency":false,"value":""}],[{"type":"checkbox-group","elementId":"wcpa-checkbox-group-1680691100798","label":"Je certifie que ma licence 2026 et mon certificat m\u00e9dical sont \u00e0 jour (obligatoires pour participer)","priceOptions":"different_for_all","pricingType":"fixed","name":"checkbox-group-1680691100798","other_text":"Other","cl_rule":"show","col":6,"values":[{"label":"Oui","value":"option-1","price":"","pimage":"","pimage_id":"","pthumb":"","gt_translate_keys":["label"]}],"relations":false,"active":true,"tooltip":"","layOut":"","checkUi":"","error":false,"isWeightTemplate":false,"isTemplate":false,"min_quantity":"1","quantity_decimal":false,"quantity_step":"1","quantity_label":"Quantity","repeater_field_label":"{field_label}","repeater_bind":"","gt_translate_keys":["label","tooltip","repeater_field_label","quantity_label"],"price_dependency":false,"cl_dependency":false,"value":""}]]}},"config":{"price_override":"","enable_recaptcha":false,"bind_quantity":false,"quantity_bind_formula":false,"disp_summ_show_option_price":true,"disp_summ_show_product_price":true,"disp_summ_show_total_price":true,"disp_summ_show_fee":false,"disp_summ_show_discount":false,"summary_title":"","options_total_label":"Options Price","total_label":"Total","options_product_label":"Product Price","fee_label":"Fee","discount_label":"Discount","has_price":true,"has_quantity_formula":false},"mc_unit":1,"tax_rate":1,"tax_rate_real":1,"discount":{"percentage":0,"fixed":0},"design":{"conf":{"LabelPosition":"above","DescPosition":"above","UploadField":"custom_1","QuantityFieldStyle":"default"},"css":{"LeftLabelWidth":"120px"}},"formulas":[],"lookuptables":[],"clones":false,"cartKey":false}},"_links":{"self":[{"href":"https:\/\/asgolfdepessac-b.fr\/index.php\/wp-json\/wp\/v2\/product\/50444","targetHints":{"allow":["GET"]}}],"collection":[{"href":"https:\/\/asgolfdepessac-b.fr\/index.php\/wp-json\/wp\/v2\/product"}],"about":[{"href":"https:\/\/asgolfdepessac-b.fr\/index.php\/wp-json\/wp\/v2\/types\/product"}],"replies":[{"embeddable":true,"href":"https:\/\/asgolfdepessac-b.fr\/index.php\/wp-json\/wp\/v2\/comments?post=50444"}],"wp:attachment":[{"href":"https:\/\/asgolfdepessac-b.fr\/index.php\/wp-json\/wp\/v2\/media?parent=50444"}],"wp:term":[{"taxonomy":"product_brand","embeddable":true,"href":"https:\/\/asgolfdepessac-b.fr\/index.php\/wp-json\/wp\/v2\/product_brand?post=50444"},{"taxonomy":"product_cat","embeddable":true,"href":"https:\/\/asgolfdepessac-b.fr\/index.php\/wp-json\/wp\/v2\/product_cat?post=50444"},{"taxonomy":"product_tag","embeddable":true,"href":"https:\/\/asgolfdepessac-b.fr\/index.php\/wp-json\/wp\/v2\/product_tag?post=50444"}],"curies":[{"name":"wp","href":"https:\/\/api.w.org\/{rel}","templated":true}]}}