{"id":50439,"date":"2026-02-28T17:06:10","date_gmt":"2026-02-28T16:06:10","guid":{"rendered":"https:\/\/asgolfdepessac-b.fr\/?post_type=product&#038;p=50439"},"modified":"2026-04-15T12:22:31","modified_gmt":"2026-04-15T10:22:31","slug":"classement-messieurs-t2-2026-swc","status":"publish","type":"product","link":"https:\/\/asgolfdepessac-b.fr\/index.php\/produit\/classement-messieurs-t2-2026-swc\/","title":{"rendered":"Classement Messieurs T2 2026 SWC"},"content":{"rendered":"<p>&nbsp;<\/p>\n<div>\n<div>\n<p>&nbsp;<\/p>\n<\/div>\n<\/div>\n","protected":false},"excerpt":{"rendered":"<p>Date : Mardi 28 avril 2026<\/p>\n<p>Fermeture des inscriptions le dimanche 26\/04\/2026 \u00e0 08h00.<\/p>\n<p><span style=\"color: #000000;\"><b style=\"color: #000000;\">Comp\u00e9tition ouverte : les <\/b><b>adh\u00e9rents<\/b><b style=\"color: #000000;\"> de l&rsquo;AS sont prioritaires<\/b><\/span><\/p>\n<p><span style=\"color: #ff0000;\"><a style=\"color: #ff0000;\" href=\"https:\/\/www.ffgolf.org\/prendre-sa-licence\/certificat-medical-et-qs\" target=\"_blank\" rel=\"noopener\"><strong>QUESTIONNAIRE DE SANTE OBLIGATOIRE SUIVANT LES REGLES DE LA FFGolf<\/strong><\/a><\/span><\/p>\n<p>Formule de jeu : individuel stableford<\/p>\n<div><strong><span style=\"color: #0000ff;\">Premier d\u00e9part : 09h30<\/span><\/strong><\/div>\n<div>Terrain: 18 T Blanc-Bleu<\/div>\n<div><\/div>\n<div>\n<div><strong>Rep\u00e8re au choix du joueur sur la fiche d&rsquo;inscription : blanc, jaune ou bleu<\/strong>.<\/div>\n<div>Nombre de coups rendus calcul\u00e9 automatiquement par le logiciel de la FFG suivant l&rsquo;\u00e9talonnage du terrain.<\/div>\n<div>La comp\u00e9tition se d\u00e9roulera suivant l&rsquo;ordre des index, simultan\u00e9ment avec la Coupe des dames du m\u00eame jour. Parties non mixtes, sauf si le total du nombre de joueuses et de joueurs l&rsquo;exige.<\/div>\n<div>Les priorit\u00e9s sont dans l&rsquo;ordre : dames, membres de l&rsquo;AS, ordre d&rsquo;inscription. Les joueurs sont mis en attente et seront inscrits en fonction du nombre de dames.<\/div>\n<div>Cat\u00e9gories droit de Jeu\u00a0 : Adulte : n\u00e9 avant 2008,\u00a0 Jeune : n\u00e9 \u00e0 partir de 2008 inclus<\/div>\n<div>Il n\u2019y a pas de remise des prix.<\/div>\n<\/div>\n<div><\/div>\n<div>Cette comp\u00e9tition fait partie des comp\u00e9titons qualificatives de la phase ranking de la <a href=\"https:\/\/www.somabay-world-cup.com\/mon-pass-ranking\" target=\"_blank\" rel=\"noopener\">Somabay World Cup<\/a>.<\/div>\n<div><\/div>\n<div><a href=\"https:\/\/docs.google.com\/forms\/d\/e\/1FAIpQLSfbqLt-TaHA9MMQXpIKQrZr1fpwytEgO_IOFlhBZZtRA_gFjg\/viewform?usp=publish-editor\" target=\"_blank\" rel=\"noopener\"><span style=\"color: #008000;\">Formulaire d&rsquo;annulation<\/span><\/a><\/div>\n<div>\n<p><a href=\"https:\/\/docs.google.com\/spreadsheets\/d\/e\/2PACX-1vQuaEY8yTdfjzm1FlMRDj4XD-qvpNxvUodA3qDyTiY5YQzk6TZfY4BzTK6LqOC8DmSSpr7PDG5CZ4S9\/pubhtml\" target=\"_blank\" rel=\"noopener\"><span style=\"color: #008000;\">Liste des annulations<\/span><\/a><\/p>\n<\/div>\n<div><span style=\"color: #008000;\"><a style=\"color: #008000;\" href=\"https:\/\/drive.google.com\/drive\/u\/0\/folders\/1Hu_jHbIjTv9XrrnZsChm4qBJK75YtsGj\" target=\"_blank\" rel=\"noopener\">Liste des inscriptions <\/a><\/span>(Mise \u00e0 jour toutes les 4H)<\/div>\n<div><\/div>\n<div>Le<a href=\"https:\/\/asgolfdepessac.com\/wp-content\/uploads\/2025\/03\/ReglementCompetition-ASGP-2025-A.pdf\" target=\"_blank\" rel=\"noopener\">\u00a0<strong><span style=\"color: #008000;\">r\u00e8glement<\/span><\/strong>\u00a0<\/a>des comp\u00e9titions organis\u00e9es par l\u2019AS PESSAC est applicable<\/div>\n<div><\/div>\n<div><strong><span style=\"color: #000080;\"><a style=\"color: #000080;\" href=\"https:\/\/asgolfdepessac.com\/index.php\/activites\/informations-competition\/\" target=\"_blank\" rel=\"noopener\">TOUTES LES INFORMATIONS CONCERNANT LES COMPETITIONS<\/a><\/span><\/strong><\/div>\n<div>\n<div>\n<div><\/div>\n<\/div>\n<div><strong>Pour visualiser vos commandes actuelles et pass\u00e9es voir <a href=\"https:\/\/asgolfdepessac-b.fr\/index.php\/mon-compte\/\" target=\"_blank\" rel=\"noopener\"><span style=\"color: #800080;\">MON COMPTE<\/span><\/a> et COMMANDES<\/strong><\/div>\n<\/div>\n<p>&nbsp;<\/p>\n","protected":false},"featured_media":50510,"comment_status":"open","ping_status":"closed","template":"","meta":[],"product_brand":[],"product_cat":[82],"product_tag":[],"class_list":{"0":"post-50439","1":"product","2":"type-product","3":"status-publish","4":"has-post-thumbnail","6":"product_cat-classement","7":"wcpa_has_options","9":"first","10":"instock","11":"sold-individually","12":"shipping-taxable","13":"purchasable","14":"product-type-simple"},"wcpa_form_fields":{"wcpaData":{"product":{"product_price":0,"price_html":"<span class=\"woocommerce-Price-amount amount\"><bdi>0,00<span class=\"woocommerce-Price-currencySymbol\">&euro;<\/span><\/bdi><\/span>","original_product_price":0,"price_including_tax":0,"price_excluding_tax":0,"product_id":{"parent":50439,"variation":false},"is_variable":false,"stock_status":"instock","stock_quantity":12,"parent_sku":"","product_attributes":[],"custom_fields":[],"is_taxable":false,"product_name":"Classement Messieurs T2 2026 SWC","hasImage":false},"fields":{"sec_365c9f9f5b9941":{"extra":{"key":"sec_365c9f9f5b9941","section_id":"sec_365c9f9f5b9941","name":"Default","status":1,"cl_rule":"show","enableCl":false,"relations":[],"toggle":true,"title_tag":"h3","show_title":false,"showPrice":"default","form_id":29898,"form_rules":{"exclude_from_discount":false,"fee_label":"Fee","disp_hide_options_price":false,"disp_show_section_price":false,"disp_show_field_price":true,"layout_option":"standard","pric_use_as_fee":false,"process_fee_as":"woo_fee"},"layout_option":"standard"},"fields":[[{"type":"text","required":true,"elementId":"wcpa-text-605ba23c60fda","label":"NOM PRENOM","pricingType":"fixed","className":"","name":"text-605ba23c60feb","subtype":"text","cl_rule":"show","col":6,"relations":false,"active":true,"tooltip":"","error":false,"gt_translate_keys":["label","tooltip"],"price_dependency":false,"cl_dependency":["wcpa-paragraph-605ba23c6109c"],"value":""}],[{"type":"radio-group","required":true,"elementId":"wcpa-radio-group-605ba23c6103d","label":"CATEGORIE","description":"Adherent AS Golf de Pessac?","inline":true,"priceOptions":"different_for_all","pricingType":"fixed","name":"radio-group-605ba23c6104d","other_text":"Other","cl_rule":"show","cl_val":"AS","operator":"and","col":6,"values":[{"label":"AS","value":"AS","price":"","pimage":"","pimage_id":"","pthumb":"","gt_translate_keys":["label"]},{"label":"NON AS","value":"NONAS","price":"","pimage":"","pimage_id":"","pthumb":"","gt_translate_keys":["label"]}],"relations":[{"operator":"and","rules":[{"operator":false,"rules":{"cl_field":"wcpa-radio-group-605ba23c6103d","cl_relation":"is","cl_val":"AS"}}]},{"operator":false,"rules":[]}],"active":true,"tooltip":"","layOut":"inline","gt_translate_keys":["label","description","tooltip"],"price_dependency":false,"cl_dependency":["wcpa-checkbox-group-605ba23c60ffe","wcpa-checkbox-group-1681661049915","wcpa-radio-group-605ba23c6105d","wcpa-radio-group-605ba23c6107c","wcpa-paragraph-605ba23c6109c"],"value":""}],[{"type":"checkbox-group","required":true,"elementId":"wcpa-checkbox-group-605ba23c60ffe","label":"INSCRIPTION","priceOptions":"different_for_all","pricingType":"fixed","name":"checkbox-group-605ba23c61010","other_text":"Other","enableCl":true,"cl_rule":"show","cl_val":"AS","col":6,"values":[{"label":"VALIDEE","value":"V","price":"","pimage":"","pimage_id":"","pthumb":"","selected":false,"tempId":"aco_19","gt_translate_keys":["label"]}],"relations":[{"operator":false,"rules":[{"operator":false,"rules":{"cl_field":"wcpa-radio-group-605ba23c6103d","cl_relation":"is","cl_val":"AS"}}]}],"active":true,"tooltip":"","layOut":"","checkUi":"","error":false,"isWeightTemplate":false,"isTemplate":false,"min_quantity":"1","quantity_decimal":false,"quantity_step":"1","quantity_label":"Quantity","repeater_field_label":"{field_label}","repeater_bind":"","gt_translate_keys":["label","tooltip","repeater_field_label","quantity_label"],"price_dependency":false,"cl_dependency":false,"value":""}],[{"type":"checkbox-group","required":true,"elementId":"wcpa-checkbox-group-1681661049915","label":"INSCRIPTION","priceOptions":"different_for_all","pricingType":"fixed","name":"checkbox-group-1681661049914","other_text":"Other","enableCl":true,"cl_rule":"show","cl_val":"NONAS","col":6,"values":[{"label":"NON PRIORITAIRE","value":"NP","price":"","pimage":"","pimage_id":"","pthumb":"","selected":true,"tempId":"aco_110","gt_translate_keys":["label"]}],"relations":[{"operator":false,"rules":[{"operator":false,"rules":{"cl_field":"wcpa-radio-group-605ba23c6103d","cl_relation":"is","cl_val":"NONAS"}}]}],"active":true,"tooltip":"","layOut":"","checkUi":"","error":false,"isWeightTemplate":false,"isTemplate":false,"min_quantity":"1","quantity_decimal":false,"quantity_step":"1","quantity_label":"Quantity","repeater_field_label":"{field_label}","repeater_bind":"","gt_translate_keys":["label","tooltip","repeater_field_label","quantity_label"],"price_dependency":false,"cl_dependency":false,"value":""}],[{"type":"number","required":true,"elementId":"wcpa-number-605ba23c6101f","label":"N LICENCE","pricingType":"fixed","min":"000000000","max":"999999999","className":"","name":"number-605ba23c6102d","cl_rule":"show","col":6,"relations":false,"active":true,"tooltip":"","error":false,"gt_translate_keys":["label","tooltip"],"price_dependency":false,"cl_dependency":false,"value":""}],[{"type":"radio-group","required":true,"elementId":"wcpa-radio-group-605ba23c6105d","label":"AS Pessac","description":"Champ pour inscription adh\u00e9rent As golf de  Pessac","inline":true,"enablePrice":true,"priceOptions":"different_for_all","pricingType":"fixed","name":"radio-group-605ba23c6106d","other_text":"Other","enableCl":true,"cl_rule":"show","cl_val":"AS","col":6,"values":[{"label":"Adulte","value":"adulteas","price":"10","pimage":"","pimage_id":"","pthumb":"","tempId":"aco_71","gt_translate_keys":["label"]},{"label":"Jeune","value":"Jeuneas","price":"0","pimage":"","pimage_id":"","pthumb":"","tempId":"aco_73","gt_translate_keys":["label"]}],"relations":[{"operator":false,"rules":[{"operator":false,"rules":{"cl_field":"wcpa-radio-group-605ba23c6103d","cl_relation":"is","cl_val":"AS"}}]}],"price":0,"active":true,"tooltip":"","layOut":"inline","checkUi":"","error":false,"gt_translate_keys":["label","description","tooltip"],"price_dependency":false,"cl_dependency":false,"value":""}],[{"type":"radio-group","required":true,"elementId":"wcpa-radio-group-605ba23c6107c","label":"NON AS Pessac","description":"Champ pour inscription non adh\u00e9rent  AS Gof de Pessac","inline":true,"enablePrice":true,"priceOptions":"different_for_all","pricingType":"fixed","name":"radio-group-605ba23c6108c","other_text":"Other","enableCl":true,"cl_rule":"show","cl_val":"NONAS","col":6,"values":[{"label":"Adulte","value":"adultenas","price":"15","pimage":"","pimage_id":"","pthumb":"","tempId":"aco_112","gt_translate_keys":["label"]},{"label":"Jeune","value":"Jeunenas","price":"5","pimage":"","pimage_id":"","pthumb":"","tempId":"aco_114","gt_translate_keys":["label"]}],"relations":[{"operator":false,"rules":[{"operator":false,"rules":{"cl_field":"wcpa-radio-group-605ba23c6103d","cl_relation":"is","cl_val":"NONAS"}}]}],"price":0,"active":true,"tooltip":"","layOut":"inline","checkUi":"","error":false,"gt_translate_keys":["label","description","tooltip"],"price_dependency":false,"cl_dependency":false,"value":""}],[{"type":"content","subtype":"div","label":"","elementId":"wcpa-paragraph-605ba23c6109c","pricingType":"fixed","enableCl":true,"cl_rule":"show","cl_val":"RICHER JEAN","operator":"and","col":6,"relations":[{"operator":false,"rules":[{"operator":"and","rules":{"cl_field":"wcpa-radio-group-605ba23c6103d","cl_relation":"is","cl_val":"NONAS"}},{"operator":false,"rules":{"cl_field":"wcpa-text-605ba23c60fda","cl_relation":"contains","cl_val":"RICHER JEAN"}}]}],"active":true,"tooltip":"","value":"Vous n '\u00eates pas adh\u00e9rent \u00e0 l'Association Sportive de Pessac.  Vous pourrez vous inscrire 10  jours avant la comp\u00e9tition en fonction des places disponibles. Vous pouvez aussi adh\u00e9rer \u00e0 l'Association Sportive www.asgolfdepessac.fr\/adhesion\n","name":"wcpa-paragraph-605ba23c6109c","contentType":"plain","gt_translate_keys":["label","value","tooltip"],"price_dependency":false,"cl_dependency":false}],[{"type":"radio-group","elementId":"wcpa-radio-group-605ba23c610ac","label":"REPERE","description":"Je choisi un rep\u00e8re diff\u00e9rent de celui de ma s\u00e9rie","inline":true,"priceOptions":"different_for_all","pricingType":"fixed","name":"radio-group-605ba23c610bc","other_text":"Other","cl_rule":"show","col":6,"values":[{"label":"BLANC","value":"BLANC","price":"","pimage":"","pimage_id":"","pthumb":"","gt_translate_keys":["label"]},{"label":"JAUNE","value":"JAUNE","price":"","pimage":"","pimage_id":"","pthumb":"","gt_translate_keys":["label"]},{"label":"BLEU","value":"BLEU","price":"","pimage":"","pimage_id":"","pthumb":"","gt_translate_keys":["label"]}],"relations":false,"active":true,"tooltip":"","layOut":"inline","gt_translate_keys":["label","description","tooltip"],"price_dependency":false,"cl_dependency":false,"value":""}],[{"type":"number","required":true,"elementId":"wcpa-number-1620075973601","label":"INDEX","pricingType":"fixed","name":"number-1620075973601","cl_rule":"show","col":6,"relations":false,"active":true,"tooltip":"","gt_translate_keys":["label","tooltip"],"price_dependency":false,"cl_dependency":false,"value":""}],[{"type":"checkbox-group","required":true,"elementId":"wcpa-checkbox-group-605ba23c610cd","label":"CERTIFICAT MEDICAL","description":"M'autorisant \u00e0 faire des comp\u00e9titions enregistr\u00e9 ou j'ai r\u00e9pondu au questionnaire de sant\u00e9","priceOptions":"different_for_all","pricingType":"fixed","name":"checkbox-group-605ba23c610df","other_text":"Other","cl_rule":"show","col":6,"values":[{"label":"OUI","value":"OUI","price":"","pimage":"","pimage_id":"","pthumb":"","gt_translate_keys":["label"]}],"relations":false,"active":true,"tooltip":"","layOut":"","gt_translate_keys":["label","description","tooltip"],"price_dependency":false,"cl_dependency":false,"value":""}],[{"type":"checkbox-group","required":true,"elementId":"wcpa-checkbox-group-605ba23c610f1","label":"ACCORD","description":"J'accepte toutes les conditions de d\u00e9roulement de cette manifestation","priceOptions":"different_for_all","pricingType":"fixed","name":"checkbox-group-605ba23c61103","other_text":"Other","cl_rule":"show","col":6,"values":[{"label":"OUI","value":"OUI","price":"","pimage":"","pimage_id":"","pthumb":"","gt_translate_keys":["label"]}],"relations":false,"active":true,"tooltip":"","layOut":"","gt_translate_keys":["label","description","tooltip"],"price_dependency":false,"cl_dependency":false,"value":""}],[{"type":"textarea","elementId":"wcpa-textarea-605ba23c61114","label":"Note du joueur","description":"Les demandes concernant l'heure du d\u00e9part ne sont pas prises en compte","pricingType":"fixed","name":"textarea-605ba23c61123","cl_rule":"show","col":6,"relations":false,"active":true,"tooltip":"","error":false,"gt_translate_keys":["label","description","tooltip"],"price_dependency":false,"cl_dependency":false,"value":""}]]}},"config":{"price_override":"","enable_recaptcha":false,"bind_quantity":false,"quantity_bind_formula":false,"disp_summ_show_option_price":true,"disp_summ_show_product_price":true,"disp_summ_show_total_price":true,"disp_summ_show_fee":false,"disp_summ_show_discount":false,"summary_title":"","options_total_label":"Options Price","total_label":"Total","options_product_label":"Product Price","fee_label":"Fee","discount_label":"Discount","has_price":true,"has_quantity_formula":false},"mc_unit":1,"tax_rate":1,"tax_rate_real":1,"discount":{"percentage":0,"fixed":0},"design":{"conf":{"LabelPosition":"above","DescPosition":"above","UploadField":"custom_1","QuantityFieldStyle":"default"},"css":{"LeftLabelWidth":"120px"}},"formulas":[],"lookuptables":[],"clones":false,"cartKey":false}},"_links":{"self":[{"href":"https:\/\/asgolfdepessac-b.fr\/index.php\/wp-json\/wp\/v2\/product\/50439","targetHints":{"allow":["GET"]}}],"collection":[{"href":"https:\/\/asgolfdepessac-b.fr\/index.php\/wp-json\/wp\/v2\/product"}],"about":[{"href":"https:\/\/asgolfdepessac-b.fr\/index.php\/wp-json\/wp\/v2\/types\/product"}],"replies":[{"embeddable":true,"href":"https:\/\/asgolfdepessac-b.fr\/index.php\/wp-json\/wp\/v2\/comments?post=50439"}],"wp:featuredmedia":[{"embeddable":true,"href":"https:\/\/asgolfdepessac-b.fr\/index.php\/wp-json\/wp\/v2\/media\/50510"}],"wp:attachment":[{"href":"https:\/\/asgolfdepessac-b.fr\/index.php\/wp-json\/wp\/v2\/media?parent=50439"}],"wp:term":[{"taxonomy":"product_brand","embeddable":true,"href":"https:\/\/asgolfdepessac-b.fr\/index.php\/wp-json\/wp\/v2\/product_brand?post=50439"},{"taxonomy":"product_cat","embeddable":true,"href":"https:\/\/asgolfdepessac-b.fr\/index.php\/wp-json\/wp\/v2\/product_cat?post=50439"},{"taxonomy":"product_tag","embeddable":true,"href":"https:\/\/asgolfdepessac-b.fr\/index.php\/wp-json\/wp\/v2\/product_tag?post=50439"}],"curies":[{"name":"wp","href":"https:\/\/api.w.org\/{rel}","templated":true}]}}