{"id":50438,"date":"2026-02-28T16:58:09","date_gmt":"2026-02-28T15:58:09","guid":{"rendered":"https:\/\/asgolfdepessac-b.fr\/?post_type=product&#038;p=50438"},"modified":"2026-04-15T12:24:15","modified_gmt":"2026-04-15T10:24:15","slug":"coupe-des-dames-t2-2026-swc","status":"publish","type":"product","link":"https:\/\/asgolfdepessac-b.fr\/index.php\/produit\/coupe-des-dames-t2-2026-swc\/","title":{"rendered":"Coupe des Dames T2 2026 SWC"},"content":{"rendered":"","protected":false},"excerpt":{"rendered":"<p>Date : Mardi 28 avril 2026<\/p>\n<p>Cl\u00f4ture des inscriptions le dimanche 26\/04\/2026 \u00e0 08h00.<\/p>\n<p><span style=\"color: #000000;\"><b style=\"color: #000000;\">Comp\u00e9tition ouverte : les <\/b><b>adh\u00e9rents<\/b><b style=\"color: #000000;\"> de l&rsquo;AS sont prioritaires<\/b><\/span><\/p>\n<p><span style=\"color: #ff0000;\"><a style=\"color: #ff0000;\" href=\"https:\/\/www.ffgolf.org\/prendre-sa-licence\/certificat-medical-et-qs\" target=\"_blank\" rel=\"noopener\"><strong>QUESTIONNAIRE DE SANTE OBLIGATOIRE SUIVANT LES REGLES DE LA FFGolf<\/strong><\/a><\/span><\/p>\n<p>Formule de Jeu : Individuel Stableford<\/p>\n<div><strong><span style=\"color: #800080;\">Premier d\u00e9part :\u00a0 09h30<\/span><\/strong><\/div>\n<div>\n<div>\n<div>\n<div>Terrain : 18T Blanc Bleu<\/div>\n<div><\/div>\n<div>\n<div>\n<div><strong>Rep\u00e8re au choix de la joueuse sur la fiche d&rsquo;inscription : bleu, rouge<\/strong> <strong>ou violet<\/strong>.<\/div>\n<div>Nombre de coups rendus calcul\u00e9 automatiquement par le logiciel de la FFG suivant l&rsquo;\u00e9talonnage du terrain.<\/div>\n<div>La comp\u00e9tition se d\u00e9roulera suivant l&rsquo;ordre des index, simultan\u00e9ment avec la comp\u00e9tition de classement des messieurs du m\u00eame jour. Parties non mixtes, sauf si le total du nombre de joueuses l&rsquo;exige.<\/div>\n<div>Cat\u00e9gories droit de Jeu\u00a0 : Adulte : n\u00e9 avant 2008,\u00a0 Jeune : n\u00e9 \u00e0 partir de 2008 inclus<\/div>\n<\/div>\n<div><\/div>\n<\/div>\n<\/div>\n<\/div>\n<div>\n<div>Cette comp\u00e9tition compte pour le challenge Coupe des dames 2026 sur 6 tours. <span style=\"color: #0000ff;\"><a style=\"color: #0000ff;\" href=\"https:\/\/asgolfdepessac.com\/index.php\/activites\/challenge-coupe-des-dames-2022\/\" target=\"_blank\" rel=\"noopener\">R\u00e8glement\u00a0<\/a><\/span><\/div>\n<\/div>\n<\/div>\n<div>\n<div>Pas de remise des prix le jour de la comp\u00e9tition.<\/div>\n<\/div>\n<div><\/div>\n<div>Cette comp\u00e9tition fait partie des comp\u00e9titons qualificatives de la phase ranking de la <a href=\"https:\/\/www.somabay-world-cup.com\/mon-pass-ranking\" target=\"_blank\" rel=\"noopener\">Somabay World Cup<\/a>.<\/div>\n<div><\/div>\n<div><a href=\"https:\/\/docs.google.com\/forms\/d\/e\/1FAIpQLSfbqLt-TaHA9MMQXpIKQrZr1fpwytEgO_IOFlhBZZtRA_gFjg\/viewform?usp=publish-editor\" target=\"_blank\" rel=\"noopener\"><span style=\"color: #008000;\">Formulaire d&rsquo;annulation<\/span><\/a><\/div>\n<div>\n<p><a href=\"https:\/\/docs.google.com\/spreadsheets\/d\/e\/2PACX-1vQuaEY8yTdfjzm1FlMRDj4XD-qvpNxvUodA3qDyTiY5YQzk6TZfY4BzTK6LqOC8DmSSpr7PDG5CZ4S9\/pubhtml\" target=\"_blank\" rel=\"noopener\"><span style=\"color: #008000;\">Liste des annulations<\/span><\/a><\/p>\n<\/div>\n<div>\n<p><a href=\"https:\/\/drive.google.com\/drive\/u\/0\/folders\/1Hu_jHbIjTv9XrrnZsChm4qBJK75YtsGj\" target=\"_blank\" rel=\"noopener\"><span style=\"color: #008000;\">Liste des inscriptions<\/span><\/a> (Mise \u00e0 jour toutes les 24H)<\/p>\n<div>Le<a href=\"https:\/\/asgolfdepessac.com\/wp-content\/uploads\/2025\/03\/ReglementCompetition-ASGP-2025-A.pdf\" target=\"_blank\" rel=\"noopener\">\u00a0<strong><span style=\"color: #008000;\">r\u00e8glement<\/span><\/strong>\u00a0<\/a>des comp\u00e9titions organis\u00e9es par l\u2019AS PESSAC est applicable<\/div>\n<\/div>\n<div><\/div>\n<div><strong><span style=\"color: #000080;\"><a style=\"color: #000080;\" href=\"https:\/\/asgolfdepessac.com\/index.php\/activites\/informations-competition\/\" target=\"_blank\" rel=\"noopener\">TOUTES LES INFORMATIONS CONCERNANT LES COMPETITIONS<\/a><\/span><\/strong><\/div>\n<div>\n<div>\n<div><\/div>\n<div><strong>Pour visualiser vos commandes actuelles et pass\u00e9es voir <span style=\"color: #800080;\"><a style=\"color: #800080;\" href=\"https:\/\/asgolfdepessac-b.fr\/index.php\/mon-compte\/\" target=\"_blank\" rel=\"noopener\">MON COMPTE<\/a> <\/span>et COMMANDES.<\/strong><\/div>\n<\/div>\n<\/div>\n<p>&nbsp;<\/p>\n","protected":false},"featured_media":50511,"comment_status":"open","ping_status":"closed","template":"","meta":[],"product_brand":[],"product_cat":[81],"product_tag":[],"class_list":{"0":"post-50438","1":"product","2":"type-product","3":"status-publish","4":"has-post-thumbnail","6":"product_cat-coupedames","7":"wcpa_has_options","9":"first","10":"instock","11":"sold-individually","12":"shipping-taxable","13":"purchasable","14":"product-type-simple"},"wcpa_form_fields":{"wcpaData":{"product":{"product_price":0,"price_html":"<span class=\"woocommerce-Price-amount amount\"><bdi>0,00<span class=\"woocommerce-Price-currencySymbol\">&euro;<\/span><\/bdi><\/span>","original_product_price":0,"price_including_tax":0,"price_excluding_tax":0,"product_id":{"parent":50438,"variation":false},"is_variable":false,"stock_status":"instock","stock_quantity":12,"parent_sku":"","product_attributes":[],"custom_fields":[],"is_taxable":false,"product_name":"Coupe des Dames T2 2026 SWC","hasImage":false},"fields":{"sec_265cc74459168e":{"extra":{"key":"sec_265cc74459168e","section_id":"sec_265cc74459168e","name":"Default","status":1,"cl_rule":"show","enableCl":false,"relations":[],"toggle":true,"title_tag":"h3","show_title":false,"showPrice":"default","form_id":29896,"form_rules":{"exclude_from_discount":false,"fee_label":"Fee","disp_hide_options_price":false,"disp_show_section_price":false,"disp_show_field_price":true,"layout_option":"standard","pric_use_as_fee":false,"process_fee_as":"woo_fee"},"layout_option":"standard"},"fields":[[{"type":"text","required":true,"elementId":"wcpa-text-605b9f40ceb13","label":"NOM PRENOM","pricingType":"fixed","className":"","name":"text-605b9f40ceb24","subtype":"text","cl_rule":"show","col":6,"relations":false,"active":true,"tooltip":"","error":false,"gt_translate_keys":["label","tooltip"],"price_dependency":false,"cl_dependency":["wcpa-paragraph-605b9f40cebc7"],"value":""}],[{"type":"checkbox-group","required":true,"elementId":"wcpa-checkbox-group-605b9f40ceb35","label":"INSCRIPTION","priceOptions":"different_for_all","pricingType":"fixed","name":"checkbox-group-605b9f40ceb45","other_text":"Other","cl_rule":"show","col":6,"values":[{"label":"VALIDEE","value":"I","price":"","pimage":"","pimage_id":"","pthumb":"","selected":true,"tempId":"aco_65","gt_translate_keys":["label"]}],"relations":false,"active":true,"tooltip":"","layOut":"","checkUi":"","error":false,"gt_translate_keys":["label","tooltip"],"price_dependency":false,"cl_dependency":false,"value":""}],[{"type":"number","required":true,"elementId":"wcpa-number-605b9f40ceb54","label":"N LICENCE","pricingType":"fixed","min":"000000000","max":"999999999","className":"","name":"number-605b9f40ceb61","cl_rule":"show","col":6,"relations":false,"active":true,"tooltip":"","error":false,"gt_translate_keys":["label","tooltip"],"price_dependency":false,"cl_dependency":false,"value":""}],[{"type":"radio-group","required":true,"elementId":"wcpa-radio-group-605b9f40ceb70","label":"CATEGORIE","description":"Adherent AS Golf de Pessac?","inline":true,"priceOptions":"different_for_all","pricingType":"fixed","name":"radio-group-605b9f40ceb7f","other_text":"Other","cl_rule":"show","cl_val":"AS","operator":"and","col":6,"values":[{"label":"AS","value":"AS","price":"","pimage":"","pimage_id":"","pthumb":"","gt_translate_keys":["label"]},{"label":"NON AS","value":"NONAS","price":"","pimage":"","pimage_id":"","pthumb":"","gt_translate_keys":["label"]}],"relations":[{"operator":"and","rules":[{"operator":false,"rules":{"cl_field":"wcpa-radio-group-605b9f40ceb70","cl_relation":"is","cl_val":"AS"}}]},{"operator":false,"rules":[]}],"active":true,"tooltip":"","layOut":"inline","gt_translate_keys":["label","description","tooltip"],"price_dependency":false,"cl_dependency":["wcpa-radio-group-605b9f40ceb8d","wcpa-radio-group-605b9f40cebaa","wcpa-paragraph-605b9f40cebc7"],"value":""}],[{"type":"radio-group","required":true,"elementId":"wcpa-radio-group-605b9f40ceb8d","label":"AS","description":"Champ pour inscription adh\u00e9rent As golf de  Pessac","inline":true,"enablePrice":true,"priceOptions":"different_for_all","pricingType":"fixed","name":"radio-group-605b9f40ceb9c","other_text":"Other","enableCl":true,"cl_rule":"show","cl_val":"AS","col":6,"values":[{"label":"Adulte","value":"adulteas","price":"10","pimage":"","pimage_id":"","pthumb":"","tempId":"aco_162","gt_translate_keys":["label"]},{"label":"Jeune","value":"Jeuneas","price":"0","pimage":"","pimage_id":"","pthumb":"","tempId":"aco_164","gt_translate_keys":["label"]}],"relations":[{"operator":false,"rules":[{"operator":false,"rules":{"cl_field":"wcpa-radio-group-605b9f40ceb70","cl_relation":"is","cl_val":"AS"}}]}],"price":0,"active":true,"tooltip":"","layOut":"inline","checkUi":"","error":false,"gt_translate_keys":["label","description","tooltip"],"price_dependency":false,"cl_dependency":false,"value":""}],[{"type":"radio-group","required":true,"elementId":"wcpa-radio-group-605b9f40cebaa","label":"NON AS","description":"Champ pour inscription non adh\u00e9rent  AS Gof de Pessac","inline":true,"enablePrice":true,"priceOptions":"different_for_all","pricingType":"fixed","name":"radio-group-605b9f40cebb8","other_text":"Other","enableCl":true,"cl_rule":"show","cl_val":"NONAS","col":6,"values":[{"label":"Adulte","value":"adultenas","price":"15","pimage":"","pimage_id":"","pthumb":"","tempId":"aco_194","gt_translate_keys":["label"]},{"label":"Jeune","value":"Jeunenas","price":"5","pimage":"","pimage_id":"","pthumb":"","tempId":"aco_196","gt_translate_keys":["label"]}],"relations":[{"operator":false,"rules":[{"operator":false,"rules":{"cl_field":"wcpa-radio-group-605b9f40ceb70","cl_relation":"is","cl_val":"NONAS"}}]}],"price":0,"active":true,"tooltip":"","layOut":"inline","checkUi":"","error":false,"gt_translate_keys":["label","description","tooltip"],"price_dependency":false,"cl_dependency":false,"value":""}],[{"type":"number","required":true,"elementId":"wcpa-number-1620075658049","label":"INDEX","pricingType":"fixed","name":"number-1620075658048","cl_rule":"show","col":6,"relations":false,"active":true,"tooltip":"","gt_translate_keys":["label","tooltip"],"price_dependency":false,"cl_dependency":false,"value":""}],[{"type":"content","subtype":"div","label":"","elementId":"wcpa-paragraph-605b9f40cebc7","pricingType":"fixed","enableCl":true,"cl_rule":"show","cl_val":"RICHER JEAN","operator":"and","col":6,"relations":[{"operator":false,"rules":[{"operator":"and","rules":{"cl_field":"wcpa-radio-group-605b9f40ceb70","cl_relation":"is","cl_val":"NONAS"}},{"operator":false,"rules":{"cl_field":"wcpa-text-605b9f40ceb13","cl_relation":"contains","cl_val":"RICHER JEAN"}}]}],"active":true,"tooltip":"","value":"Vous n '\u00eates pas adh\u00e9rent \u00e0 l'Association Sportive de Pessac.  Vous pourrez vous inscrire 10  jours avant la comp\u00e9tition en fonction des places disponibles. Vous pouvez aussi adh\u00e9rer \u00e0 l'Association Sportive www.asgolfdepessac.fr\/adhesion\n","name":"wcpa-paragraph-605b9f40cebc7","contentType":"plain","gt_translate_keys":["label","value","tooltip"],"price_dependency":false,"cl_dependency":false}],[{"type":"radio-group","elementId":"wcpa-radio-group-605b9f40cebd5","label":"REPERE","description":"Je choisi un rep\u00e8re diff\u00e9rent de celui de ma s\u00e9rie","inline":true,"priceOptions":"different_for_all","pricingType":"fixed","name":"radio-group-605b9f40cebe4","other_text":"Other","cl_rule":"show","col":6,"values":[{"label":"BLEU","value":"BLEU","price":"","pimage":"","pimage_id":"","pthumb":"","gt_translate_keys":["label"]},{"label":"ROUGE","value":"ROUGE","price":"","pimage":"","pimage_id":"","pthumb":"","gt_translate_keys":["label"]},{"label":"VIOLET","value":"VIOLET","price":"","pimage":"","pimage_id":"","pthumb":"","gt_translate_keys":["label"]}],"relations":false,"active":true,"tooltip":"","layOut":"inline","gt_translate_keys":["label","description","tooltip"],"price_dependency":false,"cl_dependency":false,"value":""}],[{"type":"checkbox-group","required":true,"elementId":"wcpa-checkbox-group-605b9f40cebf3","label":"CERTIFICAT MEDICAL","description":"M'autorisant \u00e0 faire des comp\u00e9titions enregistr\u00e9 ou j'ai r\u00e9pondu au questionnaire de sant\u00e9","priceOptions":"different_for_all","pricingType":"fixed","name":"checkbox-group-605b9f40cec03","other_text":"Other","cl_rule":"show","col":6,"values":[{"label":"OUI","value":"OUI","price":"","pimage":"","pimage_id":"","pthumb":"","gt_translate_keys":["label"]}],"relations":false,"active":true,"tooltip":"","layOut":"","gt_translate_keys":["label","description","tooltip"],"price_dependency":false,"cl_dependency":false,"value":""}],[{"type":"checkbox-group","required":true,"elementId":"wcpa-checkbox-group-605b9f40cec12","label":"ACCORD","description":"J'accepte toutes les conditions de d\u00e9roulement de cette manifestation","priceOptions":"different_for_all","pricingType":"fixed","name":"checkbox-group-605b9f40cec21","other_text":"Other","cl_rule":"show","col":6,"values":[{"label":"OUI","value":"OUI","price":"","pimage":"","pimage_id":"","pthumb":"","gt_translate_keys":["label"]}],"relations":false,"active":true,"tooltip":"","layOut":"","gt_translate_keys":["label","description","tooltip"],"price_dependency":false,"cl_dependency":false,"value":""}],[{"type":"textarea","elementId":"wcpa-textarea-605b9f40cec30","label":"Note du joueur","description":"Les demandes concernant l'heure du d\u00e9part ne sont pas prises en compte","pricingType":"fixed","name":"textarea-605b9f40cec3e","cl_rule":"show","col":6,"relations":false,"active":true,"tooltip":"","error":false,"gt_translate_keys":["label","description","tooltip"],"price_dependency":false,"cl_dependency":false,"value":""}]]}},"config":{"price_override":"","enable_recaptcha":false,"bind_quantity":false,"quantity_bind_formula":false,"disp_summ_show_option_price":true,"disp_summ_show_product_price":true,"disp_summ_show_total_price":true,"disp_summ_show_fee":false,"disp_summ_show_discount":false,"summary_title":"","options_total_label":"Options Price","total_label":"Total","options_product_label":"Product Price","fee_label":"Fee","discount_label":"Discount","has_price":true,"has_quantity_formula":false},"mc_unit":1,"tax_rate":1,"tax_rate_real":1,"discount":{"percentage":0,"fixed":0},"design":{"conf":{"LabelPosition":"above","DescPosition":"above","UploadField":"custom_1","QuantityFieldStyle":"default"},"css":{"LeftLabelWidth":"120px"}},"formulas":[],"lookuptables":[],"clones":false,"cartKey":false}},"_links":{"self":[{"href":"https:\/\/asgolfdepessac-b.fr\/index.php\/wp-json\/wp\/v2\/product\/50438","targetHints":{"allow":["GET"]}}],"collection":[{"href":"https:\/\/asgolfdepessac-b.fr\/index.php\/wp-json\/wp\/v2\/product"}],"about":[{"href":"https:\/\/asgolfdepessac-b.fr\/index.php\/wp-json\/wp\/v2\/types\/product"}],"replies":[{"embeddable":true,"href":"https:\/\/asgolfdepessac-b.fr\/index.php\/wp-json\/wp\/v2\/comments?post=50438"}],"wp:featuredmedia":[{"embeddable":true,"href":"https:\/\/asgolfdepessac-b.fr\/index.php\/wp-json\/wp\/v2\/media\/50511"}],"wp:attachment":[{"href":"https:\/\/asgolfdepessac-b.fr\/index.php\/wp-json\/wp\/v2\/media?parent=50438"}],"wp:term":[{"taxonomy":"product_brand","embeddable":true,"href":"https:\/\/asgolfdepessac-b.fr\/index.php\/wp-json\/wp\/v2\/product_brand?post=50438"},{"taxonomy":"product_cat","embeddable":true,"href":"https:\/\/asgolfdepessac-b.fr\/index.php\/wp-json\/wp\/v2\/product_cat?post=50438"},{"taxonomy":"product_tag","embeddable":true,"href":"https:\/\/asgolfdepessac-b.fr\/index.php\/wp-json\/wp\/v2\/product_tag?post=50438"}],"curies":[{"name":"wp","href":"https:\/\/api.w.org\/{rel}","templated":true}]}}