{"id":49944,"date":"2026-01-11T09:45:34","date_gmt":"2026-01-11T08:45:34","guid":{"rendered":"https:\/\/asgolfdepessac-b.fr\/?post_type=product&#038;p=49944"},"modified":"2026-03-21T18:05:24","modified_gmt":"2026-03-21T17:05:24","slug":"coupe-du-printemps-2026-espaces-atypiques","status":"publish","type":"product","link":"https:\/\/asgolfdepessac-b.fr\/index.php\/produit\/coupe-du-printemps-2026-espaces-atypiques\/","title":{"rendered":"Coupe du Printemps 2026 Espaces Atypiques"},"content":{"rendered":"","protected":false},"excerpt":{"rendered":"<p>Date : dimanche 22 Mars 2026<\/p>\n<p><span style=\"color: #000000;\"><b style=\"color: #000000;\">Les <\/b><b>adh\u00e9rents<\/b><b style=\"color: #000000;\"> de l&rsquo;AS sont prioritaires<\/b><\/span><\/p>\n<p><a href=\"https:\/\/asgolfdepessac.com\/index.php\/activites\/informations-competition\/\" target=\"_blank\" rel=\"noopener\">INFORMATIONS CONCERNANT LES COMPETITIONS<\/a><\/p>\n<p>Formule : Scramble \u00e0 2 stableford\u00a0 &#8211; Index sup\u00e9rieur \u00e0 36 ramen\u00e9 \u00e0 36<\/p>\n<div>D\u00e9part : 9h en Shotgun &#8211; Terrain 18T Blanc Bleu<\/div>\n<div>\n<div>\n<p><strong>Rep\u00e8res jaunes pour les hommes\u00a0 &#8211;\u00a0<\/strong><strong>Rep\u00e8res rouges pour les dames<\/strong><\/p>\n<\/div>\n<\/div>\n<div>50 \u00e9quipes maximum &#8211;<span style=\"color: #008000;\"><strong> Cadeau de d\u00e9part<\/strong><\/span><\/div>\n<div>Cl\u00f4ture des inscriptions le jeudi 19\/03\/2026 \u00e0 18h00.<\/div>\n<div><\/div>\n<div>Cette comp\u00e9tition sera suivie d&rsquo;un repas (25\u20ac) non obligatoire au cours duquel la remise des prix sera faite.<\/div>\n<div>\n<div><em>&#8211; Lots aux vainqueurs en BRUT et NET, meilleure \u00e9quipe dames (NET) et meilleure \u00e9quipe mixte (NET).<\/em><\/div>\n<div><em>&#8211; Tirages au sort pour les \u00e9quipes et 1 lot au tirage au sort individuel.<\/em><\/div>\n<\/div>\n<div>\n<h3><strong><em><span style=\"color: #008000;\">\u00a0MENU<\/span><\/em><span style=\"color: #008000;\">\u00a0<\/span><\/strong><\/h3>\n<p>&#8211; \u0152ufs mimosas , chips de serrano<\/p>\n<p>&#8211; Filet mignon de porc lard\u00e9, cr\u00e9meux de patate douce, jus cors\u00e9<\/p>\n<p>&#8211; Cr\u00eape caramel beurre sal\u00e9, chantilly noisettes<\/p>\n<p><strong><em>Vins, caf\u00e9<\/em><\/strong><\/p>\n<p>&#8212;&#8212;&#8212;&#8212;&#8212;&#8212;&#8212;&#8212;&#8212;&#8212;&#8211;<\/p>\n<\/div>\n<div>Cat\u00e9gories droit de Jeu\u00a0 : Adulte : n\u00e9 avant 2008,\u00a0 Jeune : n\u00e9 \u00e0 partir de 2008 inclus<\/div>\n<div><\/div>\n<div>Le formulaire d\u2019inscription en \u00e9quipe est \u00e0 la suite,<\/div>\n<div><strong> si vous \u00eates seul, inscrivez vous individuellement ici &#8211; Complet<\/strong><\/div>\n<div><\/div>\n<div><strong><span style=\"color: #ff6600;\">ANNULATION<\/span><\/strong><\/div>\n<div>\n<p><strong><span style=\"color: #ff6600;\">LISTE DES ANNULATIONS<\/span><em>\u00a0 \u00a0 \u00a0 \u00a0 \u00a0 \u00a0 \u00a0\u00a0<\/em><\/strong><\/p>\n<h4><a href=\"https:\/\/drive.google.com\/drive\/u\/1\/folders\/1Hu_jHbIjTv9XrrnZsChm4qBJK75YtsGj\">LISTES DES INSCRIPTIONS<\/a> (Mise \u00e0 jour toutes les 2H)<\/h4>\n<\/div>\n<div>Le<a href=\"https:\/\/asgolfdepessac.com\/wp-content\/uploads\/2025\/03\/ReglementCompetition-ASGP-2025-A.pdf\" target=\"_blank\" rel=\"noopener\">\u00a0r\u00e8glement\u00a0<\/a>des comp\u00e9titions organis\u00e9es par l\u2019AS PESSAC est applicable<\/div>\n<div>\n<div>\n<p><strong>Pour visualiser vos commandes actuelles \u00a0et pass\u00e9es voir <a href=\"https:\/\/asgolfdepessac-b.fr\/index.php\/mon-compte\/\" target=\"_blank\" rel=\"noopener\">MON COMPTE<\/a> et COMMANDES<\/strong><\/p>\n<\/div>\n<\/div>\n","protected":false},"featured_media":0,"comment_status":"open","ping_status":"closed","template":"","meta":[],"product_brand":[],"product_cat":[208],"product_tag":[],"class_list":{"0":"post-49944","1":"product","2":"type-product","3":"status-publish","5":"product_cat-duo-e-2025","6":"wcpa_has_options","8":"first","9":"outofstock","10":"featured","11":"sold-individually","12":"shipping-taxable","13":"purchasable","14":"product-type-simple"},"wcpa_form_fields":{"wcpaData":{"product":{"product_price":0,"price_html":"<span class=\"woocommerce-Price-amount amount\"><bdi>0,00<span class=\"woocommerce-Price-currencySymbol\">&euro;<\/span><\/bdi><\/span>","original_product_price":0,"price_including_tax":0,"price_excluding_tax":0,"product_id":{"parent":49944,"variation":false},"is_variable":false,"stock_status":"outofstock","stock_quantity":0,"parent_sku":"","product_attributes":[],"custom_fields":[],"is_taxable":false,"product_name":"Coupe du Printemps 2026 Espaces Atypiques","hasImage":false},"fields":{"sec_16726656ce4861":{"extra":{"key":"sec_16726656ce4861","section_id":"sec_16726656ce4861","name":"Default","status":1,"cl_rule":"show","enableCl":false,"relations":[],"toggle":true,"title_tag":"h3","show_title":false,"showPrice":"default","form_id":45189,"form_rules":{"exclude_from_discount":false,"fee_label":"Fee","disp_hide_options_price":false,"disp_show_section_price":false,"disp_show_field_price":true,"layout_option":"standard","pric_use_as_fee":false,"process_fee_as":"woo_fee"},"layout_option":"standard"},"fields":[[{"type":"text","required":true,"elementId":"text_76726656ce488f","label":"JOUEUR 1 NOM PRENOM","pricingType":"fixed","name":"text_76726656ce488f","subtype":"text","cl_rule":"show","col":6,"relations":false,"active":true,"tooltip":"","gt_translate_keys":["label","tooltip"],"price_dependency":false,"cl_dependency":false,"value":""}],[{"type":"number","required":true,"elementId":"number_86726656ce4898","label":"JOUEUR 1 N LICENCE","pricingType":"fixed","min":"000000000","max":"999999999","name":"number_86726656ce4898","cl_rule":"show","col":6,"relations":false,"active":true,"tooltip":"","gt_translate_keys":["label","tooltip"],"price_dependency":false,"cl_dependency":false,"value":""}],[{"type":"radio-group","required":true,"elementId":"radio-group_46726656ce48a1","label":"JOUEUR 1 CATEGORIE","description":"Adherent AS Golf de Pessac?","inline":true,"priceOptions":"different_for_all","pricingType":"fixed","name":"radio-group_46726656ce48a1","other_text":"Other","cl_rule":"show","cl_val":"AS","operator":"and","col":6,"values":[{"label":"AS Pessac","value":"AS","price":"","pimage":"","pimage_id":"","pthumb":"","tempId":"aco_20","gt_translate_keys":["label"]},{"label":"NON AS Pessac","value":"NONAS","price":"","pimage":"","pimage_id":"","pthumb":"","tempId":"aco_21","gt_translate_keys":["label"]}],"relations":[{"operator":"and","rules":[{"operator":false,"rules":{"cl_field":"radio-group_46726656ce48a1","cl_relation":"is","cl_val":"AS"}}]},{"operator":false,"rules":[]}],"active":true,"tooltip":"","layOut":"inline","checkUi":"","error":false,"gt_translate_keys":["label","description","tooltip"],"price_dependency":false,"cl_dependency":["radio-group_66726656ce48aa","radio-group_36726656ce48b3","checkbox-group_36726656ce4885","checkbox-group-6195860881"],"value":""}],[{"type":"radio-group","required":true,"elementId":"radio-group_66726656ce48aa","label":"INSCRIPTION AS J1","description":"Champ pour inscription adh\u00e9rent As golf de  Pessac","inline":true,"enablePrice":true,"priceOptions":"different_for_all","pricingType":"fixed","name":"radio-group_66726656ce48aa","other_text":"Other","enableCl":true,"cl_rule":"show","cl_val":"AS","col":6,"values":[{"label":"Adulte","value":"adulteas","price":"10","pimage":"","pimage_id":"","pthumb":"","tempId":"aco_21","gt_translate_keys":["label"]},{"label":"Jeune","value":"Jeuneas","price":"0","pimage":"","pimage_id":"","pthumb":"","tempId":"aco_23","gt_translate_keys":["label"]}],"relations":[{"operator":false,"rules":[{"operator":false,"rules":{"cl_field":"radio-group_46726656ce48a1","cl_relation":"is","cl_val":"AS"}}]}],"price":0,"active":true,"tooltip":"","layOut":"inline","checkUi":"","error":false,"gt_translate_keys":["label","description","tooltip"],"price_dependency":false,"cl_dependency":false,"value":""}],[{"type":"radio-group","required":true,"elementId":"radio-group_36726656ce48b3","label":"INSCRIPTION NON AS J1","description":"Champ pour inscription non adh\u00e9rent  AS Golf de Pessac","inline":true,"enablePrice":true,"priceOptions":"different_for_all","pricingType":"fixed","name":"radio-group_36726656ce48b3","other_text":"Other","enableCl":true,"cl_rule":"show","cl_val":"NONAS","col":6,"values":[{"label":"Adulte","value":"adultenas","price":"20","pimage":"","pimage_id":"","pthumb":"","tempId":"aco_53","gt_translate_keys":["label"]},{"label":"Jeune","value":"Jeunenas","price":"15","pimage":"","pimage_id":"","pthumb":"","tempId":"aco_55","gt_translate_keys":["label"]}],"relations":[{"operator":false,"rules":[{"operator":false,"rules":{"cl_field":"radio-group_46726656ce48a1","cl_relation":"is","cl_val":"NONAS"}}]}],"price":0,"active":true,"tooltip":"","layOut":"inline","checkUi":"","error":false,"isWeightTemplate":false,"isTemplate":false,"min_quantity":"1","quantity_decimal":false,"quantity_step":"1","quantity_label":"Quantity","repeater_field_label":"{field_label}","repeater_bind":"","gt_translate_keys":["label","description","tooltip","repeater_field_label","quantity_label"],"price_dependency":false,"cl_dependency":false,"value":""}],[{"type":"radio-group","required":true,"elementId":"radio-group_96726656ce48bb","label":"REPAS J1","description":"Non obligatoire","enablePrice":true,"priceOptions":"different_for_all","pricingType":"fixed","name":"radio-group_96726656ce48bb","other_text":"Other","cl_rule":"show","col":6,"values":[{"label":"OUI","value":"O","price":"25","pimage":"","pimage_id":"","pthumb":"","tempId":"aco_20","gt_translate_keys":["label"]},{"label":"NON","value":"N","price":"0","pimage":"","pimage_id":"","pthumb":"","tempId":"aco_21","gt_translate_keys":["label"]}],"relations":false,"price":0,"active":true,"tooltip":"","layOut":"","checkUi":"","error":false,"gt_translate_keys":["label","description","tooltip"],"price_dependency":false,"cl_dependency":false,"value":""}],[{"type":"text","required":true,"elementId":"text_106726656ce48c3","label":"JOUEUR 2 NOM PRENOM","pricingType":"fixed","name":"text_106726656ce48c3","subtype":"text","cl_rule":"show","col":6,"relations":false,"active":true,"tooltip":"","gt_translate_keys":["label","tooltip"],"price_dependency":false,"cl_dependency":false,"value":""}],[{"type":"number","required":true,"elementId":"number_56726656ce48cb","label":"JOUEUR 2 N LICENCE","pricingType":"fixed","min":"000000000","max":"999999999","name":"number_56726656ce48cb","cl_rule":"show","col":6,"relations":false,"active":true,"tooltip":"","gt_translate_keys":["label","tooltip"],"price_dependency":false,"cl_dependency":false,"value":""}],[{"type":"radio-group","required":true,"elementId":"radio-group_46726656ce48d3","label":"JOUEUR 2 CATEGORIE","description":"Adherent AS Golf de Pessac?","inline":true,"priceOptions":"different_for_all","pricingType":"fixed","name":"radio-group_46726656ce48d3","other_text":"Other","cl_rule":"show","cl_val":"AS","operator":"and","col":6,"values":[{"label":"AS2 Pessac","value":"AS2","price":"","pimage":"","pimage_id":"","pthumb":"","tempId":"aco_19","selected":false,"gt_translate_keys":["label"]},{"label":"NON AS2 Pessac","value":"NONAS2","price":"","pimage":"","pimage_id":"","pthumb":"","tempId":"aco_20","selected":false,"gt_translate_keys":["label"]}],"relations":[{"operator":"and","rules":[{"operator":false,"rules":{"cl_field":"radio-group_46726656ce48a1","cl_relation":"is","cl_val":"AS"}}]},{"operator":false,"rules":[]}],"active":true,"tooltip":"","layOut":"inline","checkUi":"","error":false,"gt_translate_keys":["label","description","tooltip"],"price_dependency":false,"cl_dependency":["radio-group_46726656ce48dc","radio-group_76726656ce48e4","checkbox-group_36726656ce4885","checkbox-group-6195860881"],"value":""}],[{"type":"radio-group","required":true,"elementId":"radio-group_46726656ce48dc","label":"INSCRIPTION AS J2","description":"Champ pour inscription adh\u00e9rent As golf de  Pessac","inline":true,"enablePrice":true,"priceOptions":"different_for_all","pricingType":"fixed","name":"radio-group_46726656ce48dc","other_text":"Other","enableCl":true,"cl_rule":"show","cl_val":"AS2","col":6,"values":[{"label":"Adulte","value":"adulteas","price":"10","pimage":"","pimage_id":"","pthumb":"","tempId":"aco_85","gt_translate_keys":["label"]},{"label":"Jeune","value":"Jeuneas","price":"0","pimage":"","pimage_id":"","pthumb":"","tempId":"aco_87","gt_translate_keys":["label"]}],"relations":[{"operator":false,"rules":[{"operator":false,"rules":{"cl_field":"radio-group_46726656ce48d3","cl_relation":"is","cl_val":"AS2"}}]}],"price":0,"active":true,"tooltip":"","layOut":"inline","checkUi":"","error":false,"gt_translate_keys":["label","description","tooltip"],"price_dependency":false,"cl_dependency":false,"value":""}],[{"type":"radio-group","required":true,"elementId":"radio-group_76726656ce48e4","label":"INSCRIPTION NON AS J2","description":"Champ pour inscription non adh\u00e9rent  AS Gof de Pessac","inline":true,"enablePrice":true,"priceOptions":"different_for_all","pricingType":"fixed","name":"radio-group_76726656ce48e4","other_text":"Other","enableCl":true,"cl_rule":"show","cl_val":"NONAS2","col":6,"values":[{"label":"Adulte","value":"adultenas","price":"20","pimage":"","pimage_id":"","pthumb":"","tempId":"aco_117","gt_translate_keys":["label"]},{"label":"Jeune","value":"Jeunenas","price":"15","pimage":"","pimage_id":"","pthumb":"","tempId":"aco_119","gt_translate_keys":["label"]}],"relations":[{"operator":false,"rules":[{"operator":false,"rules":{"cl_field":"radio-group_46726656ce48d3","cl_relation":"is","cl_val":"NONAS2"}}]}],"price":0,"active":true,"tooltip":"","layOut":"inline","checkUi":"","error":false,"isWeightTemplate":false,"isTemplate":false,"min_quantity":"1","quantity_decimal":false,"quantity_step":"1","quantity_label":"Quantity","repeater_field_label":"{field_label}","repeater_bind":"","gt_translate_keys":["label","description","tooltip","repeater_field_label","quantity_label"],"price_dependency":false,"cl_dependency":false,"value":""}],[{"type":"radio-group","required":true,"elementId":"radio-group_106726656ce48ed","label":"REPAS J2","description":"Non obligatoire","enablePrice":true,"priceOptions":"different_for_all","pricingType":"fixed","name":"radio-group_106726656ce48ed","other_text":"Other","cl_rule":"show","col":6,"values":[{"label":"OUI","value":"O","price":"25","pimage":"","pimage_id":"","pthumb":"","tempId":"aco_59","gt_translate_keys":["label"]},{"label":"NON","value":"N","price":"0","pimage":"","pimage_id":"","pthumb":"","tempId":"aco_60","gt_translate_keys":["label"]}],"relations":false,"price":0,"active":true,"tooltip":"","layOut":"","checkUi":"","error":false,"gt_translate_keys":["label","description","tooltip"],"price_dependency":false,"cl_dependency":false,"value":""}],[{"type":"checkbox-group","required":true,"elementId":"checkbox-group_36726656ce4885","label":"INSCRIPTION","priceOptions":"different_for_all","pricingType":"fixed","name":"checkbox-group_36726656ce4885","other_text":"Other","cl_rule":"show","col":6,"values":[{"label":"VALIDEE","value":"V","price":"","pimage":"","pimage_id":"","pthumb":"","selected":true,"tempId":"aco_19","gt_translate_keys":["label"]}],"relations":[{"operator":"or","rules":[{"operator":"AND","rules":{"cl_field":"radio-group_46726656ce48a1","cl_relation":"is","cl_val":"AS"}}]},{"operator":false,"rules":[{"operator":"AND","rules":{"cl_field":"radio-group_46726656ce48d3","cl_relation":"is","cl_val":"AS2"}}]}],"active":true,"tooltip":"","layOut":"","checkUi":"","error":false,"enableCl":true,"isWeightTemplate":false,"isTemplate":false,"min_quantity":"1","quantity_decimal":false,"quantity_step":"1","quantity_label":"Quantity","repeater_field_label":"{field_label}","repeater_bind":"","gt_translate_keys":["label","tooltip","repeater_field_label","quantity_label"],"price_dependency":false,"cl_dependency":false,"value":""}],[{"label":"INSCRIPTION","active":true,"required":true,"elementId":"checkbox-group-6195860881","tooltip":"","name":"checkbox-group-6195860881","enableCl":true,"relations":[{"operator":"and","rules":[{"operator":"AND","rules":{"cl_field":"radio-group_46726656ce48a1","cl_relation":"is","cl_val":"NONAS"}}]},{"operator":false,"rules":[{"operator":"AND","rules":{"cl_field":"radio-group_46726656ce48d3","cl_relation":"is","cl_val":"NONAS2"}}]}],"checkUi":"","layOut":"","other_text":"Other","values":[{"label":"NON PRIORITAIRE","value":"NP","price":"","pimage":"","pimage_id":"","pthumb":"","selected":true,"tempId":"aco_19","options_cl":false,"relations":[{"operator":false,"rules":[{"operator":"AND","rules":{"cl_field":"","cl_relation":"","cl_val":""}}]}],"cl_rule":"show","gt_translate_keys":["label"]}],"priceOptions":"different_for_all","pricingType":"fixed","cl_rule":"show","col":6,"type":"checkbox-group","error":false,"description":"Aucun joueur n'est membre de l'AS","isWeightTemplate":false,"isTemplate":false,"min_quantity":"1","quantity_decimal":false,"quantity_step":"1","quantity_label":"Quantity","repeater_field_label":"{field_label}","repeater_bind":"","gt_translate_keys":["label","description","tooltip","repeater_field_label","quantity_label"],"price_dependency":false,"cl_dependency":false,"value":""}],[{"label":"CERTIFICAT MEDICAL AUTORISANT A FAIRE DES COMPETITIONS","active":true,"required":true,"elementId":"checkbox-group_46726656ce48ff","description":"Ou r\u00e9pondre au questionnaire de sant\u00e9","tooltip":"","name":"checkbox-group_46726656ce48ff","relations":false,"checkUi":"","layOut":"","other_text":"Other","values":[{"label":"Je certifie que tous les joueurs de l\u2019\u00e9quipe l'ont enregistr\u00e9","value":"OUI","price":"","pimage":"","pimage_id":"","pthumb":"","gt_translate_keys":["label"]}],"priceOptions":"different_for_all","pricingType":"fixed","cl_rule":"show","col":6,"type":"checkbox-group","gt_translate_keys":["label","description","tooltip"],"price_dependency":false,"cl_dependency":false,"value":""}],[{"label":"ACCORD","active":true,"required":true,"elementId":"checkbox-group-9380810621","description":"J'accepte toutes les conditions de d\u00e9roulement de cette manifestation","tooltip":"","name":"checkbox-group-9380810621","relations":false,"checkUi":"","layOut":"","other_text":"Other","values":[{"label":"OUI","value":"O","price":"","pimage":"","pimage_id":"","pthumb":"","tempId":"aco_111","gt_translate_keys":["label"]}],"priceOptions":"different_for_all","pricingType":"fixed","cl_rule":"show","col":6,"type":"checkbox-group","error":false,"gt_translate_keys":["label","description","tooltip"],"price_dependency":false,"cl_dependency":false,"value":""}],[{"type":"textarea","elementId":"textarea_76726656ce4907","label":"Note du joueur","pricingType":"fixed","name":"textarea_76726656ce4907","cl_rule":"show","col":6,"relations":false,"active":true,"tooltip":"","error":false,"gt_translate_keys":["label","tooltip"],"price_dependency":false,"cl_dependency":false,"value":""}]]}},"config":{"price_override":"","enable_recaptcha":false,"bind_quantity":false,"quantity_bind_formula":false,"disp_summ_show_option_price":true,"disp_summ_show_product_price":true,"disp_summ_show_total_price":true,"disp_summ_show_fee":false,"disp_summ_show_discount":false,"summary_title":"","options_total_label":"Options Price","total_label":"Total","options_product_label":"Product Price","fee_label":"Fee","discount_label":"Discount","has_price":true,"has_quantity_formula":false},"mc_unit":1,"tax_rate":1,"tax_rate_real":1,"discount":{"percentage":0,"fixed":0},"design":{"conf":{"LabelPosition":"above","DescPosition":"above","UploadField":"custom_1","QuantityFieldStyle":"default"},"css":{"LeftLabelWidth":"120px"}},"formulas":[],"lookuptables":[],"clones":false,"cartKey":false}},"_links":{"self":[{"href":"https:\/\/asgolfdepessac-b.fr\/index.php\/wp-json\/wp\/v2\/product\/49944","targetHints":{"allow":["GET"]}}],"collection":[{"href":"https:\/\/asgolfdepessac-b.fr\/index.php\/wp-json\/wp\/v2\/product"}],"about":[{"href":"https:\/\/asgolfdepessac-b.fr\/index.php\/wp-json\/wp\/v2\/types\/product"}],"replies":[{"embeddable":true,"href":"https:\/\/asgolfdepessac-b.fr\/index.php\/wp-json\/wp\/v2\/comments?post=49944"}],"wp:attachment":[{"href":"https:\/\/asgolfdepessac-b.fr\/index.php\/wp-json\/wp\/v2\/media?parent=49944"}],"wp:term":[{"taxonomy":"product_brand","embeddable":true,"href":"https:\/\/asgolfdepessac-b.fr\/index.php\/wp-json\/wp\/v2\/product_brand?post=49944"},{"taxonomy":"product_cat","embeddable":true,"href":"https:\/\/asgolfdepessac-b.fr\/index.php\/wp-json\/wp\/v2\/product_cat?post=49944"},{"taxonomy":"product_tag","embeddable":true,"href":"https:\/\/asgolfdepessac-b.fr\/index.php\/wp-json\/wp\/v2\/product_tag?post=49944"}],"curies":[{"name":"wp","href":"https:\/\/api.w.org\/{rel}","templated":true}]}}