{"id":49818,"date":"2026-01-01T15:53:03","date_gmt":"2026-01-01T14:53:03","guid":{"rendered":"https:\/\/asgolfdepessac-b.fr\/?post_type=product&#038;p=49818"},"modified":"2026-03-23T18:33:53","modified_gmt":"2026-03-23T17:33:53","slug":"challenge-9r-t1_21-mars-2026","status":"publish","type":"product","link":"https:\/\/asgolfdepessac-b.fr\/index.php\/produit\/challenge-9r-t1_21-mars-2026\/","title":{"rendered":"Challenge 9 Trous Rouge_ Tour 1_ 21 Mars 2026"},"content":{"rendered":"","protected":false},"excerpt":{"rendered":"<h1 style=\"text-align: center;\"><span style=\"color: #ff0000;\"><strong>TOUR 1<\/strong><\/span><\/h1>\n<p style=\"text-align: center;\"><span style=\"color: #ff0000;\"><strong><span style=\"text-decoration: underline;\">SAMEDI \u00a021 Mars \u00e0 13H30<\/span>\u00a0<\/strong><\/span><\/p>\n<h4>Comp\u00e9tition ouverte: les adh\u00e9rents AS du Golf de Pessac sont prioritaires<\/h4>\n<h4>Cette comp\u00e9tition compte pour le challenge 9 Trous Rouge, voir le <a href=\"https:\/\/asgolfdepessac-b.fr\/wp-content\/uploads\/2026\/03\/REGLEMENT-CHALLENGE-9-ROUGE_-ASGP_20260310.pdf\" target=\"_blank\" rel=\"noopener\"><span style=\"color: #0000ff;\">REGLEMENT<\/span><\/a><\/h4>\n<h4><span style=\"text-decoration: underline;\"><strong>CATEGORIES DROITS DE JEU:<\/strong>\u00a0<\/span><\/h4>\n<h4 style=\"padding-left: 40px;\"><strong>&#8211; Adulte n\u00e9 avant 2008<\/strong><\/h4>\n<h4 style=\"padding-left: 40px;\"><strong>&#8211; Jeune n\u00e9 \u00e0 partir de 2008 inclus, le choix des marques de d\u00e9part est dans le formulaire d&rsquo;inscription<\/strong><\/h4>\n<h4>D\u00e9parts <span style=\"color: #000000;\">Rouge<\/span> pour les Dames<\/h4>\n<h4>D\u00e9parts <span style=\"color: #000000;\">Jaune<\/span> pour les Messieurs<\/h4>\n<h4>Formule de jeu : <span style=\"color: #0000ff;\"><strong>STABLEFORD INDIVIDUEL<\/strong><\/span><\/h4>\n<h4><strong>Fermeture des inscriptions MERCREDI 18 Mars \u00e0 18h<\/strong><\/h4>\n<div>\n<h4><strong><span style=\"color: #ff0000;\"><a style=\"color: #ff0000;\" href=\"https:\/\/www.ffgolf.org\/prendre-sa-licence\/certificat-medical-et-qs\" target=\"_blank\" rel=\"noopener\">QUESTIONNAIRE DE SANTE OBLIGATOIRE SUIVANT LES REGLES DE LA FFG<\/a><\/span><\/strong><\/h4>\n<\/div>\n<h4><span style=\"color: #008000;\"><a style=\"color: #008000;\" href=\"https:\/\/asgolfdepessac.com\/wp-content\/uploads\/2024\/04\/REGLES-LOCALES-ROUGE-9-TROUS-_ASGP_20240423_P.pdf\" target=\"_blank\" rel=\"noopener\">REGLES LOCALES PARCOURS 9 TROUS ROUGE<\/a><\/span><\/h4>\n<h4><span style=\"color: #ff6600;\"><a style=\"color: #ff6600;\" href=\"https:\/\/drive.google.com\/drive\/u\/1\/folders\/1Hu_jHbIjTv9XrrnZsChm4qBJK75YtsGj\" target=\"_blank\" rel=\"noopener\">LISTES DES INSCRIPTIONS\u00a0<\/a><\/span><strong>(Mise \u00e0 jour toutes les 2H)<\/strong><\/h4>\n<h4><span style=\"color: #ff6600;\"><a style=\"color: #ff6600;\" href=\"https:\/\/docs.google.com\/forms\/d\/e\/1FAIpQLSdI5YOXCVIgdjyLOJCu_F7w4epHcXglbUnM8Yb3DU6V8YTgFw\/viewform?usp=header\" target=\"_blank\" rel=\"noopener\">ANNULATION INSCRIPTION<\/a><\/span><\/h4>\n<h4><span style=\"color: #ff6600;\"><a style=\"color: #ff6600;\" href=\"https:\/\/docs.google.com\/spreadsheets\/d\/e\/2PACX-1vRwz8r-Q6ztMQYwZQEX7ZU2LftarZSsb_KvEy2hkw_OCavUkdMH7nLgo4JZJySyw148jlyyUyKxgQrc\/pubhtml\" target=\"_blank\" rel=\"noopener\">LISTE DES ANNULATIONS<\/a><\/span><\/h4>\n<h4>Le <span style=\"color: #0000ff;\"><a style=\"color: #0000ff;\" href=\"https:\/\/asgolfdepessac.com\/wp-content\/uploads\/2025\/03\/ReglementCompetition-ASGP-2025-A.pdf\" target=\"_blank\" rel=\"noopener\">r\u00e8glement <\/a><\/span>des comp\u00e9titions organis\u00e9es par l\u2019AS PESSAC est applicable<\/h4>\n<div><\/div>\n<div><strong>Pour visualiser vos commandes actuelles \u00a0et pass\u00e9es voir <span style=\"color: #0000ff;\"><a style=\"color: #0000ff;\" href=\"https:\/\/asgolfdepessac-b.fr\/index.php\/mon-compte\/\" target=\"_blank\" rel=\"noopener\">MON COMPTE<\/a><\/span> et COMMANDES<\/strong><\/div>\n","protected":false},"featured_media":0,"comment_status":"open","ping_status":"closed","template":"","meta":[],"product_brand":[],"product_cat":[211],"product_tag":[],"class_list":{"0":"post-49818","1":"product","2":"type-product","3":"status-publish","5":"product_cat-challenge-9-rouge","6":"wcpa_has_options","8":"first","9":"outofstock","10":"featured","11":"sold-individually","12":"shipping-taxable","13":"purchasable","14":"product-type-simple"},"wcpa_form_fields":{"wcpaData":{"product":{"product_price":0,"price_html":"<span class=\"woocommerce-Price-amount amount\"><bdi>0,00<span class=\"woocommerce-Price-currencySymbol\">&euro;<\/span><\/bdi><\/span>","original_product_price":0,"price_including_tax":0,"price_excluding_tax":0,"product_id":{"parent":49818,"variation":false},"is_variable":false,"stock_status":"outofstock","stock_quantity":0,"parent_sku":"","product_attributes":[],"custom_fields":[],"is_taxable":false,"product_name":"Challenge 9 Trous Rouge_ Tour 1_ 21 Mars 2026","hasImage":false},"fields":{"sec_267a32ef11e74c":{"extra":{"key":"sec_267a32ef11e74c","section_id":"sec_267a32ef11e74c","name":"Default","status":1,"cl_rule":"show","enableCl":false,"relations":[],"toggle":true,"title_tag":"h3","show_title":false,"showPrice":"default","form_id":45907,"form_rules":{"exclude_from_discount":false,"fee_label":"Fee","disp_hide_options_price":false,"disp_show_section_price":false,"disp_show_field_price":true,"layout_option":"standard","pric_use_as_fee":false,"process_fee_as":"woo_fee"},"layout_option":"standard"},"fields":[[{"type":"text","required":true,"elementId":"text_1067a32ef11e772","label":"NOM PRENOM","pricingType":"fixed","className":"","name":"text_1067a32ef11e772","subtype":"text","cl_rule":"show","col":6,"relations":false,"active":true,"tooltip":"","error":false,"gt_translate_keys":["label","tooltip"],"price_dependency":false,"cl_dependency":false,"value":""}],[{"type":"number","required":true,"elementId":"number_967a32ef11e77e","label":"N LICENCE","pricingType":"fixed","min":"000000000","max":"999999999","className":"","name":"number_967a32ef11e77e","cl_rule":"show","col":6,"relations":false,"active":true,"tooltip":"","error":false,"gt_translate_keys":["label","tooltip"],"price_dependency":false,"cl_dependency":false,"value":""}],[{"type":"number","required":true,"elementId":"number_667a32ef11e786","label":"INDEX","pricingType":"fixed","name":"number_667a32ef11e786","cl_rule":"show","col":6,"relations":false,"active":true,"tooltip":"","gt_translate_keys":["label","tooltip"],"price_dependency":false,"cl_dependency":false,"value":""}],[{"type":"radio-group","required":true,"elementId":"radio-group_567a32ef11e790","label":"CATEGORIE","description":"Adh\u00e9rent AS Golf de Pessac?","inline":true,"priceOptions":"different_for_all","pricingType":"fixed","name":"radio-group_567a32ef11e790","other_text":"Other","cl_rule":"show","cl_val":"AS","operator":"and","col":6,"values":[{"label":"AS Pessac","value":"AS","price":"","pimage":"","pimage_id":"","pthumb":"","tempId":"aco_20","gt_translate_keys":["label"]},{"label":"NON AS Pessac","value":"NONAS","price":"","pimage":"","pimage_id":"","pthumb":"","tempId":"aco_21","gt_translate_keys":["label"]}],"relations":[{"operator":"and","rules":[{"operator":false,"rules":{"cl_field":"radio-group_567a32ef11e790","cl_relation":"is","cl_val":"AS"}}]},{"operator":false,"rules":[]}],"active":true,"tooltip":"","layOut":"inline","checkUi":"","error":false,"gt_translate_keys":["label","description","tooltip"],"price_dependency":false,"cl_dependency":["radio-group_767a32ef11e799","radio-group_967a32ef11e7a2","checkbox-group_167a32ef11e7ab","checkbox-group_767a32ef11e7b5"],"value":""}],[{"type":"radio-group","required":true,"elementId":"radio-group_767a32ef11e799","label":"AS","description":"Champ pour inscription adh\u00e9rent As golf de  Pessac","inline":true,"enablePrice":true,"priceOptions":"different_for_all","pricingType":"fixed","name":"radio-group_767a32ef11e799","other_text":"Other","enableCl":true,"cl_rule":"show","cl_val":"AS","col":6,"values":[{"label":"Adulte","value":"adulteas","price":"5","pimage":"","pimage_id":"","pthumb":"","gt_translate_keys":["label"]},{"label":"Jeune","value":"Jeuneas","price":"0","pimage":"","pimage_id":"","pthumb":"","gt_translate_keys":["label"]}],"relations":[{"operator":false,"rules":[{"operator":false,"rules":{"cl_field":"radio-group_567a32ef11e790","cl_relation":"is","cl_val":"AS"}}]}],"price":0,"active":true,"tooltip":"","layOut":"inline","gt_translate_keys":["label","description","tooltip"],"price_dependency":false,"cl_dependency":["radio-group_067a32ef11e7bd","radio_0049569110"],"value":""}],[{"type":"radio-group","required":true,"elementId":"radio-group_967a32ef11e7a2","label":"NON AS","description":"Champ pour inscription non adh\u00e9rent  AS Gof de Pessac","inline":true,"enablePrice":true,"priceOptions":"different_for_all","pricingType":"fixed","name":"radio-group_967a32ef11e7a2","other_text":"Other","enableCl":true,"cl_rule":"show","cl_val":"NONAS","col":6,"values":[{"label":"Adulte","value":"adultenas","price":"10","pimage":"","pimage_id":"","pthumb":"","gt_translate_keys":["label"]},{"label":"Jeune","value":"Jeunenas","price":"5","pimage":"","pimage_id":"","pthumb":"","gt_translate_keys":["label"]}],"relations":[{"operator":false,"rules":[{"operator":false,"rules":{"cl_field":"radio-group_567a32ef11e790","cl_relation":"is","cl_val":"NONAS"}}]}],"price":0,"active":true,"tooltip":"","layOut":"inline","checkUi":"","error":false,"gt_translate_keys":["label","description","tooltip"],"price_dependency":false,"cl_dependency":["radio-group_067a32ef11e7bd"],"value":""}],[{"type":"checkbox-group","required":true,"elementId":"checkbox-group_167a32ef11e7ab","label":"INSCRIPTION","priceOptions":"different_for_all","pricingType":"fixed","name":"checkbox-group_167a32ef11e7ab","other_text":"Other","cl_rule":"show","col":6,"values":[{"label":"VALIDEE","value":"V","price":"","pimage":"","pimage_id":"","pthumb":"","selected":true,"tempId":"aco_19","gt_translate_keys":["label"]}],"relations":[{"operator":false,"rules":[{"operator":"AND","rules":{"cl_field":"radio-group_567a32ef11e790","cl_relation":"is","cl_val":"AS"}}]}],"active":true,"tooltip":"","layOut":"","checkUi":"","error":false,"description":"","enableCl":true,"gt_translate_keys":["label","description","tooltip"],"price_dependency":false,"cl_dependency":false,"value":""}],[{"label":"INSCRIPTION","active":true,"required":true,"elementId":"checkbox-group_767a32ef11e7b5","description":"Vous n'etes pas prioritaire car vous n'\u00eates pas Adh\u00e9rent de l'AS PESSAC","tooltip":"","name":"checkbox-group_767a32ef11e7b5","enableCl":true,"relations":[{"operator":false,"rules":[{"operator":"AND","rules":{"cl_field":"radio-group_567a32ef11e790","cl_relation":"is","cl_val":"NONAS"}}]}],"checkUi":"","layOut":"","other_text":"Other","values":[{"label":"NON PRIORITAIRE","value":"NP","price":"","pimage":"","pimage_id":"","pthumb":"","selected":true,"tempId":"aco_19","gt_translate_keys":["label"]}],"priceOptions":"different_for_all","pricingType":"fixed","cl_rule":"show","col":6,"type":"checkbox-group","error":false,"gt_translate_keys":["label","description","tooltip"],"price_dependency":false,"cl_dependency":false,"value":""}],[{"label":"JEUNE","active":true,"required":true,"elementId":"radio-group_067a32ef11e7bd","description":"Champ pour enregistrement Jeune score maximun et rep\u00e8res adapt\u00e9s","tooltip":"","name":"radio-group_067a32ef11e7bd","enablePrice":false,"enableCl":true,"relations":[{"operator":"or","rules":[{"operator":false,"rules":{"cl_field":"radio-group_767a32ef11e799","cl_relation":"is","cl_val":"Jeuneas"}}]},{"operator":false,"rules":[{"operator":"AND","rules":{"cl_field":"radio-group_967a32ef11e7a2","cl_relation":"is","cl_val":"Jeunenas"}}]}],"checkUi":"","layOut":"inline","other_text":"Other","values":[{"label":"SERIE COMPETITION","value":"SC","price":"10","pimage":"","pimage_id":"","pthumb":"","tempId":"aco_99","gt_translate_keys":["label"]},{"label":"SERIE JEUNE","value":"Jeunenas","price":"5","pimage":"","pimage_id":"","pthumb":"","tempId":"aco_100","gt_translate_keys":["label"]}],"priceOptions":"different_for_all","pricingType":"fixed","price":0,"cl_rule":"show","col":6,"type":"radio-group","error":false,"isWeightTemplate":false,"isTemplate":false,"min_quantity":"1","quantity_decimal":false,"quantity_step":"1","quantity_label":"Quantity","repeater_field_label":"{field_label}","repeater_bind":"","gt_translate_keys":["label","description","tooltip","repeater_field_label","quantity_label"],"price_dependency":false,"cl_dependency":["radio-group_367a32ef11e7c6"],"value":""}],[{"label":"REPERE","active":true,"required":true,"elementId":"radio-group_367a32ef11e7c6","description":"REPERE A CHOISIR PAR LE JEUNE JOUEUR","tooltip":"","name":"radio-group_367a32ef11e7c6","enablePrice":false,"enableCl":true,"relations":[{"operator":false,"rules":[{"operator":false,"rules":{"cl_field":"radio-group_067a32ef11e7bd","cl_relation":"is","cl_val":"Jeunenas"}}]}],"checkUi":"","layOut":"inline","other_text":"Other","values":[{"label":"VIOLET","value":"V","price":"10","pimage":"","pimage_id":"","pthumb":"","tempId":"aco_99","gt_translate_keys":["label"]},{"label":"ORANGE","value":"O","price":"5","pimage":"","pimage_id":"","pthumb":"","tempId":"aco_100","gt_translate_keys":["label"]},{"label":"ROUGE","value":"R","selected":false,"tempId":"aco_600","gt_translate_keys":["label"]},{"label":"BLEU","value":"B","selected":false,"tempId":"aco_655","gt_translate_keys":["label"]},{"label":"JAUNE","value":"J","selected":false,"tempId":"aco_719","gt_translate_keys":["label"]},{"label":"BLANC","value":"BL","selected":false,"tempId":"aco_19","gt_translate_keys":["label"]}],"priceOptions":"different_for_all","pricingType":"fixed","price":0,"cl_rule":"show","col":6,"type":"radio-group","error":false,"isWeightTemplate":false,"isTemplate":false,"min_quantity":"1","quantity_decimal":false,"quantity_step":"1","quantity_label":"Quantity","repeater_field_label":"{field_label}","repeater_bind":"","gt_translate_keys":["label","description","tooltip","repeater_field_label","quantity_label"],"price_dependency":false,"cl_dependency":false,"value":""}],[{"type":"checkbox-group","required":true,"elementId":"checkbox-group_067a32ef11e7cf","label":"CERTIFICAT MEDICAL","description":"M'autorisant \u00e0 faire des comp\u00e9titions enregistr\u00e9 ou j'ai r\u00e9pondu au questionnaire de sant\u00e9","priceOptions":"different_for_all","pricingType":"fixed","name":"checkbox-group_067a32ef11e7cf","other_text":"Other","cl_rule":"show","col":6,"values":[{"label":"OUI","value":"OUI","price":"","pimage":"","pimage_id":"","pthumb":"","gt_translate_keys":["label"]}],"relations":false,"active":true,"tooltip":"","layOut":"","gt_translate_keys":["label","description","tooltip"],"price_dependency":false,"cl_dependency":false,"value":""}],[{"type":"checkbox-group","required":true,"elementId":"checkbox-group_1067a32ef11e7d8","label":"ACCORD","description":"J'accepte toutes les conditions de d\u00e9roulement de cette manifestation","priceOptions":"different_for_all","pricingType":"fixed","name":"checkbox-group_1067a32ef11e7d8","other_text":"Other","cl_rule":"show","col":6,"values":[{"label":"OUI","value":"OUI","price":"","pimage":"","pimage_id":"","pthumb":"","gt_translate_keys":["label"]}],"relations":false,"active":true,"tooltip":"","layOut":"","gt_translate_keys":["label","description","tooltip"],"price_dependency":false,"cl_dependency":false,"value":""}],[{"type":"textarea","elementId":"textarea_167a32ef11e7e0","label":"Note du joueur","description":"Les demandes concernant l'heure du d\u00e9part ne sont pas prises en compte","pricingType":"fixed","name":"textarea_167a32ef11e7e0","cl_rule":"show","col":6,"relations":false,"active":true,"tooltip":"","error":false,"gt_translate_keys":["label","description","tooltip"],"price_dependency":false,"cl_dependency":false,"value":""}],[{"active":true,"col":6,"relations":[{"operator":false,"rules":[{"operator":"AND","rules":{"cl_field":"radio-group_767a32ef11e799","cl_relation":"is","cl_val":"Jeuneas"}}]}],"cl_rule":"show","enableCl":true,"price":"","enablePrice":false,"className":"","label_position":"default","desc_position":"default","type":"radio-group","required":true,"elementId":"radio_0049569110","label":"ENREGISTREMENT","name":"radio_0049569110","values":[{"label":"J AI COMPRIS","value":"C","selected":false,"tempId":"aco_701","gt_translate_keys":["label"]}],"layOut":"","error":false,"checkUi":"","description":"Le montant de ma commande est 0\u20ac : toutefois pour que mon inscription soit enregistr\u00e9e, je dois valider ma commande apr\u00e8s l'avoir mis dans le panier et v\u00e9rifier cela sur la liste des inscriptions dans les 6 heures","tooltip":"","gt_translate_keys":["label","description","tooltip"],"price_dependency":false,"cl_dependency":false,"value":""}]]}},"config":{"price_override":"","enable_recaptcha":false,"bind_quantity":false,"quantity_bind_formula":false,"disp_summ_show_option_price":true,"disp_summ_show_product_price":true,"disp_summ_show_total_price":true,"disp_summ_show_fee":false,"disp_summ_show_discount":false,"summary_title":"","options_total_label":"Options Price","total_label":"Total","options_product_label":"Product Price","fee_label":"Fee","discount_label":"Discount","has_price":true,"has_quantity_formula":false},"mc_unit":1,"tax_rate":1,"tax_rate_real":1,"discount":{"percentage":0,"fixed":0},"design":{"conf":{"LabelPosition":"above","DescPosition":"above","UploadField":"custom_1","QuantityFieldStyle":"default"},"css":{"LeftLabelWidth":"120px"}},"formulas":[],"lookuptables":[],"clones":false,"cartKey":false}},"_links":{"self":[{"href":"https:\/\/asgolfdepessac-b.fr\/index.php\/wp-json\/wp\/v2\/product\/49818","targetHints":{"allow":["GET"]}}],"collection":[{"href":"https:\/\/asgolfdepessac-b.fr\/index.php\/wp-json\/wp\/v2\/product"}],"about":[{"href":"https:\/\/asgolfdepessac-b.fr\/index.php\/wp-json\/wp\/v2\/types\/product"}],"replies":[{"embeddable":true,"href":"https:\/\/asgolfdepessac-b.fr\/index.php\/wp-json\/wp\/v2\/comments?post=49818"}],"wp:attachment":[{"href":"https:\/\/asgolfdepessac-b.fr\/index.php\/wp-json\/wp\/v2\/media?parent=49818"}],"wp:term":[{"taxonomy":"product_brand","embeddable":true,"href":"https:\/\/asgolfdepessac-b.fr\/index.php\/wp-json\/wp\/v2\/product_brand?post=49818"},{"taxonomy":"product_cat","embeddable":true,"href":"https:\/\/asgolfdepessac-b.fr\/index.php\/wp-json\/wp\/v2\/product_cat?post=49818"},{"taxonomy":"product_tag","embeddable":true,"href":"https:\/\/asgolfdepessac-b.fr\/index.php\/wp-json\/wp\/v2\/product_tag?post=49818"}],"curies":[{"name":"wp","href":"https:\/\/api.w.org\/{rel}","templated":true}]}}