{"id":49787,"date":"2025-12-27T08:35:07","date_gmt":"2025-12-27T07:35:07","guid":{"rendered":"https:\/\/asgolfdepessac-b.fr\/?post_type=product&#038;p=49787"},"modified":"2026-02-27T18:10:42","modified_gmt":"2026-02-27T17:10:42","slug":"trophee-as-2026-t1","status":"publish","type":"product","link":"https:\/\/asgolfdepessac-b.fr\/index.php\/produit\/trophee-as-2026-t1\/","title":{"rendered":"Troph\u00e9e AS 2026 T1"},"content":{"rendered":"","protected":false},"excerpt":{"rendered":"<p>Date : <u>Jeudi 26 f\u00e9vrier 2026<\/u><\/p>\n<p>Cl\u00f4ture des inscriptions le <span style=\"text-decoration: underline;\">lundi 23 f\u00e9vrier \u00e0 18h00<\/span><\/p>\n<p>Premier d\u00e9part : 08h20<\/p>\n<div>\n<div>\n<div>Formule de Jeu : Individuel Stableford<\/div>\n<div>Terrain 18T Blanc Bleu<\/div>\n<div>Messieurs : rep\u00e8res jaune<\/div>\n<div>Dames : rep\u00e8res rouge<\/div>\n<div>Cette comp\u00e9tition compte pour l&rsquo;\u00e9volution de votre index<\/div>\n<div><\/div>\n<div><a href=\"https:\/\/www.ffgolf.org\/prendre-sa-licence\/certificat-medical-et-qs\" target=\"_blank\" rel=\"noopener\">QUESTIONNAIRE DE SANTE OBLIGATOIRE SUIVANT LES REGLES DE LA FFG<\/a><\/div>\n<div><\/div>\n<div>Cette comp\u00e9tition compte pour le challenge du Troph\u00e9e de l&rsquo;AS sur 8 tours : <a href=\"https:\/\/asgolfdepessac.com\/index.php\/activites\/trophee-as\/\" target=\"_blank\" rel=\"noopener\">cf r\u00e8glement<\/a><\/div>\n<div>Pas de remise des prix le jour de la comp\u00e9tition<\/div>\n<div><\/div>\n<\/div>\n<div>La comp\u00e9tition se d\u00e9roulera suivant l&rsquo;ordre des index . Elle est limit\u00e9e \u00e0 75 joueurs\u00a0\u00a0Les priorit\u00e9s sont dans l&rsquo;ordre : membres de l&rsquo;AS, ordre d&rsquo;inscription. Les joueurs inscrits au del\u00e0 de 75 seront mis en attente<\/div>\n<\/div>\n<div><\/div>\n<div>Le<a href=\"https:\/\/asgolfdepessac.com\/wp-content\/uploads\/2025\/03\/ReglementCompetition-ASGP-2025-A.pdf\" target=\"_blank\" rel=\"noopener\">\u00a0r\u00e8glement\u00a0<\/a>des comp\u00e9titions organis\u00e9es par l\u2019AS PESSAC est applicable<\/div>\n<div><\/div>\n<div><a href=\"https:\/\/asgolfdepessac.com\/index.php\/activites\/informations-competition\/\" target=\"_blank\" rel=\"noopener\">TOUTES LES INFORMATIONS CONCERNANT LES COMPETITIONS<\/a><\/div>\n<div>\n<div><\/div>\n<div><a href=\"https:\/\/drive.google.com\/drive\/u\/1\/folders\/1Hu_jHbIjTv9XrrnZsChm4qBJK75YtsGj\" target=\"_blank\" rel=\"noopener\">LISTES DES INSCRIPTIONS<\/a> (Mise \u00e0 jour toutes les 4H)<\/div>\n<div><\/div>\n<\/div>\n<div>ANNULATION DE VOTRE INSCRIPTION<\/div>\n<div><\/div>\n<div>LISTE DES ANNULATIONS<\/div>\n<div><\/div>\n<div><strong>Pour visualiser vos commandes actuelles et pass\u00e9es voir\u00a0<a href=\"https:\/\/asgolfdepessac-b.fr\/index.php\/mon-compte\/\" target=\"_blank\" rel=\"noopener\">MON COMPTE<\/a> et COMMANDES.<\/strong><\/div>\n<p>&nbsp;<\/p>\n","protected":false},"featured_media":0,"comment_status":"open","ping_status":"closed","template":"","meta":[],"product_brand":[],"product_cat":[23],"product_tag":[],"class_list":{"0":"post-49787","1":"product","2":"type-product","3":"status-publish","5":"product_cat-trophee","6":"wcpa_has_options","8":"first","9":"outofstock","10":"featured","11":"sold-individually","12":"shipping-taxable","13":"purchasable","14":"product-type-simple"},"wcpa_form_fields":{"wcpaData":{"product":{"product_price":0,"price_html":"<span class=\"woocommerce-Price-amount amount\"><bdi>0,00<span class=\"woocommerce-Price-currencySymbol\">&euro;<\/span><\/bdi><\/span>","original_product_price":0,"price_including_tax":0,"price_excluding_tax":0,"product_id":{"parent":49787,"variation":false},"is_variable":false,"stock_status":"outofstock","stock_quantity":0,"parent_sku":"","product_attributes":[],"custom_fields":[],"is_taxable":false,"product_name":"Troph\u00e9e AS 2026 T1","hasImage":false},"fields":{"sec_065577bd88340b":{"extra":{"key":"sec_065577bd88340b","section_id":"sec_065577bd88340b","name":"Default","status":1,"cl_rule":"show","enableCl":false,"relations":[],"toggle":true,"title_tag":"h3","show_title":false,"showPrice":"default","form_id":30093,"form_rules":{"exclude_from_discount":false,"fee_label":"Fee","disp_hide_options_price":false,"disp_show_section_price":false,"disp_show_field_price":true,"layout_option":"standard","pric_use_as_fee":false,"process_fee_as":"woo_fee"},"layout_option":"standard"},"fields":[[{"type":"text","required":true,"elementId":"wcpa-text-60785b6408626","label":"NOM PRENOM","pricingType":"fixed","className":"","name":"text-60785b6408631","subtype":"text","cl_rule":"show","col":6,"relations":false,"active":true,"tooltip":"","error":false,"gt_translate_keys":["label","tooltip"],"price_dependency":false,"cl_dependency":false,"value":""}],[{"type":"radio-group","required":true,"elementId":"wcpa-radio-group-60785b6408667","label":"CATEGORIE","description":"Adherent AS Golf de Pessac?","inline":true,"priceOptions":"different_for_all","pricingType":"fixed","name":"radio-group-60785b6408671","other_text":"Other","cl_rule":"show","cl_val":"AS","operator":"and","col":6,"values":[{"label":"AS","value":"AS","price":"","pimage":"","pimage_id":"","pthumb":"","tempId":"aco_179","gt_translate_keys":["label"]},{"label":"NON AS","value":"NONAS","price":"","pimage":"","pimage_id":"","pthumb":"","tempId":"aco_180","gt_translate_keys":["label"]}],"relations":[{"operator":"and","rules":[{"operator":false,"rules":{"cl_field":"wcpa-radio-group-60785b6408667","cl_relation":"is","cl_val":"AS"}}]},{"operator":false,"rules":[]}],"active":true,"tooltip":"","layOut":"inline","checkUi":"","error":false,"gt_translate_keys":["label","description","tooltip"],"price_dependency":false,"cl_dependency":["wcpa-checkbox-group-60785b640863e","checkbox-group-3014580101","wcpa-radio-group-60785b640867c","wcpa-radio-group-60785b6408690"],"value":""}],[{"type":"checkbox-group","required":true,"elementId":"wcpa-checkbox-group-60785b640863e","label":"INSCRIPTION","priceOptions":"different_for_all","pricingType":"fixed","name":"checkbox-group-60785b6408649","other_text":"Other","cl_rule":"show","col":6,"values":[{"label":"VALIDEE","value":"V","price":"","pimage":"","pimage_id":"","pthumb":"","tempId":"aco_141","gt_translate_keys":["label"]}],"relations":[{"operator":false,"rules":[{"operator":"AND","rules":{"cl_field":"wcpa-radio-group-60785b6408667","cl_relation":"is","cl_val":"AS"}}]}],"active":true,"tooltip":"","layOut":"","checkUi":"","error":false,"enableCl":true,"gt_translate_keys":["label","tooltip"],"price_dependency":false,"cl_dependency":false,"value":""}],[{"label":"INSCRIPTION","active":true,"required":true,"elementId":"checkbox-group-3014580101","tooltip":"","name":"checkbox-group-3014580101","enableCl":true,"relations":[{"operator":false,"rules":[{"operator":"AND","rules":{"cl_field":"wcpa-radio-group-60785b6408667","cl_relation":"is","cl_val":"NONAS"}}]}],"checkUi":"","layOut":"","other_text":"Other","values":[{"label":"NON PRIORITAIRE","value":"NP","price":"","pimage":"","pimage_id":"","pthumb":"","tempId":"aco_141","gt_translate_keys":["label"]}],"priceOptions":"different_for_all","pricingType":"fixed","cl_rule":"show","col":6,"type":"checkbox-group","error":false,"gt_translate_keys":["label","tooltip"],"price_dependency":false,"cl_dependency":false,"value":""}],[{"type":"number","required":true,"elementId":"wcpa-number-60785b6408653","label":"N LICENCE","pricingType":"fixed","min":"000000000","max":"999999999","className":"","name":"number-60785b640865c","cl_rule":"show","col":6,"relations":false,"active":true,"tooltip":"","error":false,"gt_translate_keys":["label","tooltip"],"price_dependency":false,"cl_dependency":false,"value":""}],[{"type":"radio-group","required":true,"elementId":"wcpa-radio-group-60785b640867c","label":"AS","description":"Champ pour inscription adh\u00e9rent As golf de  Pessac","inline":true,"enablePrice":true,"priceOptions":"different_for_all","pricingType":"fixed","name":"radio-group-60785b6408686","other_text":"Other","enableCl":true,"cl_rule":"show","cl_val":"AS","col":6,"values":[{"label":"Adulte","value":"adulteas","price":"10","pimage":"","pimage_id":"","pthumb":"","tempId":"aco_10","gt_translate_keys":["label"]},{"label":"Jeune","value":"Jeuneas","price":"0","pimage":"","pimage_id":"","pthumb":"","tempId":"aco_12","gt_translate_keys":["label"]}],"relations":[{"operator":false,"rules":[{"operator":false,"rules":{"cl_field":"wcpa-radio-group-60785b6408667","cl_relation":"is","cl_val":"AS"}}]}],"price":0,"active":true,"tooltip":"","layOut":"inline","checkUi":"","error":false,"gt_translate_keys":["label","description","tooltip"],"price_dependency":false,"cl_dependency":false,"value":""}],[{"type":"radio-group","required":true,"elementId":"wcpa-radio-group-60785b6408690","label":"NON AS","description":"Champ pour inscription non adh\u00e9rent  AS Gof de Pessac","inline":true,"enablePrice":true,"priceOptions":"different_for_all","pricingType":"fixed","name":"radio-group-60785b640869a","other_text":"Other","enableCl":true,"cl_rule":"show","cl_val":"NONAS","col":6,"values":[{"label":"Adulte","value":"adultenas","price":"15","pimage":"","pimage_id":"","pthumb":"","tempId":"aco_31","gt_translate_keys":["label"]},{"label":"Jeune","value":"Jeunenas","price":"10","pimage":"","pimage_id":"","pthumb":"","tempId":"aco_33","gt_translate_keys":["label"]}],"relations":[{"operator":false,"rules":[{"operator":false,"rules":{"cl_field":"wcpa-radio-group-60785b6408667","cl_relation":"is","cl_val":"NONAS"}}]}],"price":0,"active":true,"tooltip":"","layOut":"inline","checkUi":"","error":false,"gt_translate_keys":["label","description","tooltip"],"price_dependency":false,"cl_dependency":false,"value":""}],[{"type":"checkbox-group","required":true,"elementId":"wcpa-checkbox-group-60785b64086c5","label":"QUESTIONNAIRE DE SANTE","description":"j'ai r\u00e9pondu au questionnaire de sant\u00e9 en 2026 ou j'ai d\u00e9pos\u00e9 un certificat m\u00e9dical en 2026","priceOptions":"different_for_all","pricingType":"fixed","name":"checkbox-group-60785b64086d0","other_text":"Other","cl_rule":"show","col":6,"values":[{"label":"OUI","value":"OUI","price":"","pimage":"","pimage_id":"","pthumb":"","gt_translate_keys":["label"]}],"relations":false,"active":true,"tooltip":"","layOut":"","checkUi":"","error":false,"isWeightTemplate":false,"isTemplate":false,"min_quantity":"1","quantity_decimal":false,"quantity_step":"1","quantity_label":"Quantity","repeater_field_label":"{field_label}","repeater_bind":"","gt_translate_keys":["label","description","tooltip","repeater_field_label","quantity_label"],"price_dependency":false,"cl_dependency":false,"value":""}],[{"type":"checkbox-group","required":true,"elementId":"wcpa-checkbox-group-60785b64086db","label":"ACCORD","description":"J'accepte toutes les conditions de d\u00e9roulement de cette manifestation","priceOptions":"different_for_all","pricingType":"fixed","name":"checkbox-group-60785b64086f2","other_text":"Other","cl_rule":"show","col":6,"values":[{"label":"OUI","value":"OUI","price":"","pimage":"","pimage_id":"","pthumb":"","gt_translate_keys":["label"]}],"relations":false,"active":true,"tooltip":"","layOut":"","checkUi":"","error":false,"gt_translate_keys":["label","description","tooltip"],"price_dependency":false,"cl_dependency":false,"value":""}],[{"type":"textarea","elementId":"wcpa-textarea-60785b6408724","label":"Note du joueur","description":"Les demandes concernant l'heure du d\u00e9part ne sont pas prises en compte","pricingType":"fixed","name":"textarea-60785b640872d","cl_rule":"show","col":6,"relations":false,"active":true,"tooltip":"","error":false,"gt_translate_keys":["label","description","tooltip"],"price_dependency":false,"cl_dependency":false,"value":""}]]}},"config":{"price_override":"","enable_recaptcha":false,"bind_quantity":false,"quantity_bind_formula":false,"disp_summ_show_option_price":true,"disp_summ_show_product_price":true,"disp_summ_show_total_price":true,"disp_summ_show_fee":false,"disp_summ_show_discount":false,"summary_title":"","options_total_label":"Options Price","total_label":"Total","options_product_label":"Product Price","fee_label":"Fee","discount_label":"Discount","has_price":true,"has_quantity_formula":false},"mc_unit":1,"tax_rate":1,"tax_rate_real":1,"discount":{"percentage":0,"fixed":0},"design":{"conf":{"LabelPosition":"above","DescPosition":"above","UploadField":"custom_1","QuantityFieldStyle":"default"},"css":{"LeftLabelWidth":"120px"}},"formulas":[],"lookuptables":[],"clones":false,"cartKey":false}},"_links":{"self":[{"href":"https:\/\/asgolfdepessac-b.fr\/index.php\/wp-json\/wp\/v2\/product\/49787","targetHints":{"allow":["GET"]}}],"collection":[{"href":"https:\/\/asgolfdepessac-b.fr\/index.php\/wp-json\/wp\/v2\/product"}],"about":[{"href":"https:\/\/asgolfdepessac-b.fr\/index.php\/wp-json\/wp\/v2\/types\/product"}],"replies":[{"embeddable":true,"href":"https:\/\/asgolfdepessac-b.fr\/index.php\/wp-json\/wp\/v2\/comments?post=49787"}],"wp:attachment":[{"href":"https:\/\/asgolfdepessac-b.fr\/index.php\/wp-json\/wp\/v2\/media?parent=49787"}],"wp:term":[{"taxonomy":"product_brand","embeddable":true,"href":"https:\/\/asgolfdepessac-b.fr\/index.php\/wp-json\/wp\/v2\/product_brand?post=49787"},{"taxonomy":"product_cat","embeddable":true,"href":"https:\/\/asgolfdepessac-b.fr\/index.php\/wp-json\/wp\/v2\/product_cat?post=49787"},{"taxonomy":"product_tag","embeddable":true,"href":"https:\/\/asgolfdepessac-b.fr\/index.php\/wp-json\/wp\/v2\/product_tag?post=49787"}],"curies":[{"name":"wp","href":"https:\/\/api.w.org\/{rel}","templated":true}]}}