{"id":49678,"date":"2025-12-04T16:31:01","date_gmt":"2025-12-04T15:31:01","guid":{"rendered":"https:\/\/asgolfdepessac-b.fr\/?post_type=product&#038;p=49678"},"modified":"2026-02-06T16:48:46","modified_gmt":"2026-02-06T15:48:46","slug":"coupe-des-rois-et-des-reines-2026-ind","status":"publish","type":"product","link":"https:\/\/asgolfdepessac-b.fr\/index.php\/produit\/coupe-des-rois-et-des-reines-2026-ind\/","title":{"rendered":"Coupe des Rois et des Reines 2026 IND"},"content":{"rendered":"","protected":false},"excerpt":{"rendered":"<p>Date : 25 Janvier 2026<\/p>\n<p><span style=\"color: #000000;\"><b style=\"color: #000000;\">Comp\u00e9tition ouverte\u00a0 le 1 janvier 2026: les <\/b><b>adh\u00e9rents<\/b><b style=\"color: #000000;\"> de l&rsquo;AS sont prioritaires<\/b><\/span><\/p>\n<p><a href=\"https:\/\/asgolfdepessac.com\/index.php\/activites\/informations-competition\/\" target=\"_blank\" rel=\"noopener\">INFORMATIONS CONCERNANT LES COMPETITIONS<\/a><\/p>\n<p>Formule : Scramble \u00e0 2 stableford\u00a0 &#8211; Index sup\u00e9rieur \u00e0 36 ramen\u00e9 \u00e0 36<\/p>\n<div>D\u00e9part : 9h en Shotgun &#8211; Terrain 18T Blanc Bleu<\/div>\n<div>Cl\u00f4ture des inscriptions\u00a0 le Jeudi 22\/01\/2026 \u00e0 18h00.<\/div>\n<div><\/div>\n<div>Cette comp\u00e9tition sera suivie d&rsquo;un repas\u00a0 (25\u20ac)\u00a0 non obligatoire au cours duquel la remise des prix sera faite:<\/div>\n<div><\/div>\n<div>&#8211; Lots aux vainqueurs en BRUT et NET, Meilleure Equipe Dames (NET) et Meilleure Equipe Mixte (NET)<\/div>\n<div>&#8211; Tirages au sort par \u00e9quipes.<\/div>\n<div><\/div>\n<div>\n<div><strong>Rep\u00e8res jaunes pour les hommes<\/strong><\/div>\n<\/div>\n<div><strong>Rep\u00e8res rouges pour les dames<br \/>\n<\/strong><\/div>\n<div>Cat\u00e9gories droit de Jeu\u00a0 : Adulte : n\u00e9 avant 2008,\u00a0 Jeune : n\u00e9 \u00e0 partir de 2008 inclus<\/div>\n<div><\/div>\n<div>Si vous \u00eates seul, inscrivez vous individuellement<\/div>\n<div><\/div>\n<div><a href=\"https:\/\/docs.google.com\/forms\/d\/e\/1FAIpQLScGzItNbtxf0glB1fmSsKgMrZaiGe5H8PhfuGnNRjvLMdZrWQ\/viewform?usp=header\" target=\"_blank\" rel=\"noopener\">ANNULATION<\/a><\/div>\n<div>\n<p><a href=\"https:\/\/docs.google.com\/spreadsheets\/d\/e\/2PACX-1vRIFo0T1c_EHfpgtR2m67BCfu416EEnwJnCmhzb5Xgn6ym2w1YGo_7VTlkbDylL9PvdCLBkzmEfkJMH\/pubhtml\" target=\"_blank\" rel=\"noopener\">LISTE DES ANNULATIONS<\/a><\/p>\n<h2><strong><em>\u00a0 \u00a0 \u00a0 \u00a0 \u00a0 \u00a0 \u00a0 \u00a0 \u00a0 \u00a0 <span style=\"color: #008000;\">\u00a0MENU<\/span><\/em><span style=\"color: #008000;\"> :<\/span><\/strong><\/h2>\n<ul>\n<li><em><strong>\u0152uf meurette avec d\u00e9s de foie gras<\/strong><\/em><\/li>\n<li><strong><em>Eminc\u00e9 de b\u0153uf, \u00e9chalotes confites, frites salade<\/em><\/strong><\/li>\n<li><strong><em>Galette des rois<\/em><\/strong><\/li>\n<li><strong><em>Vins, caf\u00e9<\/em><\/strong><\/li>\n<\/ul>\n<\/div>\n<div><a href=\"https:\/\/drive.google.com\/drive\/u\/1\/folders\/1Hu_jHbIjTv9XrrnZsChm4qBJK75YtsGj\">LISTES DES INSCRIPTIONS<\/a>\u00a0(Mise \u00e0 jour toutes les 24H)<\/div>\n<div><\/div>\n<div>Le<a href=\"https:\/\/drive.google.com\/file\/d\/1urKFg726N-ydeDqhkkbhhBH6rXsB41Cq\/view\" target=\"_blank\" rel=\"noopener\">\u00a0r\u00e8glement\u00a0<\/a>des comp\u00e9titions organis\u00e9es par l\u2019AS PESSAC est applicable<\/div>\n<div>\n<div>\n<p><strong>Pour visualiser vos commandes actuelles \u00a0et pass\u00e9es voir <a href=\"https:\/\/asgolfdepessac-b.fr\/index.php\/mon-compte\/\" target=\"_blank\" rel=\"noopener\">MON COMPTE<\/a> et COMMANDES<\/strong><\/p>\n<\/div>\n<\/div>\n","protected":false},"featured_media":0,"comment_status":"open","ping_status":"closed","template":"","meta":[],"product_brand":[],"product_cat":[209],"product_tag":[],"class_list":{"0":"post-49678","1":"product","2":"type-product","3":"status-publish","5":"product_cat-duo-i-2025","6":"wcpa_has_options","8":"first","9":"outofstock","10":"sold-individually","11":"shipping-taxable","12":"purchasable","13":"product-type-simple"},"wcpa_form_fields":{"wcpaData":{"product":{"product_price":0,"price_html":"<span class=\"woocommerce-Price-amount amount\"><bdi>0,00<span class=\"woocommerce-Price-currencySymbol\">&euro;<\/span><\/bdi><\/span>","original_product_price":0,"price_including_tax":0,"price_excluding_tax":0,"product_id":{"parent":49678,"variation":false},"is_variable":false,"stock_status":"outofstock","stock_quantity":0,"parent_sku":"","product_attributes":[],"custom_fields":[],"is_taxable":false,"product_name":"Coupe des Rois et des Reines 2026 IND","hasImage":false},"fields":{"sec_9675c454a48f70":{"extra":{"key":"sec_9675c454a48f70","section_id":"sec_9675c454a48f70","name":"Default","status":1,"cl_rule":"show","enableCl":false,"relations":[],"toggle":true,"title_tag":"h3","show_title":false,"showPrice":"default","form_id":45516,"form_rules":{"exclude_from_discount":false,"fee_label":"Fee","disp_hide_options_price":false,"disp_show_section_price":false,"disp_show_field_price":true,"layout_option":"standard","pric_use_as_fee":false,"process_fee_as":"woo_fee"},"layout_option":"standard"},"fields":[[{"type":"text","required":true,"elementId":"text_6675c454a48fa2","label":"JOUEUR 1 NOM PRENOM","pricingType":"fixed","name":"text_6675c454a48fa2","subtype":"text","cl_rule":"show","col":6,"relations":false,"active":true,"tooltip":"","gt_translate_keys":["label","tooltip"],"price_dependency":false,"cl_dependency":false,"value":""}],[{"type":"number","required":true,"elementId":"number_2675c454a48fb8","label":"JOUEUR 1 N LICENCE","pricingType":"fixed","min":"000000000","max":"999999999","name":"number_2675c454a48fb8","cl_rule":"show","col":6,"relations":false,"active":true,"tooltip":"","gt_translate_keys":["label","tooltip"],"price_dependency":false,"cl_dependency":false,"value":""}],[{"type":"radio-group","required":true,"elementId":"radio-group_1675c454a48fcd","label":"JOUEUR 1 CATEGORIE","description":"Adherent AS Golf de Pessac?","inline":true,"priceOptions":"different_for_all","pricingType":"fixed","name":"radio-group_1675c454a48fcd","other_text":"Other","cl_rule":"show","cl_val":"AS","operator":"and","col":6,"values":[{"label":"AS Pessac","value":"AS","price":"","pimage":"","pimage_id":"","pthumb":"","tempId":"aco_20","gt_translate_keys":["label"]},{"label":"NON AS Pessac","value":"NONAS","price":"","pimage":"","pimage_id":"","pthumb":"","tempId":"aco_21","gt_translate_keys":["label"]}],"relations":[{"operator":"and","rules":[{"operator":false,"rules":{"cl_field":"radio-group_1675c454a48fcd","cl_relation":"is","cl_val":"AS"}}]},{"operator":false,"rules":[]}],"active":true,"tooltip":"","layOut":"inline","checkUi":"","error":false,"gt_translate_keys":["label","description","tooltip"],"price_dependency":false,"cl_dependency":["radio-group_0675c454a48fe0","radio-group_2675c454a48ff2","checkbox-group_0675c454a49081","checkbox-group_7675c454a49093"],"value":""}],[{"type":"radio-group","required":true,"elementId":"radio-group_0675c454a48fe0","label":"INSCRIPTION AS J1","description":"Champ pour inscription adh\u00e9rent As golf de  Pessac","inline":true,"enablePrice":true,"priceOptions":"different_for_all","pricingType":"fixed","name":"radio-group_0675c454a48fe0","other_text":"Other","enableCl":true,"cl_rule":"show","cl_val":"AS","col":6,"values":[{"label":"Adulte","value":"adulteas","price":"10","pimage":"","pimage_id":"","pthumb":"","tempId":"aco_21","gt_translate_keys":["label"]},{"label":"Jeune","value":"Jeuneas","price":"0","pimage":"","pimage_id":"","pthumb":"","tempId":"aco_23","gt_translate_keys":["label"]}],"relations":[{"operator":false,"rules":[{"operator":false,"rules":{"cl_field":"radio-group_1675c454a48fcd","cl_relation":"is","cl_val":"AS"}}]}],"price":0,"active":true,"tooltip":"","layOut":"inline","checkUi":"","error":false,"gt_translate_keys":["label","description","tooltip"],"price_dependency":false,"cl_dependency":false,"value":""}],[{"type":"radio-group","required":true,"elementId":"radio-group_2675c454a48ff2","label":"INSCRIPTION NON AS J1","description":"Champ pour inscription non adh\u00e9rent  AS Gof de Pessac","inline":true,"enablePrice":true,"priceOptions":"different_for_all","pricingType":"fixed","name":"radio-group_2675c454a48ff2","other_text":"Other","enableCl":true,"cl_rule":"show","cl_val":"NONAS","col":6,"values":[{"label":"Adulte","value":"adultenas","price":"20","pimage":"","pimage_id":"","pthumb":"","tempId":"aco_53","gt_translate_keys":["label"]},{"label":"Jeune","value":"Jeunenas","price":"15","pimage":"","pimage_id":"","pthumb":"","tempId":"aco_55","gt_translate_keys":["label"]}],"relations":[{"operator":false,"rules":[{"operator":false,"rules":{"cl_field":"radio-group_1675c454a48fcd","cl_relation":"is","cl_val":"NONAS"}}]}],"price":0,"active":true,"tooltip":"","layOut":"inline","checkUi":"","error":false,"isWeightTemplate":false,"isTemplate":false,"min_quantity":"1","quantity_decimal":false,"quantity_step":"1","quantity_label":"Quantity","repeater_field_label":"{field_label}","repeater_bind":"","gt_translate_keys":["label","description","tooltip","repeater_field_label","quantity_label"],"price_dependency":false,"cl_dependency":false,"value":""}],[{"type":"radio-group","required":true,"elementId":"radio-group_7675c454a49002","label":"REPAS J1","description":"Non obligatoire","enablePrice":true,"priceOptions":"different_for_all","pricingType":"fixed","name":"radio-group_7675c454a49002","other_text":"Other","cl_rule":"show","col":6,"values":[{"label":"OUI","value":"O","price":"25","pimage":"","pimage_id":"","pthumb":"","tempId":"aco_20","gt_translate_keys":["label"]},{"label":"NON","value":"N","price":"0","pimage":"","pimage_id":"","pthumb":"","tempId":"aco_21","gt_translate_keys":["label"]}],"relations":false,"price":0,"active":true,"tooltip":"","layOut":"","checkUi":"","error":false,"gt_translate_keys":["label","description","tooltip"],"price_dependency":false,"cl_dependency":false,"value":""}],[{"type":"checkbox-group","required":true,"elementId":"checkbox-group_0675c454a49081","label":"INSCRIPTION","priceOptions":"different_for_all","pricingType":"fixed","name":"checkbox-group_0675c454a49081","other_text":"Other","cl_rule":"show","col":6,"values":[{"label":"VALIDEE","value":"V","price":"","pimage":"","pimage_id":"","pthumb":"","selected":true,"tempId":"aco_19","gt_translate_keys":["label"]}],"relations":[{"operator":"or","rules":[{"operator":"AND","rules":{"cl_field":"radio-group_1675c454a48fcd","cl_relation":"is","cl_val":"AS"}}]}],"active":true,"tooltip":"","layOut":"","checkUi":"","error":false,"enableCl":true,"gt_translate_keys":["label","tooltip"],"price_dependency":false,"cl_dependency":false,"value":""}],[{"label":"INSCRIPTION","active":true,"required":true,"elementId":"checkbox-group_7675c454a49093","tooltip":"","name":"checkbox-group_7675c454a49093","enableCl":true,"relations":[{"operator":"and","rules":[{"operator":"AND","rules":{"cl_field":"radio-group_1675c454a48fcd","cl_relation":"is","cl_val":"NONAS"}}]}],"checkUi":"","layOut":"","other_text":"Other","values":[{"label":"LISTE ATTENTE NON AS","value":"NP","price":"","pimage":"","pimage_id":"","pthumb":"","selected":false,"tempId":"aco_19","gt_translate_keys":["label"]}],"priceOptions":"different_for_all","pricingType":"fixed","cl_rule":"show","col":6,"type":"checkbox-group","error":false,"description":"Le joueur n'est pas membre de l'AS","isWeightTemplate":false,"isTemplate":false,"min_quantity":"1","quantity_decimal":false,"quantity_step":"1","quantity_label":"Quantity","repeater_field_label":"{field_label}","repeater_bind":"","gt_translate_keys":["label","description","tooltip","repeater_field_label","quantity_label"],"price_dependency":false,"cl_dependency":false,"value":""}],[{"label":"CERTIFICAT MEDICAL AUTORISANT A FAIRE DES COMPETITIONS","active":true,"required":true,"elementId":"checkbox-group_1675c454a490bd","description":"Ou r\u00e9pondre au questionnaire de sant\u00e9","tooltip":"","name":"checkbox-group_1675c454a490bd","relations":false,"checkUi":"","layOut":"","other_text":"Other","values":[{"label":"Je certifie que je l'ai enregistr\u00e9","value":"OUI","price":"","pimage":"","pimage_id":"","pthumb":"","tempId":"aco_216","gt_translate_keys":["label"]}],"priceOptions":"different_for_all","pricingType":"fixed","cl_rule":"show","col":6,"type":"checkbox-group","error":false,"gt_translate_keys":["label","description","tooltip"],"price_dependency":false,"cl_dependency":false,"value":""}],[{"label":"ACCORD","active":true,"required":true,"elementId":"checkbox-group-9417217210","description":"J'accepte toutes les conditions de d\u00e9roulement de cette manifestation","tooltip":"","name":"checkbox-group-9417217210","relations":false,"checkUi":"","layOut":"","other_text":"Other","values":[{"label":"OUI","value":"O","price":"","pimage":"","pimage_id":"","pthumb":"","tempId":"aco_216","gt_translate_keys":["label"]}],"priceOptions":"different_for_all","pricingType":"fixed","cl_rule":"show","col":6,"type":"checkbox-group","error":false,"gt_translate_keys":["label","description","tooltip"],"price_dependency":false,"cl_dependency":false,"value":""}],[{"type":"textarea","elementId":"textarea_3675c454a490cf","label":"Note du joueur","pricingType":"fixed","name":"textarea_3675c454a490cf","cl_rule":"show","col":6,"relations":false,"active":true,"tooltip":"","error":false,"gt_translate_keys":["label","tooltip"],"price_dependency":false,"cl_dependency":false,"value":""}]]}},"config":{"price_override":"","enable_recaptcha":false,"bind_quantity":false,"quantity_bind_formula":false,"disp_summ_show_option_price":true,"disp_summ_show_product_price":true,"disp_summ_show_total_price":true,"disp_summ_show_fee":false,"disp_summ_show_discount":false,"summary_title":"","options_total_label":"Options Price","total_label":"Total","options_product_label":"Product Price","fee_label":"Fee","discount_label":"Discount","has_price":true,"has_quantity_formula":false},"mc_unit":1,"tax_rate":1,"tax_rate_real":1,"discount":{"percentage":0,"fixed":0},"design":{"conf":{"LabelPosition":"above","DescPosition":"above","UploadField":"custom_1","QuantityFieldStyle":"default"},"css":{"LeftLabelWidth":"120px"}},"formulas":[],"lookuptables":[],"clones":false,"cartKey":false}},"_links":{"self":[{"href":"https:\/\/asgolfdepessac-b.fr\/index.php\/wp-json\/wp\/v2\/product\/49678","targetHints":{"allow":["GET"]}}],"collection":[{"href":"https:\/\/asgolfdepessac-b.fr\/index.php\/wp-json\/wp\/v2\/product"}],"about":[{"href":"https:\/\/asgolfdepessac-b.fr\/index.php\/wp-json\/wp\/v2\/types\/product"}],"replies":[{"embeddable":true,"href":"https:\/\/asgolfdepessac-b.fr\/index.php\/wp-json\/wp\/v2\/comments?post=49678"}],"wp:attachment":[{"href":"https:\/\/asgolfdepessac-b.fr\/index.php\/wp-json\/wp\/v2\/media?parent=49678"}],"wp:term":[{"taxonomy":"product_brand","embeddable":true,"href":"https:\/\/asgolfdepessac-b.fr\/index.php\/wp-json\/wp\/v2\/product_brand?post=49678"},{"taxonomy":"product_cat","embeddable":true,"href":"https:\/\/asgolfdepessac-b.fr\/index.php\/wp-json\/wp\/v2\/product_cat?post=49678"},{"taxonomy":"product_tag","embeddable":true,"href":"https:\/\/asgolfdepessac-b.fr\/index.php\/wp-json\/wp\/v2\/product_tag?post=49678"}],"curies":[{"name":"wp","href":"https:\/\/api.w.org\/{rel}","templated":true}]}}