{"id":48001,"date":"2025-07-28T15:27:52","date_gmt":"2025-07-28T13:27:52","guid":{"rendered":"https:\/\/asgolfdepessac-b.fr\/?post_type=product&#038;p=48001"},"modified":"2026-02-06T16:56:26","modified_gmt":"2026-02-06T15:56:26","slug":"octobre-rose-2025","status":"publish","type":"product","link":"https:\/\/asgolfdepessac-b.fr\/index.php\/produit\/octobre-rose-2025\/","title":{"rendered":"OCTOBRE ROSE 2025"},"content":{"rendered":"","protected":false},"excerpt":{"rendered":"<p>L&rsquo;association Sportive participe \u00e0 l&rsquo;op\u00e9ration <span style=\"color: #ff00ff;\"><a style=\"color: #ff00ff;\" href=\"https:\/\/fr.wikipedia.org\/wiki\/Octobre_rose\" target=\"_blank\" rel=\"noopener\">OCTOBRE ROSE<\/a> <\/span>nationale<\/p>\n<p>Pour cela en association avec <a href=\"https:\/\/golfher.fr\/reseau-golf-feminin\/\" target=\"_blank\" rel=\"noopener\"><span style=\"color: #ff00ff;\">GOLFHER<\/span><\/a> elle vous propose d&rsquo;acheter des chaussettes roses,\u00a0 couleur\u00a0 des \u00e9quipements de nos \u00e9quipes<\/p>\n<p>Pour chaque chaussette achet\u00e9e, Golfher reversera 1,5\u20ac\u00a0 \u00e0 la recherche m\u00e9dicale et\u00a0 l&rsquo;AS\u00a0 4\u20ac \u00e0 l&rsquo;association<span style=\"color: #ff00ff;\"><a style=\"color: #ff00ff;\" href=\"https:\/\/lisa-bordeaux.fr\/\" target=\"_blank\" rel=\"noopener\"> LISA\u00a0 Institut du sein Bordeaux\u00a0<\/a><\/span><\/p>\n<p><a href=\"https:\/\/asgolfdepessac.com\/index.php\/activites\/octobre-rose-distribution-chaussetes\/\" target=\"_blank\" rel=\"noopener\">Planning de distribution des Chaussettes command\u00e9es<\/a><\/p>\n<p>Commandez vos chaussettes <strong>,<\/strong> elles vous seront livr\u00e9es au cour du mois d&rsquo;octobre<\/p>\n<p><u>Composition et\u00a0 Origine : <\/u>87% de coton pour le confort &#8211; 12% de polyamide &#8211; 1% d&rsquo;\u00e9lasthanne pour la r\u00e9sistance &#8211; Fabriqu\u00e9es en Europe<\/p>\n<table width=\"534\">\n<tbody>\n<tr>\n<td style=\"text-align: center;\" width=\"106\">\u00a0STOCK<\/td>\n<td style=\"text-align: center;\" width=\"108\">Taille 36-41<br \/>\nrose<\/td>\n<td style=\"text-align: center;\" width=\"102\">Taille 36-41<br \/>\nblanche<\/td>\n<td style=\"text-align: center;\" width=\"107\">Taille 42-46<br \/>\nrose<\/td>\n<td style=\"text-align: center;\" width=\"111\">Taille 42-46<br \/>\nblanche<\/td>\n<\/tr>\n<tr>\n<td style=\"text-align: center;\" width=\"106\">NOMBRE<\/td>\n<td style=\"text-align: center;\" width=\"108\">0<\/td>\n<td style=\"text-align: center;\" width=\"102\">0<\/td>\n<td style=\"text-align: center;\" width=\"107\">0<\/td>\n<td style=\"text-align: center;\" width=\"111\">2<\/td>\n<\/tr>\n<\/tbody>\n<\/table>\n","protected":false},"featured_media":0,"comment_status":"open","ping_status":"closed","template":"","meta":[],"product_brand":[],"product_cat":[224],"product_tag":[],"class_list":{"0":"post-48001","1":"product","2":"type-product","3":"status-publish","5":"product_cat-chaurose","6":"wcpa_has_options","8":"first","9":"outofstock","10":"shipping-taxable","11":"purchasable","12":"product-type-simple"},"wcpa_form_fields":{"wcpaData":{"product":{"product_price":0,"price_html":"<span class=\"woocommerce-Price-amount amount\"><bdi>0,00<span class=\"woocommerce-Price-currencySymbol\">&euro;<\/span><\/bdi><\/span>","original_product_price":0,"price_including_tax":0,"price_excluding_tax":0,"product_id":{"parent":48001,"variation":false},"is_variable":false,"stock_status":"outofstock","stock_quantity":null,"parent_sku":"","product_attributes":[],"custom_fields":[],"is_taxable":false,"product_name":"OCTOBRE ROSE 2025","hasImage":false},"fields":{"sec_06887786975537":{"extra":{"key":"sec_06887786975537","section_id":"sec_06887786975537","name":"Default","status":1,"cl_rule":"show","enableCl":false,"relations":[],"toggle":true,"title_tag":"h3","show_title":false,"showPrice":"default","form_id":47998,"form_rules":{"exclude_from_discount":false,"fee_label":"Fee","disp_hide_options_price":false,"disp_show_section_price":false,"disp_show_field_price":true,"layout_option":"standard","pric_use_as_fee":false,"process_fee_as":"woo_fee"},"layout_option":"standard"},"fields":[[{"type":"text","required":true,"elementId":"text_3688778697556b","label":"NOM PRENOM","pricingType":"fixed","name":"text_3688778697556b","subtype":"text","cl_rule":"show","col":6,"relations":false,"active":true,"tooltip":"","gt_translate_keys":["label","tooltip"],"price_dependency":false,"cl_dependency":false,"value":""}],[{"type":"number","required":true,"elementId":"number_4688778697556f","label":"LICENCE","description":"non licenci\u00e9 FFG   tapez 0","pricingType":"fixed","min":"0","max":"999999999","name":"number_4688778697556f","cl_rule":"show","col":6,"relations":[{"operator":false,"rules":[]}],"active":true,"tooltip":"","error":false,"gt_translate_keys":["label","description","tooltip"],"price_dependency":false,"cl_dependency":false,"value":""}],[{"label":"Taille 42-46 blanche","active":true,"required":false,"elementId":"number-5618883113","value":"","description":"Nombre","name":"number-5618883113","label_position":"default","desc_position":"default","enablePrice":true,"className":"","enableCl":false,"relations":false,"enable_quantity":false,"quantity_label":"","quantity_step":"1","quantity_decimal":false,"pricingType":"multiply","price":"15","use_as_fee":false,"cl_rule":"show","col":6,"type":"number","error":false,"gt_translate_keys":["label","description","value","quantity_label"],"price_dependency":false,"cl_dependency":false}]]}},"config":{"price_override":"","enable_recaptcha":false,"bind_quantity":false,"quantity_bind_formula":false,"disp_summ_show_option_price":true,"disp_summ_show_product_price":true,"disp_summ_show_total_price":true,"disp_summ_show_fee":false,"disp_summ_show_discount":false,"summary_title":"","options_total_label":"Options Price","total_label":"Total","options_product_label":"Product Price","fee_label":"Fee","discount_label":"Discount","has_price":true,"has_quantity_formula":false},"mc_unit":1,"tax_rate":1,"tax_rate_real":1,"discount":{"percentage":0,"fixed":0},"design":{"conf":{"LabelPosition":"above","DescPosition":"above","UploadField":"custom_1","QuantityFieldStyle":"default"},"css":{"LeftLabelWidth":"120px"}},"formulas":[],"lookuptables":[],"clones":false,"cartKey":false}},"_links":{"self":[{"href":"https:\/\/asgolfdepessac-b.fr\/index.php\/wp-json\/wp\/v2\/product\/48001","targetHints":{"allow":["GET"]}}],"collection":[{"href":"https:\/\/asgolfdepessac-b.fr\/index.php\/wp-json\/wp\/v2\/product"}],"about":[{"href":"https:\/\/asgolfdepessac-b.fr\/index.php\/wp-json\/wp\/v2\/types\/product"}],"replies":[{"embeddable":true,"href":"https:\/\/asgolfdepessac-b.fr\/index.php\/wp-json\/wp\/v2\/comments?post=48001"}],"wp:attachment":[{"href":"https:\/\/asgolfdepessac-b.fr\/index.php\/wp-json\/wp\/v2\/media?parent=48001"}],"wp:term":[{"taxonomy":"product_brand","embeddable":true,"href":"https:\/\/asgolfdepessac-b.fr\/index.php\/wp-json\/wp\/v2\/product_brand?post=48001"},{"taxonomy":"product_cat","embeddable":true,"href":"https:\/\/asgolfdepessac-b.fr\/index.php\/wp-json\/wp\/v2\/product_cat?post=48001"},{"taxonomy":"product_tag","embeddable":true,"href":"https:\/\/asgolfdepessac-b.fr\/index.php\/wp-json\/wp\/v2\/product_tag?post=48001"}],"curies":[{"name":"wp","href":"https:\/\/api.w.org\/{rel}","templated":true}]}}