{"id":47459,"date":"2025-06-19T10:01:55","date_gmt":"2025-06-19T08:01:55","guid":{"rendered":"https:\/\/asgolfdepessac-b.fr\/?post_type=product&#038;p=47459"},"modified":"2026-02-06T21:05:01","modified_gmt":"2026-02-06T20:05:01","slug":"competition-des-celibataires-initiation-decouverte-12-07-2025","status":"publish","type":"product","link":"https:\/\/asgolfdepessac-b.fr\/index.php\/produit\/competition-des-celibataires-initiation-decouverte-12-07-2025\/","title":{"rendered":"Comp\u00e9tition des c\u00e9libataires Initiation d\u00e9couverte 12.07.2025"},"content":{"rendered":"<p><em><span style=\"color: #ff99cc;\"><strong>Lien d&rsquo;inscription \u00e0 compl\u00e9ter une fois que votre inscription a \u00e9t\u00e9 valid\u00e9e par PAR 2<\/strong><\/span><\/em><\/p>\n<p>\ud83c\udfcc\ufe0f\u200d\u2640\ufe0f\u2764\ufe0f C\u0153ur \u00e0 c\u0153ur sur le green ! Comp\u00e9tition c\u00e9libataires au Golf de Pessac le 12 juillet 2025 !<\/p>\n<p>Pr\u00e9parez vos clubs et votre plus beau sourire ! Le <strong>samedi 12 juillet 2025<\/strong>, le Golf de Pessac se transforme en terrain de jeu pour Cupidon (avec un handicap, bien s\u00fbr \ud83d\ude09) ! Nous sommes ravis de vous inviter \u00e0 une comp\u00e9tition de golf pas comme les autres : <strong>sp\u00e9cialement d\u00e9di\u00e9e aux c\u00e9libataires !<\/strong><\/p>\n<p>Que vous soyez un as du putting ou que vous souhaitiez simplement d\u00e9couvrir les joies du golf, cette journ\u00e9e est faite pour vous. Trois formules au choix pour que chacun trouve son bonheur. Toutes incluent le Green Fee, le droit de jeu et un cocktail convivial :<\/p>\n<ul data-sourcepos=\"151:1-163:0\">\n<li><strong>Initiation d\u00e9couverte :<\/strong> De 11h30 \u00e0 13h00<\/li>\n<\/ul>\n<p>Tarif : 40\u20ac<\/p>\n<p><strong>Et pour pimenter le tout : une remise de prix pour les vainqueurs aura lieu au moment du cocktail !<\/strong>\u00a0\ud83c\udfc6<\/p>\n<p>En plus de l&rsquo;ambiance conviviale et des d\u00e9fis sportifs, cet \u00e9v\u00e9nement est l&rsquo;occasion r\u00eav\u00e9e de d\u00e9couvrir une toute nouvelle <strong>application mobile de rencontre d\u00e9di\u00e9e aux golfeurs c\u00e9libataires<\/strong>, disponible sur Apple et Android. Fini les balles perdues, place aux belles rencontres !<\/p>\n<p>&nbsp;<\/p>\n","protected":false},"excerpt":{"rendered":"<p><em><strong>Lien d&rsquo;inscription \u00e0 compl\u00e9ter une fois que votre inscription a \u00e9t\u00e9 valid\u00e9e par PAR 2<\/strong><\/em><\/p>\n<p>\ud83c\udfcc\ufe0f\u200d\u2640\ufe0f\u2764\ufe0f C\u0153ur \u00e0 c\u0153ur sur le green ! Comp\u00e9tition c\u00e9libataires au Golf de Pessac le 12 juillet 2025 !<\/p>\n<p>Pr\u00e9parez vos clubs et votre plus beau sourire ! Le <strong>samedi 12 juillet 2025<\/strong>, le Golf de Pessac se transforme en terrain de jeu pour Cupidon (avec un handicap, bien s\u00fbr \ud83d\ude09) ! Nous sommes ravis de vous inviter \u00e0 une comp\u00e9tition de golf pas comme les autres : <strong>sp\u00e9cialement d\u00e9di\u00e9e aux c\u00e9libataires !<\/strong><\/p>\n<p>Que vous soyez un as du putting ou que vous souhaitiez simplement d\u00e9couvrir les joies du golf, cette journ\u00e9e est faite pour vous. Trois formules au choix pour que chacun trouve son bonheur. Toutes incluent le Green Fee, le droit de jeu et un cocktail convivial :<\/p>\n<ul data-sourcepos=\"151:1-163:0\">\n<li><strong>Initiation d\u00e9couverte :<\/strong> De 11h30 \u00e0 13h00<\/li>\n<\/ul>\n<p>Tarif : 40\u20ac<\/p>\n<p><strong>Et pour pimenter le tout : une remise de prix pour les vainqueurs aura lieu au moment du cocktail !<\/strong>\u00a0\ud83c\udfc6<\/p>\n<p>En plus de l&rsquo;ambiance conviviale et des d\u00e9fis sportifs, cet \u00e9v\u00e9nement est l&rsquo;occasion r\u00eav\u00e9e de d\u00e9couvrir une toute nouvelle <strong>application mobile de rencontre d\u00e9di\u00e9e aux golfeurs c\u00e9libataires<\/strong>, disponible sur Apple et Android. Fini les balles perdues, place aux belles rencontres !<\/p>\n<p>&nbsp;<\/p>\n","protected":false},"featured_media":0,"comment_status":"open","ping_status":"closed","template":"","meta":[],"product_brand":[],"product_cat":[221],"product_tag":[],"class_list":{"0":"post-47459","1":"product","2":"type-product","3":"status-publish","5":"product_cat-celibataires-animation-juillet-2025","6":"wcpa_has_options","8":"first","9":"outofstock","10":"sold-individually","11":"shipping-taxable","12":"purchasable","13":"product-type-simple"},"wcpa_form_fields":{"wcpaData":{"product":{"product_price":40,"price_html":"<span class=\"woocommerce-Price-amount amount\"><bdi>40,00<span class=\"woocommerce-Price-currencySymbol\">&euro;<\/span><\/bdi><\/span>","original_product_price":40,"price_including_tax":40,"price_excluding_tax":40,"product_id":{"parent":47459,"variation":false},"is_variable":false,"stock_status":"outofstock","stock_quantity":0,"parent_sku":"","product_attributes":[],"custom_fields":[],"is_taxable":false,"product_name":"Comp\u00e9tition des c\u00e9libataires Initiation d\u00e9couverte 12.07.2025","hasImage":false},"fields":{"sec_26853c530cca5c":{"extra":{"key":"sec_26853c530cca5c","section_id":"sec_26853c530cca5c","name":"Default","status":1,"cl_rule":"show","enableCl":false,"relations":[],"toggle":true,"title_tag":"h3","show_title":false,"showPrice":"default","form_id":47460,"form_rules":{"exclude_from_discount":false,"fee_label":"Fee","disp_hide_options_price":false,"disp_show_section_price":false,"disp_show_field_price":true,"layout_option":"standard","pric_use_as_fee":false,"process_fee_as":"woo_fee"},"layout_option":"standard"},"fields":[[{"type":"checkbox-group","required":true,"elementId":"checkbox-group_106853c530cca81","label":"INSCRIPTION INITIATION ET COCKTAIL","priceOptions":"different_for_all","pricingType":"fixed","name":"checkbox-group_106853c530cca81","other_text":"Other","cl_rule":"show","col":6,"values":[{"label":"INSCRIPTION","value":"I","price":"","pimage":"","pimage_id":"","pthumb":"","tempId":"aco_141","gt_translate_keys":["label"]}],"relations":false,"active":true,"tooltip":"","layOut":"","checkUi":"","error":false,"gt_translate_keys":["label","tooltip"],"price_dependency":false,"cl_dependency":false,"value":""}],[{"type":"text","required":true,"elementId":"text_46853c530cca8a","label":"NOM PRENOM","pricingType":"fixed","className":"","name":"text_46853c530cca8a","subtype":"text","cl_rule":"show","col":6,"relations":false,"active":true,"tooltip":"","error":false,"gt_translate_keys":["label","tooltip"],"price_dependency":false,"cl_dependency":false,"value":""}]]}},"config":{"price_override":"","enable_recaptcha":false,"bind_quantity":false,"quantity_bind_formula":false,"disp_summ_show_option_price":true,"disp_summ_show_product_price":true,"disp_summ_show_total_price":true,"disp_summ_show_fee":false,"disp_summ_show_discount":false,"summary_title":"","options_total_label":"Options Price","total_label":"Total","options_product_label":"Product Price","fee_label":"Fee","discount_label":"Discount","has_price":true,"has_quantity_formula":false},"mc_unit":1,"tax_rate":1,"tax_rate_real":1,"discount":{"percentage":0,"fixed":0},"design":{"conf":{"LabelPosition":"above","DescPosition":"above","UploadField":"custom_1","QuantityFieldStyle":"default"},"css":{"LeftLabelWidth":"120px"}},"formulas":[],"lookuptables":[],"clones":false,"cartKey":false}},"_links":{"self":[{"href":"https:\/\/asgolfdepessac-b.fr\/index.php\/wp-json\/wp\/v2\/product\/47459","targetHints":{"allow":["GET"]}}],"collection":[{"href":"https:\/\/asgolfdepessac-b.fr\/index.php\/wp-json\/wp\/v2\/product"}],"about":[{"href":"https:\/\/asgolfdepessac-b.fr\/index.php\/wp-json\/wp\/v2\/types\/product"}],"replies":[{"embeddable":true,"href":"https:\/\/asgolfdepessac-b.fr\/index.php\/wp-json\/wp\/v2\/comments?post=47459"}],"wp:attachment":[{"href":"https:\/\/asgolfdepessac-b.fr\/index.php\/wp-json\/wp\/v2\/media?parent=47459"}],"wp:term":[{"taxonomy":"product_brand","embeddable":true,"href":"https:\/\/asgolfdepessac-b.fr\/index.php\/wp-json\/wp\/v2\/product_brand?post=47459"},{"taxonomy":"product_cat","embeddable":true,"href":"https:\/\/asgolfdepessac-b.fr\/index.php\/wp-json\/wp\/v2\/product_cat?post=47459"},{"taxonomy":"product_tag","embeddable":true,"href":"https:\/\/asgolfdepessac-b.fr\/index.php\/wp-json\/wp\/v2\/product_tag?post=47459"}],"curies":[{"name":"wp","href":"https:\/\/api.w.org\/{rel}","templated":true}]}}