{"id":47431,"date":"2025-06-18T11:38:07","date_gmt":"2025-06-18T09:38:07","guid":{"rendered":"https:\/\/asgolfdepessac-b.fr\/?post_type=product&#038;p=47431"},"modified":"2026-02-06T21:04:35","modified_gmt":"2026-02-06T20:04:35","slug":"competition-des-celibataires-18-trous-12-07-2025","status":"publish","type":"product","link":"https:\/\/asgolfdepessac-b.fr\/index.php\/produit\/competition-des-celibataires-18-trous-12-07-2025\/","title":{"rendered":"Comp\u00e9tition des c\u00e9libataires 18 trous 12.07.2025"},"content":{"rendered":"<p><em><span style=\"color: #ff99cc;\"><strong>Lien d&rsquo;inscription \u00e0 compl\u00e9ter une fois que votre inscription a \u00e9t\u00e9 valid\u00e9e par PAR 2<\/strong><\/span><\/em><\/p>\n<p>\ud83c\udfcc\ufe0f\u200d\u2640\ufe0f\u2764\ufe0f C\u0153ur \u00e0 c\u0153ur sur le green ! Comp\u00e9tition c\u00e9libataires au Golf de Pessac le 12 juillet 2025 !<\/p>\n<p>Pr\u00e9parez vos clubs et votre plus beau sourire ! Le <strong>samedi 12 juillet 2025<\/strong>, le Golf de Pessac se transforme en terrain de jeu pour Cupidon (avec un handicap, bien s\u00fbr \ud83d\ude09) ! Nous sommes ravis de vous inviter \u00e0 une comp\u00e9tition de golf pas comme les autres : <strong>sp\u00e9cialement d\u00e9di\u00e9e aux c\u00e9libataires !<\/strong><\/p>\n<p>Que vous soyez un as du putting ou que vous souhaitiez simplement d\u00e9couvrir les joies du golf, cette journ\u00e9e est faite pour vous. Trois formules au choix pour que chacun trouve son bonheur. Toutes incluent le Green Fee, le droit de jeu et un cocktail convivial :<\/p>\n<ul data-sourcepos=\"151:1-163:0\">\n<li><strong>Comp\u00e9tition 18 trous :<\/strong> D\u00e9part 9h00 en shotgun\n<ul data-sourcepos=\"152:5-155:0\">\n<li>Tarif <strong>abonn\u00e9<\/strong> (tous les parcours de Pessac 7\/7j) : <strong>30\u20ac<\/strong><\/li>\n<li>Tarif <strong>non abonn\u00e9<\/strong> : <strong>70\u20ac<\/strong><\/li>\n<li>Pour les puristes qui aiment prendre leur temps\u2026 pour la partie et les rencontres !<\/li>\n<\/ul>\n<\/li>\n<\/ul>\n<p><strong>Et pour pimenter le tout : une remise de prix pour les vainqueurs aura lieu au moment du cocktail !<\/strong>\u00a0\ud83c\udfc6<\/p>\n<p>En plus de l&rsquo;ambiance conviviale et des d\u00e9fis sportifs, cet \u00e9v\u00e9nement est l&rsquo;occasion r\u00eav\u00e9e de d\u00e9couvrir une toute nouvelle <strong>application mobile de rencontre d\u00e9di\u00e9e aux golfeurs c\u00e9libataires<\/strong>, disponible sur Apple et Android. Fini les balles perdues, place aux belles rencontres !<\/p>\n<p>&nbsp;<\/p>\n","protected":false},"excerpt":{"rendered":"<p><span style=\"color: #ff99cc;\"><em><strong>Lien d&rsquo;inscription \u00e0 compl\u00e9ter une fois que votre inscription a \u00e9t\u00e9 valid\u00e9e par PAR 2<\/strong><\/em><\/span><\/p>\n<p>\ud83c\udfcc\ufe0f\u200d\u2640\ufe0f\u2764\ufe0f C\u0153ur \u00e0 c\u0153ur sur le green ! Comp\u00e9tition c\u00e9libataires au Golf de Pessac le 12 juillet 2025 !<\/p>\n<p>Pr\u00e9parez vos clubs et votre plus beau sourire ! Le <strong>samedi 12 juillet 2025<\/strong>, le Golf de Pessac se transforme en terrain de jeu pour Cupidon (avec un handicap, bien s\u00fbr \ud83d\ude09) ! Nous sommes ravis de vous inviter \u00e0 une comp\u00e9tition de golf pas comme les autres : <strong>sp\u00e9cialement d\u00e9di\u00e9e aux c\u00e9libataires !<\/strong><\/p>\n<p>Que vous soyez un as du putting ou que vous souhaitiez simplement d\u00e9couvrir les joies du golf, cette journ\u00e9e est faite pour vous. Trois formules au choix pour que chacun trouve son bonheur. Toutes incluent le Green Fee, le droit de jeu et un cocktail convivial :<\/p>\n<ul data-sourcepos=\"151:1-163:0\">\n<li><strong>Comp\u00e9tition 18 trous :<\/strong> D\u00e9part 9h00 en shotgun\n<ul data-sourcepos=\"152:5-155:0\">\n<li>Tarif <strong>abonn\u00e9<\/strong> (tous les parcours de Pessac 7\/7j) : <strong>30\u20ac<\/strong><\/li>\n<li>Tarif <strong>non abonn\u00e9<\/strong> : <strong>70\u20ac<\/strong><\/li>\n<li>Pour les puristes qui aiment prendre leur temps\u2026 pour la partie et les rencontres !<\/li>\n<\/ul>\n<\/li>\n<\/ul>\n<p><strong>Et pour pimenter le tout : une remise de prix pour les vainqueurs aura lieu au moment du cocktail !<\/strong>\u00a0\ud83c\udfc6<\/p>\n<p>En plus de l&rsquo;ambiance conviviale et des d\u00e9fis sportifs, cet \u00e9v\u00e9nement est l&rsquo;occasion r\u00eav\u00e9e de d\u00e9couvrir une toute nouvelle <strong>application mobile de rencontre d\u00e9di\u00e9e aux golfeurs c\u00e9libataires<\/strong>, disponible sur Apple et Android. Fini les balles perdues, place aux belles rencontres !<\/p>\n<p>&nbsp;<\/p>\n","protected":false},"featured_media":0,"comment_status":"open","ping_status":"closed","template":"","meta":[],"product_brand":[],"product_cat":[219],"product_tag":[],"class_list":{"0":"post-47431","1":"product","2":"type-product","3":"status-publish","5":"product_cat-celibataires-18t-juillet-2025","6":"wcpa_has_options","8":"first","9":"outofstock","10":"sold-individually","11":"shipping-taxable","12":"purchasable","13":"product-type-simple"},"wcpa_form_fields":{"wcpaData":{"product":{"product_price":0,"price_html":"<span class=\"woocommerce-Price-amount amount\"><bdi>0,00<span class=\"woocommerce-Price-currencySymbol\">&euro;<\/span><\/bdi><\/span>","original_product_price":0,"price_including_tax":0,"price_excluding_tax":0,"product_id":{"parent":47431,"variation":false},"is_variable":false,"stock_status":"outofstock","stock_quantity":0,"parent_sku":"","product_attributes":[],"custom_fields":[],"is_taxable":false,"product_name":"Comp\u00e9tition des c\u00e9libataires 18 trous 12.07.2025","hasImage":false},"fields":{"sec_3665986079455b":{"extra":{"key":"sec_3665986079455b","section_id":"sec_3665986079455b","name":"Default","status":1,"cl_rule":"show","enableCl":false,"relations":[],"toggle":true,"title_tag":"h3","show_title":false,"showPrice":"default","form_id":42964,"form_rules":{"exclude_from_discount":false,"fee_label":"Fee","disp_hide_options_price":false,"disp_show_section_price":false,"disp_show_field_price":true,"layout_option":"standard","pric_use_as_fee":false,"process_fee_as":"woo_fee"},"layout_option":"standard"},"fields":[[{"type":"checkbox-group","required":true,"elementId":"checkbox-group_76659860794584","label":"INSCRIPTION","priceOptions":"different_for_all","pricingType":"fixed","name":"checkbox-group_76659860794584","other_text":"Other","cl_rule":"show","col":6,"values":[{"label":"INSCRIPTION","value":"I","price":"","pimage":"","pimage_id":"","pthumb":"","tempId":"aco_141","gt_translate_keys":["label"]}],"relations":false,"active":true,"tooltip":"","layOut":"","checkUi":"","error":false,"gt_translate_keys":["label","tooltip"],"price_dependency":false,"cl_dependency":false,"value":""}],[{"type":"text","required":true,"elementId":"text_76659860794577","label":"NOM PRENOM","pricingType":"fixed","className":"","name":"text_76659860794577","subtype":"text","cl_rule":"show","col":6,"relations":false,"active":true,"tooltip":"","error":false,"gt_translate_keys":["label","tooltip"],"price_dependency":false,"cl_dependency":false,"value":""}],[{"type":"number","required":true,"elementId":"number_3665986079458d","label":"N LICENCE","pricingType":"fixed","min":"000000000","max":"999999999","className":"","name":"number_3665986079458d","cl_rule":"show","col":6,"relations":false,"active":true,"tooltip":"","error":false,"gt_translate_keys":["label","tooltip"],"price_dependency":false,"cl_dependency":false,"value":""}],[{"type":"radio-group","required":true,"elementId":"radio-group_46659860794597","label":"Comp\u00e9tition et Cocktail","description":"Type d'abonnement","inline":true,"priceOptions":"different_for_all","pricingType":"fixed","name":"radio-group_46659860794597","other_text":"Other","cl_rule":"show","cl_val":"AS","operator":"and","col":6,"values":[{"label":"ABONNE PESSAC TOUS LES PARCOURS 7\/7j","value":"ABONNE PESSAC TOUS LES PARCOURS 7\/7j","price":"30","pimage":"","pimage_id":"","pthumb":"","tempId":"aco_179","gt_translate_keys":["label"]},{"label":"NON ABONNE","value":"NON ABONNE","price":"70","pimage":"","pimage_id":"","pthumb":"","tempId":"aco_180","gt_translate_keys":["label"]}],"relations":[{"operator":"and","rules":[{"operator":false,"rules":{"cl_field":"radio-group_46659860794597","cl_relation":"is","cl_val":"AS"}}]},{"operator":false,"rules":[]}],"active":true,"tooltip":"","layOut":"inline","checkUi":"","error":false,"other":false,"enablePrice":true,"gt_translate_keys":["label","description","tooltip"],"price_dependency":false,"cl_dependency":false,"value":""}],[{"type":"checkbox-group","required":true,"elementId":"checkbox-group_966598607945cd","label":"QUESTIONNAIRE DE SANTE","description":"j'ai r\u00e9pondu au questionnaire de sant\u00e9 en 2025 ou j'ai d\u00e9pos\u00e9 un certificat m\u00e9dical en 2025","priceOptions":"different_for_all","pricingType":"fixed","name":"checkbox-group_966598607945cd","other_text":"Other","cl_rule":"show","col":6,"values":[{"label":"OUI","value":"OUI","price":"","pimage":"","pimage_id":"","pthumb":"","gt_translate_keys":["label"]}],"relations":false,"active":true,"tooltip":"","layOut":"","checkUi":"","error":false,"gt_translate_keys":["label","description","tooltip"],"price_dependency":false,"cl_dependency":false,"value":""}]]}},"config":{"price_override":"","enable_recaptcha":false,"bind_quantity":false,"quantity_bind_formula":false,"disp_summ_show_option_price":true,"disp_summ_show_product_price":true,"disp_summ_show_total_price":true,"disp_summ_show_fee":false,"disp_summ_show_discount":false,"summary_title":"","options_total_label":"Options Price","total_label":"Total","options_product_label":"Product Price","fee_label":"Fee","discount_label":"Discount","has_price":true,"has_quantity_formula":false},"mc_unit":1,"tax_rate":1,"tax_rate_real":1,"discount":{"percentage":0,"fixed":0},"design":{"conf":{"LabelPosition":"above","DescPosition":"above","UploadField":"custom_1","QuantityFieldStyle":"default"},"css":{"LeftLabelWidth":"120px"}},"formulas":[],"lookuptables":[],"clones":false,"cartKey":false}},"_links":{"self":[{"href":"https:\/\/asgolfdepessac-b.fr\/index.php\/wp-json\/wp\/v2\/product\/47431","targetHints":{"allow":["GET"]}}],"collection":[{"href":"https:\/\/asgolfdepessac-b.fr\/index.php\/wp-json\/wp\/v2\/product"}],"about":[{"href":"https:\/\/asgolfdepessac-b.fr\/index.php\/wp-json\/wp\/v2\/types\/product"}],"replies":[{"embeddable":true,"href":"https:\/\/asgolfdepessac-b.fr\/index.php\/wp-json\/wp\/v2\/comments?post=47431"}],"wp:attachment":[{"href":"https:\/\/asgolfdepessac-b.fr\/index.php\/wp-json\/wp\/v2\/media?parent=47431"}],"wp:term":[{"taxonomy":"product_brand","embeddable":true,"href":"https:\/\/asgolfdepessac-b.fr\/index.php\/wp-json\/wp\/v2\/product_brand?post=47431"},{"taxonomy":"product_cat","embeddable":true,"href":"https:\/\/asgolfdepessac-b.fr\/index.php\/wp-json\/wp\/v2\/product_cat?post=47431"},{"taxonomy":"product_tag","embeddable":true,"href":"https:\/\/asgolfdepessac-b.fr\/index.php\/wp-json\/wp\/v2\/product_tag?post=47431"}],"curies":[{"name":"wp","href":"https:\/\/api.w.org\/{rel}","templated":true}]}}