{"id":46362,"date":"2025-03-23T12:44:04","date_gmt":"2025-03-23T11:44:04","guid":{"rendered":"https:\/\/asgolfdepessac-b.fr\/?post_type=product&#038;p=46362"},"modified":"2026-02-06T18:25:49","modified_gmt":"2026-02-06T17:25:49","slug":"rotary-pessac-les-graves","status":"publish","type":"product","link":"https:\/\/asgolfdepessac-b.fr\/index.php\/produit\/rotary-pessac-les-graves\/","title":{"rendered":"ROTARY Pessac Les Graves"},"content":{"rendered":"<p><strong>Comp\u00e9tition ROTARY Pessac Les Graves le samedi 12 avril 2025 au golf de Pessac<\/strong><\/p>\n<p><strong><em>Conditions de participation<\/em><\/strong> :<\/p>\n<ul>\n<li>Parcours 18 trous Blanc-Bleu<\/li>\n<li>Formule de jeu : scramble \u00e0 2 (inscriptions \u00e0 2 uniquement)<\/li>\n<li>D\u00e9parts en ligne de 8h20 \u00e0 13h00 (d\u00e9parts par ordre d&rsquo;index)<\/li>\n<li>Boules de d\u00e9part jaunes \/ rouges<\/li>\n<li>Index ramen\u00e9s \u00e0 36<\/li>\n<li>Cocktail de remise des prix \u00e0 18h00<\/li>\n<li>Comp\u00e9tition caritative : Les droits de jeu enti\u00e8rement revers\u00e9s \u00e0 l&rsquo;association (15\u20ac \/ personne) seront \u00e0 r\u00e9gler en ligne au moment de l&rsquo;inscription<\/li>\n<li>Le green fee pour les non abonn\u00e9s \u00e0 68\u20ac* sera \u00e0 r\u00e9gler le jour de la comp\u00e9tition aupr\u00e8s de l&rsquo;accueil du golf<\/li>\n<\/ul>\n<p><em>* Joueurs non abonn\u00e9s : 68\u20ac<\/em><\/p>\n<p><em>* D\u00e9tenteurs d&rsquo;une carte Le Club Golf CLASSIC : 54,40\u20ac<\/em><\/p>\n<p><em>* D\u00e9tenteurs d&rsquo;une carte Le Club Golf GOLD : 47,60\u20ac<\/em><\/p>\n<p>&nbsp;<\/p>\n<p>En cas d&rsquo;annulation, nous vous invitons \u00e0 contacter l&rsquo;accueil du golf par mail \u00e0 l&rsquo;adresse bordeaux.pessac@bluegreen.fr<\/p>\n<p>Les d\u00e9parts de la comp\u00e9tition seront publi\u00e9s la veille sur le site de la ffg : <a href=\"https:\/\/pages.ffgolf.org\/departs\/golf\/8986b22e6f493691cc71534be6847c02\" target=\"_blank\" rel=\"noopener\">https:\/\/pages.ffgolf.org\/departs\/golf\/8986b22e6f493691cc71534be6847c02<\/a><\/p>\n<p>&nbsp;<\/p>\n","protected":false},"excerpt":{"rendered":"<p><strong>Comp\u00e9tition ROTARY Pessac Les Graves le samedi 12 avril 2025 au golf de Pessac<\/strong><\/p>\n<p><strong><em>Conditions de participation<\/em><\/strong> :<\/p>\n<ul>\n<li>Parcours 18 trous Blanc-Bleu<\/li>\n<li>Formule de jeu : scramble \u00e0 2 (inscriptions \u00e0 2 uniquement)<\/li>\n<li>D\u00e9parts en ligne de 8h20 \u00e0 13h00 (d\u00e9parts par ordre d&rsquo;index)<\/li>\n<li>Boules de d\u00e9part jaunes \/ rouges<\/li>\n<li>Index ramen\u00e9s \u00e0 36<\/li>\n<li>Cocktail de remise des prix \u00e0 18h00<\/li>\n<li>Comp\u00e9tition caritative : Les droits de jeu enti\u00e8rement revers\u00e9s \u00e0 l&rsquo;association (15\u20ac \/ personne) seront \u00e0 r\u00e9gler en ligne au moment de l&rsquo;inscription<\/li>\n<li>Le green fee pour les non abonn\u00e9s \u00e0 68\u20ac* sera \u00e0 r\u00e9gler le jour de la comp\u00e9tition aupr\u00e8s de l&rsquo;accueil du golf<\/li>\n<\/ul>\n<p><em>* Joueurs non abonn\u00e9s : 68\u20ac<\/em><\/p>\n<p><em>* D\u00e9tenteurs d&rsquo;une carte Le Club Golf CLASSIC : 54,40\u20ac<\/em><\/p>\n<p><em>* D\u00e9tenteurs d&rsquo;une carte Le Club Golf GOLD : 47,60\u20ac<\/em><\/p>\n<p>&nbsp;<\/p>\n<p>En cas d&rsquo;annulation, nous vous invitons \u00e0 contacter l&rsquo;accueil du golf par mail \u00e0 l&rsquo;adresse bordeaux.pessac@bluegreen.fr<\/p>\n<p>Les d\u00e9parts de la comp\u00e9tition seront publi\u00e9s la veille sur le site de la ffg : <a href=\"https:\/\/pages.ffgolf.org\/departs\/golf\/8986b22e6f493691cc71534be6847c02\" target=\"_blank\" rel=\"noopener\">https:\/\/pages.ffgolf.org\/departs\/golf\/8986b22e6f493691cc71534be6847c02<\/a><\/p>\n<p>&nbsp;<\/p>\n","protected":false},"featured_media":0,"comment_status":"open","ping_status":"closed","template":"","meta":[],"product_brand":[],"product_cat":[214],"product_tag":[],"class_list":{"0":"post-46362","1":"product","2":"type-product","3":"status-publish","5":"product_cat-rotary-les-graves-2025","6":"wcpa_has_options","8":"first","9":"outofstock","10":"sold-individually","11":"shipping-taxable","12":"purchasable","13":"product-type-simple"},"wcpa_form_fields":{"wcpaData":{"product":{"product_price":30,"price_html":"<span class=\"woocommerce-Price-amount amount\"><bdi>30,00<span class=\"woocommerce-Price-currencySymbol\">&euro;<\/span><\/bdi><\/span>","original_product_price":30,"price_including_tax":30,"price_excluding_tax":30,"product_id":{"parent":46362,"variation":false},"is_variable":false,"stock_status":"outofstock","stock_quantity":0,"parent_sku":"","product_attributes":[],"custom_fields":[],"is_taxable":false,"product_name":"ROTARY Pessac Les Graves","hasImage":false},"fields":{"sec_86699129a48614":{"extra":{"key":"sec_86699129a48614","section_id":"sec_86699129a48614","name":"Default","status":1,"cl_rule":"show","enableCl":false,"relations":[],"toggle":true,"title_tag":"h3","show_title":false,"showPrice":"default","form_id":43784,"form_rules":{"exclude_from_discount":false,"fee_label":"Fee","disp_hide_options_price":false,"disp_show_section_price":false,"disp_show_field_price":true,"layout_option":"standard","pric_use_as_fee":false,"process_fee_as":"woo_fee"},"layout_option":"standard"},"fields":[[{"type":"checkbox-group","required":true,"elementId":"checkbox-group_66699129a48638","label":"INSCRIPTION","priceOptions":"different_for_all","pricingType":"fixed","name":"checkbox-group_66699129a48638","other_text":"Other","cl_rule":"show","col":6,"values":[{"label":"INSCRIPTION","value":"I","price":"","pimage":"","pimage_id":"","pthumb":"","selected":true,"tempId":"aco_90","gt_translate_keys":["label"]}],"relations":false,"active":true,"tooltip":"","layOut":"","checkUi":"","error":false,"isWeightTemplate":false,"isTemplate":false,"min_quantity":"1","quantity_decimal":false,"quantity_step":"1","quantity_label":"Quantity","repeater_field_label":"{field_label}","repeater_bind":"","gt_translate_keys":["label","tooltip","repeater_field_label","quantity_label"],"price_dependency":false,"cl_dependency":false,"value":""}],[{"type":"text","required":true,"elementId":"text_46699129a48643","label":"JOUEUR 1 NOM PRENOM","pricingType":"fixed","className":"","name":"text_46699129a48643","subtype":"text","cl_rule":"show","col":6,"relations":false,"active":true,"tooltip":"","error":false,"gt_translate_keys":["label","tooltip"],"price_dependency":false,"cl_dependency":false,"value":""}],[{"type":"number","required":true,"elementId":"number_66699129a4864d","label":"JOUEUR 1 N LICENCE","pricingType":"fixed","min":"000000000","max":"999999999","className":"","name":"number_66699129a4864d","cl_rule":"show","col":6,"relations":false,"active":true,"tooltip":"","error":false,"gt_translate_keys":["label","tooltip"],"price_dependency":false,"cl_dependency":false,"value":""}],[{"type":"text","required":true,"elementId":"text_96699129a48655","label":"JOUEUR 2 NOM PRENOM","pricingType":"fixed","className":"","name":"text_96699129a48655","subtype":"text","cl_rule":"show","col":6,"relations":false,"active":true,"tooltip":"","error":false,"gt_translate_keys":["label","tooltip"],"price_dependency":false,"cl_dependency":false,"value":""}],[{"type":"number","required":true,"elementId":"number_46699129a4865d","label":"JOUEUR 2 N LICENCE","pricingType":"fixed","min":"000000000","max":"999999999","className":"","name":"number_46699129a4865d","cl_rule":"show","col":6,"relations":false,"active":true,"tooltip":"","error":false,"gt_translate_keys":["label","tooltip"],"price_dependency":false,"cl_dependency":false,"value":""}],[{"type":"checkbox-group","required":true,"elementId":"checkbox-group_06699129a48667","label":"CERTIFICAT MEDICAL AUTORISANT A FAIRE DES COMPETITIONS","description":"Ou r\u00e9pondre au questionnaire de sant\u00e9","priceOptions":"different_for_all","pricingType":"fixed","name":"checkbox-group_06699129a48667","other_text":"Other","cl_rule":"show","col":6,"values":[{"label":"Je certifie que tous les joueurs de l\u2019\u00e9quipe l'ont enregistr\u00e9","value":"OUI","price":"","pimage":"","pimage_id":"","pthumb":"","gt_translate_keys":["label"]}],"relations":false,"active":true,"tooltip":"","layOut":"","error":false,"gt_translate_keys":["label","description","tooltip"],"price_dependency":false,"cl_dependency":false,"value":""}]]}},"config":{"price_override":"","enable_recaptcha":false,"bind_quantity":false,"quantity_bind_formula":false,"disp_summ_show_option_price":true,"disp_summ_show_product_price":true,"disp_summ_show_total_price":true,"disp_summ_show_fee":false,"disp_summ_show_discount":false,"summary_title":"","options_total_label":"Options Price","total_label":"Total","options_product_label":"Product Price","fee_label":"Fee","discount_label":"Discount","has_price":true,"has_quantity_formula":false},"mc_unit":1,"tax_rate":1,"tax_rate_real":1,"discount":{"percentage":0,"fixed":0},"design":{"conf":{"LabelPosition":"above","DescPosition":"above","UploadField":"custom_1","QuantityFieldStyle":"default"},"css":{"LeftLabelWidth":"120px"}},"formulas":[],"lookuptables":[],"clones":false,"cartKey":false}},"_links":{"self":[{"href":"https:\/\/asgolfdepessac-b.fr\/index.php\/wp-json\/wp\/v2\/product\/46362","targetHints":{"allow":["GET"]}}],"collection":[{"href":"https:\/\/asgolfdepessac-b.fr\/index.php\/wp-json\/wp\/v2\/product"}],"about":[{"href":"https:\/\/asgolfdepessac-b.fr\/index.php\/wp-json\/wp\/v2\/types\/product"}],"replies":[{"embeddable":true,"href":"https:\/\/asgolfdepessac-b.fr\/index.php\/wp-json\/wp\/v2\/comments?post=46362"}],"wp:attachment":[{"href":"https:\/\/asgolfdepessac-b.fr\/index.php\/wp-json\/wp\/v2\/media?parent=46362"}],"wp:term":[{"taxonomy":"product_brand","embeddable":true,"href":"https:\/\/asgolfdepessac-b.fr\/index.php\/wp-json\/wp\/v2\/product_brand?post=46362"},{"taxonomy":"product_cat","embeddable":true,"href":"https:\/\/asgolfdepessac-b.fr\/index.php\/wp-json\/wp\/v2\/product_cat?post=46362"},{"taxonomy":"product_tag","embeddable":true,"href":"https:\/\/asgolfdepessac-b.fr\/index.php\/wp-json\/wp\/v2\/product_tag?post=46362"}],"curies":[{"name":"wp","href":"https:\/\/api.w.org\/{rel}","templated":true}]}}