{"id":45364,"date":"2024-11-17T20:29:09","date_gmt":"2024-11-17T19:29:09","guid":{"rendered":"https:\/\/asgolfdepessac-b.fr\/?post_type=product&#038;p=45364"},"modified":"2026-02-08T09:19:45","modified_gmt":"2026-02-08T08:19:45","slug":"duo1-cadiot-badie-2025-repas","status":"publish","type":"product","link":"https:\/\/asgolfdepessac-b.fr\/index.php\/produit\/duo1-cadiot-badie-2025-repas\/","title":{"rendered":"DUO1 &#8211; CADIOT BADIE 2025 REPAS"},"content":{"rendered":"","protected":false},"excerpt":{"rendered":"<p>Date : dimanche 30 novembre 2025<\/p>\n<p><span style=\"color: #000000;\"><b>Inscription uniquement au repas\u00a0 (25\u20ac) de la comp\u00e9tition Cadiot Badie<\/b><\/span><\/p>\n<div><span style=\"color: #008000;\">MENU<\/span><\/div>\n<div><span style=\"color: #008000;\">&#8211; Velout\u00e9 de Butternut, Magret fum\u00e9, noisettes torr\u00e9fi\u00e9es<\/span><\/div>\n<div><span style=\"color: #008000;\">&#8211; R\u00f4ti de b\u0153uf, \u00e9chalotes confites frites et salade<\/span><\/div>\n<div><span style=\"color: #008000;\">&#8211; Coulant chocolat chantilly mascarpone, Amandes grill\u00e9es<\/span><\/div>\n<div><span style=\"color: #008000;\">Vins, Caf\u00e9<\/span><\/div>\n<div>\n<div>\n<div><\/div>\n<\/div>\n<\/div>\n<div><a href=\"https:\/\/docs.google.com\/forms\/d\/e\/1FAIpQLSfMl4UyXE1oCK6kFQ5HWboZkfHFIWaw0LvMsXojXZk24XtrAA\/viewform?usp=header\" target=\"_blank\" rel=\"noopener\">ANNULATION<\/a><\/div>\n<div>\n<p><a href=\"https:\/\/docs.google.com\/spreadsheets\/d\/e\/2PACX-1vQNzC0Zf82uTyCh9lI7qUJ67cD7APrNptTGvgOjUeBfTKh0-m4FHPsjtrK49gaIwpSt2jpElxBqoaEm\/pubhtml\" target=\"_blank\" rel=\"noopener\">LISTE DES ANNULATIONS<\/a><\/p>\n<\/div>\n<div>\n<p><a href=\"https:\/\/drive.google.com\/drive\/u\/0\/folders\/1Hu_jHbIjTv9XrrnZsChm4qBJK75YtsGj\" target=\"_blank\" rel=\"noopener\"><span style=\"color: #008000;\">Liste des inscriptions<\/span><\/a> (Mise \u00e0 jour toutes les 2H)<\/p>\n<\/div>\n<div><\/div>\n<div>\n<div><strong><span style=\"color: #000080;\"><a style=\"color: #000080;\" href=\"https:\/\/asgolfdepessac.com\/index.php\/activites\/informations-competition\/\" target=\"_blank\" rel=\"noopener\">TOUTES LES INFORMATIONS CONCERNANT LES COMPETITIONS<\/a><\/span><\/strong><\/div>\n<div>\n<div><\/div>\n<\/div>\n<\/div>\n<p>&nbsp;<\/p>\n","protected":false},"featured_media":0,"comment_status":"open","ping_status":"closed","template":"","meta":[],"product_brand":[],"product_cat":[205],"product_tag":[],"class_list":{"0":"post-45364","1":"product","2":"type-product","3":"status-publish","5":"product_cat-duo-repas","6":"wcpa_has_options","8":"first","9":"outofstock","10":"sold-individually","11":"shipping-taxable","12":"purchasable","13":"product-type-simple"},"wcpa_form_fields":{"wcpaData":{"product":{"product_price":0,"price_html":"<span class=\"woocommerce-Price-amount amount\"><bdi>0,00<span class=\"woocommerce-Price-currencySymbol\">&euro;<\/span><\/bdi><\/span>","original_product_price":0,"price_including_tax":0,"price_excluding_tax":0,"product_id":{"parent":45364,"variation":false},"is_variable":false,"stock_status":"outofstock","stock_quantity":0,"parent_sku":"","product_attributes":[],"custom_fields":[],"is_taxable":false,"product_name":"DUO1 - CADIOT BADIE 2025 REPAS","hasImage":false},"fields":{"sec_10673a4500b53b7":{"extra":{"key":"sec_10673a4500b53b7","section_id":"sec_10673a4500b53b7","name":"Default","status":1,"cl_rule":"show","enableCl":false,"relations":[],"toggle":true,"title_tag":"h3","show_title":false,"showPrice":"default","form_id":45365,"form_rules":{"exclude_from_discount":false,"fee_label":"Fee","disp_hide_options_price":false,"disp_show_section_price":false,"disp_show_field_price":true,"layout_option":"standard","pric_use_as_fee":false,"process_fee_as":"woo_fee"},"layout_option":"standard"},"fields":[[{"type":"checkbox-group","required":true,"elementId":"checkbox-group_3673a4500b53d4","label":"INSCRIPTION","priceOptions":"different_for_all","pricingType":"fixed","name":"checkbox-group_3673a4500b53d4","other_text":"Other","cl_rule":"show","col":6,"values":[{"label":"INSCRIPTION","value":"I","price":"","pimage":"","pimage_id":"","pthumb":"","selected":true,"tempId":"aco_58","gt_translate_keys":["label"]}],"relations":false,"active":true,"tooltip":"","layOut":"","checkUi":"","error":false,"gt_translate_keys":["label","tooltip"],"price_dependency":false,"cl_dependency":false,"value":""}],[{"type":"text","required":true,"elementId":"text_5673a4500b53de","label":"JOUEUR 1 NOM PRENOM","pricingType":"fixed","name":"text_5673a4500b53de","subtype":"text","cl_rule":"show","col":6,"relations":false,"active":true,"tooltip":"","gt_translate_keys":["label","tooltip"],"price_dependency":false,"cl_dependency":false,"value":""}],[{"type":"radio-group","required":true,"elementId":"radio-group_2673a4500b5408","label":"REPAS J1","description":"Non obligatoire","enablePrice":true,"priceOptions":"different_for_all","pricingType":"fixed","name":"radio-group_2673a4500b5408","other_text":"Other","cl_rule":"show","col":6,"values":[{"label":"OUI","value":"O","price":"25","pimage":"","pimage_id":"","pthumb":"","tempId":"aco_20","gt_translate_keys":["label"]},{"label":"NON","value":"N","price":"0","pimage":"","pimage_id":"","pthumb":"","tempId":"aco_21","gt_translate_keys":["label"]}],"relations":false,"price":0,"active":true,"tooltip":"","layOut":"","checkUi":"","error":false,"gt_translate_keys":["label","description","tooltip"],"price_dependency":false,"cl_dependency":false,"value":""}],[{"type":"textarea","elementId":"textarea_10673a4500b5420","label":"Note du joueur","pricingType":"fixed","name":"textarea_10673a4500b5420","cl_rule":"show","col":6,"relations":false,"active":true,"tooltip":"","error":false,"gt_translate_keys":["label","tooltip"],"price_dependency":false,"cl_dependency":false,"value":""}]]}},"config":{"price_override":"","enable_recaptcha":false,"bind_quantity":false,"quantity_bind_formula":false,"disp_summ_show_option_price":true,"disp_summ_show_product_price":true,"disp_summ_show_total_price":true,"disp_summ_show_fee":false,"disp_summ_show_discount":false,"summary_title":"","options_total_label":"Options Price","total_label":"Total","options_product_label":"Product Price","fee_label":"Fee","discount_label":"Discount","has_price":true,"has_quantity_formula":false},"mc_unit":1,"tax_rate":1,"tax_rate_real":1,"discount":{"percentage":0,"fixed":0},"design":{"conf":{"LabelPosition":"above","DescPosition":"above","UploadField":"custom_1","QuantityFieldStyle":"default"},"css":{"LeftLabelWidth":"120px"}},"formulas":[],"lookuptables":[],"clones":false,"cartKey":false}},"_links":{"self":[{"href":"https:\/\/asgolfdepessac-b.fr\/index.php\/wp-json\/wp\/v2\/product\/45364","targetHints":{"allow":["GET"]}}],"collection":[{"href":"https:\/\/asgolfdepessac-b.fr\/index.php\/wp-json\/wp\/v2\/product"}],"about":[{"href":"https:\/\/asgolfdepessac-b.fr\/index.php\/wp-json\/wp\/v2\/types\/product"}],"replies":[{"embeddable":true,"href":"https:\/\/asgolfdepessac-b.fr\/index.php\/wp-json\/wp\/v2\/comments?post=45364"}],"wp:attachment":[{"href":"https:\/\/asgolfdepessac-b.fr\/index.php\/wp-json\/wp\/v2\/media?parent=45364"}],"wp:term":[{"taxonomy":"product_brand","embeddable":true,"href":"https:\/\/asgolfdepessac-b.fr\/index.php\/wp-json\/wp\/v2\/product_brand?post=45364"},{"taxonomy":"product_cat","embeddable":true,"href":"https:\/\/asgolfdepessac-b.fr\/index.php\/wp-json\/wp\/v2\/product_cat?post=45364"},{"taxonomy":"product_tag","embeddable":true,"href":"https:\/\/asgolfdepessac-b.fr\/index.php\/wp-json\/wp\/v2\/product_tag?post=45364"}],"curies":[{"name":"wp","href":"https:\/\/api.w.org\/{rel}","templated":true}]}}