{"id":44964,"date":"2024-10-20T09:27:52","date_gmt":"2024-10-20T07:27:52","guid":{"rendered":"https:\/\/asgolfdepessac-b.fr\/?post_type=product&#038;p=44964"},"modified":"2026-02-06T16:45:52","modified_gmt":"2026-02-06T15:45:52","slug":"coupe-cadiot-badie-2025","status":"publish","type":"product","link":"https:\/\/asgolfdepessac-b.fr\/index.php\/produit\/coupe-cadiot-badie-2025\/","title":{"rendered":"DUO 1 &#8211; CADIOT BADIE 2025"},"content":{"rendered":"<div>\n<div><\/div>\n<div>\n<div><\/div>\n<div><\/div>\n<\/div>\n<\/div>\n","protected":false},"excerpt":{"rendered":"<p>Date : dimanche 30 novembre 2025<\/p>\n<h3><strong><span style=\"color: #ff0000;\">Les inscriptions sont cl\u00f4tur\u00e9es<\/span><\/strong><\/h3>\n<p><span style=\"color: #000000;\"><b style=\"color: #000000;\">Les <\/b><b>adh\u00e9rents<\/b><b style=\"color: #000000;\"> de l&rsquo;AS\u00a0 sont prioritaires,<\/b><\/span><\/p>\n<p><strong><span style=\"color: #ff0000;\">Les chariots de golf ne sont pas autoris\u00e9s\u00a0<\/span><\/strong><\/p>\n<p><strong><span style=\"color: #ff0000;\">Les \u00e9quipes ne comportant pas d&rsquo;adh\u00e9rents AS\u00a0 seront enregistr\u00e9es en liste d&rsquo;attente<\/span><\/strong><\/p>\n<p>Formule : scramble \u00e0 2 stableford<\/p>\n<div>D\u00e9part : 9h en shotgun<\/div>\n<div>Terrain : 18 T Blanc Bleu<\/div>\n<div><\/div>\n<div>Cette comp\u00e9tition sera suivi d&rsquo;un repas\u00a0 (25\u20ac)\u00a0 non obligatoire au cours duquel seront\u00a0 remis les lots offerts par le chocolatier CADIOT BADIE<\/div>\n<div><span style=\"color: #008000;\">MENU<\/span><\/div>\n<div><span style=\"color: #008000;\">&#8211; Velout\u00e9 de Butternut, Magret fum\u00e9, noisettes torr\u00e9fi\u00e9es<\/span><\/div>\n<div><span style=\"color: #008000;\">&#8211; R\u00f4ti de b\u0153uf, \u00e9chalotes confites frites et salade<\/span><\/div>\n<div><span style=\"color: #008000;\">&#8211; Coulant chocolat chantilly mascarpone, Amandes grill\u00e9es<\/span><\/div>\n<div><span style=\"color: #008000;\">Vins, Caf\u00e9<\/span><\/div>\n<div>\n<div>\n<div><\/div>\n<\/div>\n<div><span style=\"color: #000000;\"><strong>Rep\u00e8res jaunes pour les hommes<\/strong><\/span><\/div>\n<\/div>\n<div><\/div>\n<div><strong>Rep\u00e8res rouges pour les dames<br \/>\n<\/strong><\/div>\n<div><\/div>\n<div>Le formulaire d&rsquo;inscription en \u00e9quipe est \u00e0 la suite , si vous \u00eates seul, inscrivez vous <a href=\"https:\/\/asgolfdepessac-b.fr\/index.php\/produit\/duo-1-cadiot-badie-2025-ind\/\" target=\"_blank\" rel=\"noopener\">individuellement ici<\/a><\/div>\n<div><\/div>\n<div>ANNULATION<\/div>\n<div>\n<p><a href=\"https:\/\/docs.google.com\/spreadsheets\/d\/e\/2PACX-1vQNzC0Zf82uTyCh9lI7qUJ67cD7APrNptTGvgOjUeBfTKh0-m4FHPsjtrK49gaIwpSt2jpElxBqoaEm\/pubhtml\" target=\"_blank\" rel=\"noopener\">LISTE DES ANNULATIONS<\/a><\/p>\n<\/div>\n<div>\n<p><a href=\"https:\/\/drive.google.com\/drive\/u\/0\/folders\/1Hu_jHbIjTv9XrrnZsChm4qBJK75YtsGj\" target=\"_blank\" rel=\"noopener\"><span style=\"color: #008000;\">Liste des inscriptions<\/span><\/a> (Mise \u00e0 jour toutes les 2H)<\/p>\n<\/div>\n<div><\/div>\n<div>\n<div>\n<div>Le<a href=\"https:\/\/asgolfdepessac.com\/wp-content\/uploads\/2025\/03\/ReglementCompetition-ASGP-2025-A.pdf\" target=\"_blank\" rel=\"noopener\">\u00a0<strong><span style=\"color: #008000;\">r\u00e8glement<\/span><\/strong>\u00a0<\/a>des comp\u00e9titions organis\u00e9es par l\u2019AS PESSAC est applicable<\/div>\n<\/div>\n<div><\/div>\n<div><strong><span style=\"color: #000080;\"><a style=\"color: #000080;\" href=\"https:\/\/asgolfdepessac.com\/index.php\/activites\/informations-competition\/\" target=\"_blank\" rel=\"noopener\">TOUTES LES INFORMATIONS CONCERNANT LES COMPETITIONS<\/a><\/span><\/strong><\/div>\n<div>\n<div><\/div>\n<div><\/div>\n<\/div>\n<\/div>\n","protected":false},"featured_media":0,"comment_status":"open","ping_status":"closed","template":"","meta":[],"product_brand":[],"product_cat":[235],"product_tag":[],"class_list":{"0":"post-44964","1":"product","2":"type-product","3":"status-publish","5":"product_cat-duo-e-cb-spe","6":"wcpa_has_options","8":"first","9":"outofstock","10":"sold-individually","11":"shipping-taxable","12":"purchasable","13":"product-type-simple"},"wcpa_form_fields":{"wcpaData":{"product":{"product_price":0,"price_html":"<span class=\"woocommerce-Price-amount amount\"><bdi>0,00<span class=\"woocommerce-Price-currencySymbol\">&euro;<\/span><\/bdi><\/span>","original_product_price":0,"price_including_tax":0,"price_excluding_tax":0,"product_id":{"parent":44964,"variation":false},"is_variable":false,"stock_status":"outofstock","stock_quantity":0,"parent_sku":"","product_attributes":[],"custom_fields":[],"is_taxable":false,"product_name":"DUO 1 - CADIOT BADIE 2025","hasImage":false},"fields":{"sec_5690234630372a":{"extra":{"key":"sec_5690234630372a","section_id":"sec_5690234630372a","name":"Default","status":1,"cl_rule":"show","enableCl":false,"relations":[],"toggle":true,"title_tag":"h3","show_title":false,"showPrice":"default","form_id":49374,"form_rules":{"exclude_from_discount":false,"fee_label":"Fee","disp_hide_options_price":false,"disp_show_section_price":false,"disp_show_field_price":true,"layout_option":"standard","pric_use_as_fee":false,"process_fee_as":"woo_fee"},"layout_option":"standard"},"fields":[[{"type":"text","required":true,"elementId":"text_16902346303740","label":"JOUEUR 1 NOM PRENOM","pricingType":"fixed","name":"text_16902346303740","subtype":"text","cl_rule":"show","col":6,"relations":false,"active":true,"tooltip":"","gt_translate_keys":["label","tooltip"],"price_dependency":false,"cl_dependency":false,"value":""}],[{"type":"number","required":true,"elementId":"number_76902346303746","label":"JOUEUR 1 N LICENCE","pricingType":"fixed","min":"000000000","max":"999999999","name":"number_76902346303746","cl_rule":"show","col":6,"relations":false,"active":true,"tooltip":"","gt_translate_keys":["label","tooltip"],"price_dependency":false,"cl_dependency":false,"value":""}],[{"type":"radio-group","required":true,"elementId":"radio-group_1690234630374c","label":"JOUEUR 1 CATEGORIE","description":"Adherent AS Golf de Pessac?","inline":true,"priceOptions":"different_for_all","pricingType":"fixed","name":"radio-group_1690234630374c","other_text":"Other","cl_rule":"show","cl_val":"AS","operator":"and","col":6,"values":[{"label":"AS Pessac","value":"AS","price":"","pimage":"","pimage_id":"","pthumb":"","tempId":"aco_20","gt_translate_keys":["label"]},{"label":"NON AS Pessac","value":"NONAS","price":"","pimage":"","pimage_id":"","pthumb":"","tempId":"aco_21","gt_translate_keys":["label"]}],"relations":[{"operator":"and","rules":[{"operator":false,"rules":{"cl_field":"radio-group_1690234630374c","cl_relation":"is","cl_val":"AS"}}]},{"operator":false,"rules":[]}],"active":true,"tooltip":"","layOut":"inline","checkUi":"","error":false,"isWeightTemplate":false,"isTemplate":false,"min_quantity":"1","quantity_decimal":false,"quantity_step":"1","quantity_label":"Quantity","repeater_field_label":"{field_label}","repeater_bind":"","gt_translate_keys":["label","description","tooltip","repeater_field_label","quantity_label"],"price_dependency":false,"cl_dependency":["radio-group_96902346303750","radio-group_66902346303754","checkbox-group_26902346303773","checkbox-group_106902346303777"],"value":""}],[{"type":"radio-group","required":true,"elementId":"radio-group_96902346303750","label":"INSCRIPTION AS J1","description":"Champ pour inscription adh\u00e9rent As golf de  Pessac","inline":true,"enablePrice":true,"priceOptions":"different_for_all","pricingType":"fixed","name":"radio-group_96902346303750","other_text":"Other","enableCl":true,"cl_rule":"show","cl_val":"AS","col":6,"values":[{"label":"Adulte","value":"adulteas","price":"10","pimage":"","pimage_id":"","pthumb":"","tempId":"aco_21","gt_translate_keys":["label"]},{"label":"Jeune","value":"Jeuneas","price":"0","pimage":"","pimage_id":"","pthumb":"","tempId":"aco_23","gt_translate_keys":["label"]}],"relations":[{"operator":false,"rules":[{"operator":false,"rules":{"cl_field":"radio-group_1690234630374c","cl_relation":"is","cl_val":"AS"}}]}],"price":0,"active":true,"tooltip":"","layOut":"inline","checkUi":"","error":false,"isWeightTemplate":false,"isTemplate":false,"min_quantity":"1","quantity_decimal":false,"quantity_step":"1","quantity_label":"Quantity","repeater_field_label":"{field_label}","repeater_bind":"","gt_translate_keys":["label","description","tooltip","repeater_field_label","quantity_label"],"price_dependency":false,"cl_dependency":false,"value":""}],[{"type":"radio-group","required":true,"elementId":"radio-group_66902346303754","label":"INSCRIPTION NON AS J1","description":"Champ pour inscription non adh\u00e9rent  AS Golf de Pessac","inline":true,"enablePrice":true,"priceOptions":"different_for_all","pricingType":"fixed","name":"radio-group_66902346303754","other_text":"Other","enableCl":true,"cl_rule":"show","cl_val":"NONAS","col":6,"values":[{"label":"Adulte","value":"adultenas","price":"20","pimage":"","pimage_id":"","pthumb":"","tempId":"aco_53","gt_translate_keys":["label"]},{"label":"Jeune","value":"Jeunenas","price":"10","pimage":"","pimage_id":"","pthumb":"","tempId":"aco_55","gt_translate_keys":["label"]}],"relations":[{"operator":false,"rules":[{"operator":false,"rules":{"cl_field":"radio-group_1690234630374c","cl_relation":"is","cl_val":"NONAS"}}]}],"price":0,"active":true,"tooltip":"","layOut":"inline","checkUi":"","error":false,"isWeightTemplate":false,"isTemplate":false,"min_quantity":"1","quantity_decimal":false,"quantity_step":"1","quantity_label":"Quantity","repeater_field_label":"{field_label}","repeater_bind":"","gt_translate_keys":["label","description","tooltip","repeater_field_label","quantity_label"],"price_dependency":false,"cl_dependency":false,"value":""}],[{"type":"radio-group","required":true,"elementId":"radio-group_26902346303758","label":"REPAS J1","description":"Non obligatoire","enablePrice":true,"priceOptions":"different_for_all","pricingType":"fixed","name":"radio-group_26902346303758","other_text":"Other","cl_rule":"show","col":6,"values":[{"label":"OUI","value":"O","price":"25","pimage":"","pimage_id":"","pthumb":"","tempId":"aco_20","gt_translate_keys":["label"]},{"label":"NON","value":"N","price":"0","pimage":"","pimage_id":"","pthumb":"","tempId":"aco_21","gt_translate_keys":["label"]}],"relations":false,"price":0,"active":true,"tooltip":"","layOut":"","checkUi":"","error":false,"gt_translate_keys":["label","description","tooltip"],"price_dependency":false,"cl_dependency":false,"value":""}],[{"type":"text","required":true,"elementId":"text_2690234630375b","label":"JOUEUR 2 NOM PRENOM","pricingType":"fixed","name":"text_2690234630375b","subtype":"text","cl_rule":"show","col":6,"relations":false,"active":true,"tooltip":"","gt_translate_keys":["label","tooltip"],"price_dependency":false,"cl_dependency":false,"value":""}],[{"type":"number","required":true,"elementId":"number_7690234630375f","label":"JOUEUR 2 N LICENCE","pricingType":"fixed","min":"000000000","max":"999999999","name":"number_7690234630375f","cl_rule":"show","col":6,"relations":false,"active":true,"tooltip":"","gt_translate_keys":["label","tooltip"],"price_dependency":false,"cl_dependency":false,"value":""}],[{"type":"radio-group","required":true,"elementId":"radio-group_46902346303763","label":"JOUEUR 2 CATEGORIE","description":"Adherent AS Golf de Pessac?","inline":true,"priceOptions":"different_for_all","pricingType":"fixed","name":"radio-group_46902346303763","other_text":"Other","cl_rule":"show","cl_val":"AS","operator":"and","col":6,"values":[{"label":"AS2 Pessac","value":"AS2","price":"","pimage":"","pimage_id":"","pthumb":"","tempId":"aco_19","selected":false,"gt_translate_keys":["label"]},{"label":"NON AS2 Pessac","value":"NONAS2","price":"","pimage":"","pimage_id":"","pthumb":"","tempId":"aco_20","selected":false,"gt_translate_keys":["label"]}],"relations":[{"operator":"and","rules":[{"operator":false,"rules":{"cl_field":"radio-group_1690234630374c","cl_relation":"is","cl_val":"AS"}}]},{"operator":false,"rules":[]}],"active":true,"tooltip":"","layOut":"inline","checkUi":"","error":false,"gt_translate_keys":["label","description","tooltip"],"price_dependency":false,"cl_dependency":["radio-group_06902346303766","radio-group_10690234630376a","checkbox-group_26902346303773","checkbox-group_106902346303777"],"value":""}],[{"type":"radio-group","required":true,"elementId":"radio-group_06902346303766","label":"INSCRIPTION AS J2","description":"Champ pour inscription adh\u00e9rent As golf de  Pessac","inline":true,"enablePrice":true,"priceOptions":"different_for_all","pricingType":"fixed","name":"radio-group_06902346303766","other_text":"Other","enableCl":true,"cl_rule":"show","cl_val":"AS2","col":6,"values":[{"label":"Adulte","value":"adulteas","price":"10","pimage":"","pimage_id":"","pthumb":"","tempId":"aco_85","gt_translate_keys":["label"]},{"label":"Jeune","value":"Jeuneas","price":"0","pimage":"","pimage_id":"","pthumb":"","tempId":"aco_87","gt_translate_keys":["label"]}],"relations":[{"operator":false,"rules":[{"operator":false,"rules":{"cl_field":"radio-group_46902346303763","cl_relation":"is","cl_val":"AS2"}}]}],"price":0,"active":true,"tooltip":"","layOut":"inline","checkUi":"","error":false,"isWeightTemplate":false,"isTemplate":false,"min_quantity":"1","quantity_decimal":false,"quantity_step":"1","quantity_label":"Quantity","repeater_field_label":"{field_label}","repeater_bind":"","gt_translate_keys":["label","description","tooltip","repeater_field_label","quantity_label"],"price_dependency":false,"cl_dependency":false,"value":""}],[{"type":"radio-group","required":true,"elementId":"radio-group_10690234630376a","label":"INSCRIPTION NON AS J2","description":"Champ pour inscription non adh\u00e9rent  AS Gof de Pessac","inline":true,"enablePrice":true,"priceOptions":"different_for_all","pricingType":"fixed","name":"radio-group_10690234630376a","other_text":"Other","enableCl":true,"cl_rule":"show","cl_val":"NONAS2","col":6,"values":[{"label":"Adulte","value":"adultenas","price":"20","pimage":"","pimage_id":"","pthumb":"","tempId":"aco_117","gt_translate_keys":["label"]},{"label":"Jeune","value":"Jeunenas","price":"10","pimage":"","pimage_id":"","pthumb":"","tempId":"aco_119","gt_translate_keys":["label"]}],"relations":[{"operator":false,"rules":[{"operator":false,"rules":{"cl_field":"radio-group_46902346303763","cl_relation":"is","cl_val":"NONAS2"}}]}],"price":0,"active":true,"tooltip":"","layOut":"inline","checkUi":"","error":false,"isWeightTemplate":false,"isTemplate":false,"min_quantity":"1","quantity_decimal":false,"quantity_step":"1","quantity_label":"Quantity","repeater_field_label":"{field_label}","repeater_bind":"","gt_translate_keys":["label","description","tooltip","repeater_field_label","quantity_label"],"price_dependency":false,"cl_dependency":false,"value":""}],[{"type":"radio-group","required":true,"elementId":"radio-group_8690234630376e","label":"REPAS J2","description":"Non obligatoire","enablePrice":true,"priceOptions":"different_for_all","pricingType":"fixed","name":"radio-group_8690234630376e","other_text":"Other","cl_rule":"show","col":6,"values":[{"label":"OUI","value":"O","price":"25","pimage":"","pimage_id":"","pthumb":"","tempId":"aco_59","gt_translate_keys":["label"]},{"label":"NON","value":"N","price":"0","pimage":"","pimage_id":"","pthumb":"","tempId":"aco_60","gt_translate_keys":["label"]}],"relations":false,"price":0,"active":true,"tooltip":"","layOut":"","checkUi":"","error":false,"gt_translate_keys":["label","description","tooltip"],"price_dependency":false,"cl_dependency":false,"value":""}],[{"type":"checkbox-group","required":true,"elementId":"checkbox-group_26902346303773","label":"INSCRIPTION","priceOptions":"different_for_all","pricingType":"fixed","name":"checkbox-group_26902346303773","other_text":"Other","cl_rule":"show","col":6,"values":[{"label":"LISTE ATTENTE AS","value":"V","price":"","pimage":"","pimage_id":"","pthumb":"","selected":true,"tempId":"aco_19","gt_translate_keys":["label"]}],"relations":[{"operator":"or","rules":[{"operator":"AND","rules":{"cl_field":"radio-group_1690234630374c","cl_relation":"is","cl_val":"AS"}}]},{"operator":false,"rules":[{"operator":"AND","rules":{"cl_field":"radio-group_46902346303763","cl_relation":"is","cl_val":"AS2"}}]}],"active":true,"tooltip":"","layOut":"","checkUi":"","error":false,"enableCl":true,"isWeightTemplate":false,"isTemplate":false,"min_quantity":"1","quantity_decimal":false,"quantity_step":"1","quantity_label":"Quantity","repeater_field_label":"{field_label}","repeater_bind":"","gt_translate_keys":["label","tooltip","repeater_field_label","quantity_label"],"price_dependency":false,"cl_dependency":false,"value":""}],[{"label":"INSCRIPTION","active":true,"required":true,"elementId":"checkbox-group_106902346303777","tooltip":"","name":"checkbox-group_106902346303777","enableCl":true,"relations":[{"operator":"and","rules":[{"operator":"AND","rules":{"cl_field":"radio-group_1690234630374c","cl_relation":"is","cl_val":"NONAS"}}]},{"operator":false,"rules":[{"operator":"AND","rules":{"cl_field":"radio-group_46902346303763","cl_relation":"is","cl_val":"NONAS2"}}]}],"checkUi":"","layOut":"","other_text":"Other","values":[{"label":"LISTE ATTENTE NON AS","value":"NP","price":"","pimage":"","pimage_id":"","pthumb":"","selected":false,"tempId":"aco_19","gt_translate_keys":["label"]}],"priceOptions":"different_for_all","pricingType":"fixed","cl_rule":"show","col":6,"type":"checkbox-group","error":false,"description":"Aucun joueur n'est membre de l'AS,","isWeightTemplate":false,"isTemplate":false,"min_quantity":"1","quantity_decimal":false,"quantity_step":"1","quantity_label":"Quantity","repeater_field_label":"{field_label}","repeater_bind":"","gt_translate_keys":["label","description","tooltip","repeater_field_label","quantity_label"],"price_dependency":false,"cl_dependency":false,"value":""}],[{"label":"CERTIFICAT MEDICAL AUTORISANT A FAIRE DES COMPETITIONS","active":true,"required":true,"elementId":"checkbox-group_0690234630377b","description":"Ou r\u00e9pondre au questionnaire de sant\u00e9","tooltip":"","name":"checkbox-group_0690234630377b","relations":false,"checkUi":"","layOut":"","other_text":"Other","values":[{"label":"Je certifie que tous les joueurs de l\u2019\u00e9quipe l'ont enregistr\u00e9","value":"OUI","price":"","pimage":"","pimage_id":"","pthumb":"","gt_translate_keys":["label"]}],"priceOptions":"different_for_all","pricingType":"fixed","cl_rule":"show","col":6,"type":"checkbox-group","isWeightTemplate":false,"error":false,"isTemplate":false,"min_quantity":"1","quantity_decimal":false,"quantity_step":"1","quantity_label":"Quantity","repeater_field_label":"{field_label}","repeater_bind":"","gt_translate_keys":["label","description","tooltip","repeater_field_label","quantity_label"],"price_dependency":false,"cl_dependency":false,"value":""}],[{"label":"ACCORD","active":true,"required":true,"elementId":"checkbox-group_3690234630377f","description":"J'accepte toutes les conditions de d\u00e9roulement de cette manifestation","tooltip":"","name":"checkbox-group_3690234630377f","relations":false,"checkUi":"","layOut":"","other_text":"Other","values":[{"label":"OUI","value":"O","price":"","pimage":"","pimage_id":"","pthumb":"","tempId":"aco_111","gt_translate_keys":["label"]}],"priceOptions":"different_for_all","pricingType":"fixed","cl_rule":"show","col":6,"type":"checkbox-group","error":false,"gt_translate_keys":["label","description","tooltip"],"price_dependency":false,"cl_dependency":false,"value":""}],[{"type":"textarea","elementId":"textarea_36902346303783","label":"Note du joueur","pricingType":"fixed","name":"textarea_36902346303783","cl_rule":"show","col":6,"relations":false,"active":true,"tooltip":"","error":false,"gt_translate_keys":["label","tooltip"],"price_dependency":false,"cl_dependency":false,"value":""}]]}},"config":{"price_override":"","enable_recaptcha":false,"bind_quantity":false,"quantity_bind_formula":false,"disp_summ_show_option_price":true,"disp_summ_show_product_price":true,"disp_summ_show_total_price":true,"disp_summ_show_fee":false,"disp_summ_show_discount":false,"summary_title":"","options_total_label":"Options Price","total_label":"Total","options_product_label":"Product Price","fee_label":"Fee","discount_label":"Discount","has_price":true,"has_quantity_formula":false},"mc_unit":1,"tax_rate":1,"tax_rate_real":1,"discount":{"percentage":0,"fixed":0},"design":{"conf":{"LabelPosition":"above","DescPosition":"above","UploadField":"custom_1","QuantityFieldStyle":"default"},"css":{"LeftLabelWidth":"120px"}},"formulas":[],"lookuptables":[],"clones":false,"cartKey":false}},"_links":{"self":[{"href":"https:\/\/asgolfdepessac-b.fr\/index.php\/wp-json\/wp\/v2\/product\/44964","targetHints":{"allow":["GET"]}}],"collection":[{"href":"https:\/\/asgolfdepessac-b.fr\/index.php\/wp-json\/wp\/v2\/product"}],"about":[{"href":"https:\/\/asgolfdepessac-b.fr\/index.php\/wp-json\/wp\/v2\/types\/product"}],"replies":[{"embeddable":true,"href":"https:\/\/asgolfdepessac-b.fr\/index.php\/wp-json\/wp\/v2\/comments?post=44964"}],"wp:attachment":[{"href":"https:\/\/asgolfdepessac-b.fr\/index.php\/wp-json\/wp\/v2\/media?parent=44964"}],"wp:term":[{"taxonomy":"product_brand","embeddable":true,"href":"https:\/\/asgolfdepessac-b.fr\/index.php\/wp-json\/wp\/v2\/product_brand?post=44964"},{"taxonomy":"product_cat","embeddable":true,"href":"https:\/\/asgolfdepessac-b.fr\/index.php\/wp-json\/wp\/v2\/product_cat?post=44964"},{"taxonomy":"product_tag","embeddable":true,"href":"https:\/\/asgolfdepessac-b.fr\/index.php\/wp-json\/wp\/v2\/product_tag?post=44964"}],"curies":[{"name":"wp","href":"https:\/\/api.w.org\/{rel}","templated":true}]}}