{"id":42747,"date":"2024-05-19T10:41:54","date_gmt":"2024-05-19T08:41:54","guid":{"rendered":"https:\/\/asgolfdepessac-b.fr\/?post_type=product&#038;p=42747"},"modified":"2026-02-05T21:02:52","modified_gmt":"2026-02-05T20:02:52","slug":"la-18-55-golf-cup","status":"publish","type":"product","link":"https:\/\/asgolfdepessac-b.fr\/index.php\/produit\/la-18-55-golf-cup\/","title":{"rendered":"LA 18-55 GOLF CUP"},"content":{"rendered":"<p style=\"text-align: center;\"><strong><em>COMP\u00c9TITION COMPL\u00c8TE<br \/>\n<\/em><\/strong><\/p>\n<p>&nbsp;<\/p>\n<p><strong>DIMANCHE 9 JUIN 2024<\/strong><\/p>\n<p>Le Golf de Pessac, en collaboration avec le photographe David Manaud et la Soci\u00e9t\u00e9 de production Audio Visuelle 18-55, a le plaisir de vous inviter \u00e0 la premi\u00e8re \u00e9dition de la <strong>18-55 Golf Cup<\/strong> !<\/p>\n<p>Cette journ\u00e9e sportive et culturelle mettra \u00e0 l&rsquo;honneur le golf et la photographie.<\/p>\n<p><strong>Sportive<\/strong> : avec une comp\u00e9tition de Scramble \u00e0 4 (\u00e0 la Fran\u00e7aise).<\/p>\n<p><strong>Culturelle<\/strong> : avec une exposition de photographies prises sur le golf par le photographe David Manaud.<\/p>\n<p>Ne manquez pas cette date in\u00e9dite et rejoignez-nous le dimanche 9 juin 2024<\/p>\n<p>L\u2019entr\u00e9e est libre pour l\u2019exposition<\/p>\n<p>&nbsp;<\/p>\n<p><strong><em>Au programme<\/em><\/strong> :<\/p>\n<ul>\n<li>D\u00e9part en shotgun \u00e0 9h<\/li>\n<li>Scramble \u00e0 4 \u00e0 la fran\u00e7aise (inscription par 4)<\/li>\n<li>Concours de Drive et concours de pr\u00e9cision<\/li>\n<li>Nombreux lots et surprises pour tous<\/li>\n<li>14h \u2013 Cocktail et remise des prix au cours du vernissage<\/li>\n<\/ul>\n<p>Les droits de jeu seront \u00e0 r\u00e9gler en ligne pour les 4 joueurs au moment de l&rsquo;inscription<\/p>\n<p>Le Green fee pour les joueurs non abonn\u00e9s sera \u00e0 r\u00e9gler aupr\u00e8s de l&rsquo;accueil le jour de l&rsquo;\u00e9v\u00e8nement (67\u20ac)<\/p>\n<p>Les d\u00e9parts seront en ligne sur le site de la FFG la veille de l&rsquo;\u00e9v\u00e8nement.<\/p>\n<p>En cas d&#8217;emp\u00eachement ou de changement de joueur, merci d&rsquo;envoyer un mail \u00e0 l&rsquo;adresse bordeaux.pessac@bluegreen.fr<\/p>\n<p>&nbsp;<\/p>\n","protected":false},"excerpt":{"rendered":"<p style=\"text-align: center;\"><strong><em>COMP\u00c9TITION COMPL\u00c8TE<\/em><\/strong><\/p>\n<p>&nbsp;<\/p>\n<p><strong>DIMANCHE 9 JUIN 2024<\/strong><\/p>\n<p>Le Golf de Pessac, en collaboration avec le photographe David Manaud et la Soci\u00e9t\u00e9 de production Audio Visuelle 18-55, a le plaisir de vous inviter \u00e0 la premi\u00e8re \u00e9dition de la <strong>18-55 Golf Cup<\/strong> !<\/p>\n<p>Cette journ\u00e9e sportive et culturelle mettra \u00e0 l&rsquo;honneur le golf et la photographie.<\/p>\n<p><strong>Sportive<\/strong> : avec une comp\u00e9tition de Scramble \u00e0 4 (\u00e0 la Fran\u00e7aise).<\/p>\n<p><strong>Culturelle<\/strong> : avec une exposition de photographies prises sur le golf par le photographe David Manaud.<\/p>\n<p>Ne manquez pas cette date in\u00e9dite et rejoignez-nous le dimanche 9 juin 2024<\/p>\n<p>L\u2019entr\u00e9e est libre pour l\u2019exposition<\/p>\n<p>&nbsp;<\/p>\n<p><strong><em>Au programme<\/em><\/strong> :<\/p>\n<ul>\n<li>D\u00e9part en shotgun \u00e0 9h<\/li>\n<li>Scramble \u00e0 4 \u00e0 la fran\u00e7aise (inscription par 4)<\/li>\n<li>Concours de Drive et concours de pr\u00e9cision<\/li>\n<li>Nombreux lots et surprises pour tous<\/li>\n<li>14h \u2013 Cocktail et remise des prix au cours du vernissage<\/li>\n<\/ul>\n<p>Les droits de jeu seront \u00e0 r\u00e9gler en ligne pour les 4 joueurs au moment de l&rsquo;inscription<\/p>\n<p>Le Green fee pour les joueurs non abonn\u00e9s sera \u00e0 r\u00e9gler aupr\u00e8s de l&rsquo;accueil le jour de l&rsquo;\u00e9v\u00e8nement (67\u20ac)<\/p>\n<p>Les d\u00e9parts seront en ligne sur le site de la FFG la veille de l&rsquo;\u00e9v\u00e8nement.<\/p>\n<p>En cas d&#8217;emp\u00eachement ou de changement de joueur, merci d&rsquo;envoyer un mail \u00e0 l&rsquo;adresse bordeaux.pessac@bluegreen.fr<\/p>\n<p>&nbsp;<\/p>\n","protected":false},"featured_media":0,"comment_status":"open","ping_status":"closed","template":"","meta":[],"product_brand":[],"product_cat":[191],"product_tag":[],"class_list":{"0":"post-42747","1":"product","2":"type-product","3":"status-publish","5":"product_cat-18-55","6":"wcpa_has_options","8":"first","9":"outofstock","10":"shipping-taxable","11":"purchasable","12":"product-type-simple"},"wcpa_form_fields":{"wcpaData":{"product":{"product_price":60,"price_html":"<span class=\"woocommerce-Price-amount amount\"><bdi>60,00<span class=\"woocommerce-Price-currencySymbol\">&euro;<\/span><\/bdi><\/span>","original_product_price":60,"price_including_tax":60,"price_excluding_tax":60,"product_id":{"parent":42747,"variation":false},"is_variable":false,"stock_status":"outofstock","stock_quantity":0,"parent_sku":"","product_attributes":[],"custom_fields":[],"is_taxable":false,"product_name":"LA 18-55 GOLF CUP","hasImage":false},"fields":{"sec_36649be7061019":{"extra":{"key":"sec_36649be7061019","section_id":"sec_36649be7061019","name":"Default","status":1,"cl_rule":"show","enableCl":false,"relations":[],"toggle":true,"title_tag":"h3","show_title":false,"showPrice":"default","form_id":42750,"form_rules":{"exclude_from_discount":false,"fee_label":"Fee","disp_hide_options_price":false,"disp_show_section_price":false,"disp_show_field_price":true,"layout_option":"standard","pric_use_as_fee":false,"process_fee_as":"woo_fee"},"layout_option":"standard"},"fields":[[{"type":"checkbox-group","required":true,"elementId":"checkbox-group_46649be706104e","label":"INSCRIPTION","priceOptions":"different_for_all","pricingType":"fixed","name":"checkbox-group_46649be706104e","other_text":"Other","cl_rule":"show","col":6,"values":[{"label":"INSCRIPTION","value":"I","price":"","pimage":"","pimage_id":"","pthumb":"","selected":true,"tempId":"aco_124","gt_translate_keys":["label"]}],"relations":false,"active":true,"tooltip":"","layOut":"","checkUi":"","error":false,"gt_translate_keys":["label","tooltip"],"price_dependency":false,"cl_dependency":false,"value":""}],[{"type":"text","required":true,"elementId":"text_06649be706105b","label":"JOUEUR 1 NOM PRENOM","pricingType":"fixed","name":"text_06649be706105b","subtype":"text","cl_rule":"show","col":6,"relations":false,"active":true,"tooltip":"","gt_translate_keys":["label","tooltip"],"price_dependency":false,"cl_dependency":false,"value":""}],[{"type":"number","required":true,"elementId":"number_46649be7061064","label":"JOUEUR 1 N LICENCE","pricingType":"fixed","min":"000000000","max":"999999999","name":"number_46649be7061064","cl_rule":"show","col":6,"relations":false,"active":true,"tooltip":"","gt_translate_keys":["label","tooltip"],"price_dependency":false,"cl_dependency":false,"value":""}],[{"type":"text","required":true,"elementId":"text_76649be70610ab","label":"JOUEUR 2 NOM PRENOM","pricingType":"fixed","name":"text_76649be70610ab","subtype":"text","cl_rule":"show","col":6,"relations":false,"active":true,"tooltip":"","gt_translate_keys":["label","tooltip"],"price_dependency":false,"cl_dependency":false,"value":""}],[{"type":"number","required":true,"elementId":"number_06649be70610b8","label":"JOUEUR 2 N LICENCE","pricingType":"fixed","min":"000000000","max":"999999999","name":"number_06649be70610b8","cl_rule":"show","col":6,"relations":false,"active":true,"tooltip":"","gt_translate_keys":["label","tooltip"],"price_dependency":false,"cl_dependency":false,"value":""}],[{"type":"text","required":true,"elementId":"text_76649be70610ea","label":"JOUEUR 3 NOM PRENOM","pricingType":"fixed","name":"text_76649be70610ea","subtype":"text","cl_rule":"show","col":6,"relations":false,"active":true,"tooltip":"","gt_translate_keys":["label","tooltip"],"price_dependency":false,"cl_dependency":false,"value":""}],[{"type":"number","required":true,"elementId":"number_106649be70610f2","label":"JOUEUR 3 N LICENCE","pricingType":"fixed","min":"000000000","max":"999999999","name":"number_106649be70610f2","cl_rule":"show","col":6,"relations":false,"active":true,"tooltip":"","gt_translate_keys":["label","tooltip"],"price_dependency":false,"cl_dependency":false,"value":""}],[{"type":"text","required":true,"elementId":"text_96649be7061124","label":"JOUEUR 4 NOM PRENOM","pricingType":"fixed","name":"text_96649be7061124","subtype":"text","cl_rule":"show","col":6,"relations":false,"active":true,"tooltip":"","gt_translate_keys":["label","tooltip"],"price_dependency":false,"cl_dependency":false,"value":""}],[{"type":"number","required":true,"elementId":"number_106649be706112b","label":"JOUEUR 4 N LICENCE","pricingType":"fixed","min":"000000000","max":"999999999","name":"number_106649be706112b","cl_rule":"show","col":6,"relations":false,"active":true,"tooltip":"","gt_translate_keys":["label","tooltip"],"price_dependency":false,"cl_dependency":false,"value":""}],[{"type":"checkbox-group","required":true,"elementId":"checkbox-group_66649be7061160","label":"CERTIFICAT MEDICAL AUTORISANT A FAIRE DES COMPETITIONS","description":"Ou r\u00e9pondre au questionnaire de sant\u00e9","priceOptions":"different_for_all","pricingType":"fixed","name":"checkbox-group_66649be7061160","other_text":"Other","cl_rule":"show","col":6,"values":[{"label":"Je certifie que tous les joueurs de l\u2019\u00e9quipe l'ont enregistr\u00e9","value":"OUI","price":"","pimage":"","pimage_id":"","pthumb":"","gt_translate_keys":["label"]}],"relations":false,"active":true,"tooltip":"","layOut":"","error":false,"gt_translate_keys":["label","description","tooltip"],"price_dependency":false,"cl_dependency":false,"value":""}]]}},"config":{"price_override":"","enable_recaptcha":false,"bind_quantity":false,"quantity_bind_formula":false,"disp_summ_show_option_price":true,"disp_summ_show_product_price":true,"disp_summ_show_total_price":true,"disp_summ_show_fee":false,"disp_summ_show_discount":false,"summary_title":"","options_total_label":"Options Price","total_label":"Total","options_product_label":"Product Price","fee_label":"Fee","discount_label":"Discount","has_price":true,"has_quantity_formula":false},"mc_unit":1,"tax_rate":1,"tax_rate_real":1,"discount":{"percentage":0,"fixed":0},"design":{"conf":{"LabelPosition":"above","DescPosition":"above","UploadField":"custom_1","QuantityFieldStyle":"default"},"css":{"LeftLabelWidth":"120px"}},"formulas":[],"lookuptables":[],"clones":false,"cartKey":false}},"_links":{"self":[{"href":"https:\/\/asgolfdepessac-b.fr\/index.php\/wp-json\/wp\/v2\/product\/42747","targetHints":{"allow":["GET"]}}],"collection":[{"href":"https:\/\/asgolfdepessac-b.fr\/index.php\/wp-json\/wp\/v2\/product"}],"about":[{"href":"https:\/\/asgolfdepessac-b.fr\/index.php\/wp-json\/wp\/v2\/types\/product"}],"replies":[{"embeddable":true,"href":"https:\/\/asgolfdepessac-b.fr\/index.php\/wp-json\/wp\/v2\/comments?post=42747"}],"wp:attachment":[{"href":"https:\/\/asgolfdepessac-b.fr\/index.php\/wp-json\/wp\/v2\/media?parent=42747"}],"wp:term":[{"taxonomy":"product_brand","embeddable":true,"href":"https:\/\/asgolfdepessac-b.fr\/index.php\/wp-json\/wp\/v2\/product_brand?post=42747"},{"taxonomy":"product_cat","embeddable":true,"href":"https:\/\/asgolfdepessac-b.fr\/index.php\/wp-json\/wp\/v2\/product_cat?post=42747"},{"taxonomy":"product_tag","embeddable":true,"href":"https:\/\/asgolfdepessac-b.fr\/index.php\/wp-json\/wp\/v2\/product_tag?post=42747"}],"curies":[{"name":"wp","href":"https:\/\/api.w.org\/{rel}","templated":true}]}}