{"id":42003,"date":"2024-04-08T20:43:08","date_gmt":"2024-04-08T18:43:08","guid":{"rendered":"https:\/\/asgolfdepessac-b.fr\/?post_type=product&#038;p=42003"},"modified":"2026-04-15T19:45:18","modified_gmt":"2026-04-15T17:45:18","slug":"coupe-as-2026","status":"publish","type":"product","link":"https:\/\/asgolfdepessac-b.fr\/index.php\/produit\/coupe-as-2026\/","title":{"rendered":"COUPE AS 2026 GRESHAM Banque priv\u00e9e"},"content":{"rendered":"","protected":false},"excerpt":{"rendered":"<p><strong>Date :<\/strong> Samedi 25 avril 2025<\/p>\n<p><strong><span style=\"color: #0000ff;\">18T Blanc Bleu<\/span><\/strong>\u00a0 : Premier d\u00e9part\u00a0 8H20\u00a0 5 s\u00e9ries &#8211; Individuel Stableford<\/p>\n<p>1\u00e8re s\u00e9rie Messieurs ( inf\u00e9rieur \u00e0 11,4) : rep\u00e8res Blanc<\/p>\n<p>1\u00e8re s\u00e9rie Dames (inf\u00e9rieur \u00e0 15,4 ) : rep\u00e8res Bleu<\/p>\n<p>2\u00e8me s\u00e9rie de 11,5 \u00e0 25,4 et 3\u00e8me s\u00e9rie Messieurs : rep\u00e8res Jaunes<\/p>\n<p>2\u00e8me s\u00e9rie Dames : rep\u00e8res rouge<\/p>\n<div><strong>Fermeture des inscriptions<\/strong> : jeudi 23 avril 18h00<\/div>\n<div><\/div>\n<div><a href=\"https:\/\/asgolfdepessac.com\/index.php\/activites\/coupe-as\/\" target=\"_blank\" rel=\"noopener\">TOUTES LES INFORMATIONS COMPLEMENTAIRES<\/a><\/div>\n<div><\/div>\n<div>\n<div>La remise des prix aura lieu \u00e0 partir de 18H30.<\/div>\n<div>Un cadeau de bienvenue pour chaque joueur, les prix de la comp\u00e9tition et le cocktail sont offerts par notre partenaire <a href=\"https:\/\/www.gresham-banque-privee.fr\/\" target=\"_blank\" rel=\"noopener\">GRESHAM Banque Priv\u00e9e<\/a><\/div>\n<div><\/div>\n<div><strong>Cette comp\u00e9tition compte pour l&rsquo;\u00e9volution de votre index.<\/strong><\/div>\n<div>Cette comp\u00e9tition participe \u00e0 la qualification de <a href=\"https:\/\/www.somabay-world-cup.com\/\" target=\"_blank\" rel=\"noopener\">SOMABAY WORLD CUP<\/a><\/div>\n<\/div>\n<div><a href=\"https:\/\/drive.google.com\/drive\/u\/1\/folders\/1Hu_jHbIjTv9XrrnZsChm4qBJK75YtsGj\" target=\"_blank\" rel=\"noopener\"><span style=\"color: #008000;\">LISTES DES INSCRIPTIONS<\/span><\/a> (Mise \u00e0 jour toutes les\u00a0 2H)<\/div>\n<div>\n<div><span style=\"color: #008000;\"><a href=\"https:\/\/docs.google.com\/forms\/d\/e\/1FAIpQLSdbOLUN0lrcxqkbcPi0JpyzM0T-dfAzjG42c1fqKMZ2yCYCyQ\/viewform?usp=header\">FORMULAIRE D\u2019ANNULATION<\/a><\/span><\/div>\n<div>\n<div>\n<div><a href=\"https:\/\/docs.google.com\/spreadsheets\/d\/e\/2PACX-1vSCAUGvEGvVAbsE7v3zevxioKHm28k1RJgWWskAYcm21lneiSCjo79u4wmsaoBDcW8P7KjUby7CtbNi\/pubhtml\" target=\"_blank\" rel=\"noopener\"><span style=\"color: #008000;\">LISTE DES ANNULATIONS<\/span><\/a><\/div>\n<div><\/div>\n<\/div>\n<div><strong>Si le champ est plein, la priorit\u00e9 sera donn\u00e9e aux adh\u00e9rents de l&rsquo;AS du Golf de Pessac.<\/strong><\/div>\n<\/div>\n<div><\/div>\n<div><a href=\"https:\/\/asgolfdepessac.com\/index.php\/informations-competition\/\" target=\"_blank\" rel=\"noopener\">TOUTES LES INFORMATIONS CONCERNANT LES COMPETITIONS<\/a><\/div>\n<div><\/div>\n<\/div>\n<div>\n<div>Le\u00a0<a href=\"https:\/\/asgolfdepessac.com\/wp-content\/uploads\/2025\/03\/ReglementCompetition-ASGP-2025-A.pdf\" target=\"_blank\" rel=\"noopener\"><strong><span style=\"color: #0000ff;\">r\u00e8glement<\/span><\/strong><\/a> des comp\u00e9titions organis\u00e9es par l&rsquo;AS PESSAC est applicable.<\/div>\n<\/div>\n<p><strong>Pour visualiser vos commandes actuelles et pass\u00e9es voir <a href=\"https:\/\/asgolfdepessac-b.fr\/index.php\/mon-compte\/\" target=\"_blank\" rel=\"noopener\">MON COMPTE<\/a> et COMMANDES.<\/strong><\/p>\n","protected":false},"featured_media":50502,"comment_status":"open","ping_status":"closed","template":"","meta":[],"product_brand":[],"product_cat":[239],"product_tag":[],"class_list":{"0":"post-42003","1":"product","2":"type-product","3":"status-publish","4":"has-post-thumbnail","6":"product_cat-coupe-as-2026","7":"wcpa_has_options","9":"first","10":"instock","11":"shipping-taxable","12":"purchasable","13":"product-type-simple"},"wcpa_form_fields":{"wcpaData":{"product":{"product_price":0,"price_html":"<span class=\"woocommerce-Price-amount amount\"><bdi>0,00<span class=\"woocommerce-Price-currencySymbol\">&euro;<\/span><\/bdi><\/span>","original_product_price":0,"price_including_tax":0,"price_excluding_tax":0,"product_id":{"parent":42003,"variation":false},"is_variable":false,"stock_status":"instock","stock_quantity":20,"parent_sku":"","product_attributes":[],"custom_fields":[],"is_taxable":false,"product_name":"COUPE AS 2026 GRESHAM Banque priv\u00e9e","hasImage":false},"fields":{"sec_269aadaa47d9cf":{"extra":{"key":"sec_269aadaa47d9cf","section_id":"sec_269aadaa47d9cf","name":"Default","status":1,"cl_rule":"show","enableCl":false,"relations":[],"toggle":true,"title_tag":"h3","show_title":false,"showPrice":"default","form_id":50500,"form_rules":{"exclude_from_discount":false,"fee_label":"Fee","disp_hide_options_price":false,"disp_show_section_price":false,"disp_show_field_price":true,"layout_option":"standard","pric_use_as_fee":false,"process_fee_as":"woo_fee"},"layout_option":"standard"},"fields":[[{"type":"text","required":true,"elementId":"text_769aadaa47d9ea","label":"NOM PRENOM","pricingType":"fixed","className":"","name":"text_769aadaa47d9ea","subtype":"text","cl_rule":"show","col":6,"relations":false,"active":true,"tooltip":"","error":false,"gt_translate_keys":["label","tooltip"],"price_dependency":false,"cl_dependency":false,"value":""}],[{"type":"number","required":true,"elementId":"number_869aadaa47d9f2","label":"N LICENCE","pricingType":"fixed","min":"000000000","max":"999999999","className":"","name":"number_869aadaa47d9f2","cl_rule":"show","col":6,"relations":false,"active":true,"tooltip":"","error":false,"gt_translate_keys":["label","tooltip"],"price_dependency":false,"cl_dependency":false,"value":""}],[{"type":"radio-group","required":true,"elementId":"radio-group_969aadaa47d9fa","label":"CATEGORIE","description":"Adherent AS Golf de Pessac?","inline":true,"priceOptions":"different_for_all","pricingType":"fixed","name":"radio-group_969aadaa47d9fa","other_text":"Other","cl_rule":"show","cl_val":"AS","operator":"and","col":6,"values":[{"label":"AS Pessac","value":"AS","price":"","pimage":"","pimage_id":"","pthumb":"","tempId":"aco_111","gt_translate_keys":["label"]},{"label":"NON AS Pessac","value":"NONAS","price":"","pimage":"","pimage_id":"","pthumb":"","tempId":"aco_112","gt_translate_keys":["label"]}],"relations":[{"operator":"and","rules":[{"operator":false,"rules":{"cl_field":"radio-group_969aadaa47d9fa","cl_relation":"is","cl_val":"AS"}}]},{"operator":false,"rules":[]}],"active":true,"tooltip":"","layOut":"inline","checkUi":"","error":false,"gt_translate_keys":["label","description","tooltip"],"price_dependency":false,"cl_dependency":["checkbox-group_769aadaa47da06","checkbox-group_669aadaa47da0c","radio-group_169aadaa47da17","radio-group_1069aadaa47da22"],"value":""}],[{"type":"checkbox-group","required":true,"elementId":"checkbox-group_769aadaa47da06","label":"INSCRIPTION","priceOptions":"different_for_all","pricingType":"fixed","name":"checkbox-group_769aadaa47da06","other_text":"Other","cl_rule":"show","col":6,"values":[{"label":"VALIDEE","value":"V","price":"","pimage":"","pimage_id":"","pthumb":"","tempId":"aco_29","gt_translate_keys":["label"]}],"relations":[{"operator":false,"rules":[{"operator":"AND","rules":{"cl_field":"radio-group_969aadaa47d9fa","cl_relation":"is","cl_val":"AS"}}]}],"active":true,"tooltip":"","layOut":"","checkUi":"","error":false,"enableCl":true,"gt_translate_keys":["label","tooltip"],"price_dependency":false,"cl_dependency":false,"value":""}],[{"label":"INSCRIPTION","active":true,"required":true,"elementId":"checkbox-group_669aadaa47da0c","tooltip":"","name":"checkbox-group_669aadaa47da0c","enableCl":true,"relations":[{"operator":false,"rules":[{"operator":"AND","rules":{"cl_field":"radio-group_969aadaa47d9fa","cl_relation":"is","cl_val":"NONAS"}}]}],"checkUi":"","layOut":"","other_text":"Other","values":[{"label":"NON PRIORITAIRE","value":"NP","price":"","pimage":"","pimage_id":"","pthumb":"","tempId":"aco_29","gt_translate_keys":["label"]}],"priceOptions":"different_for_all","pricingType":"fixed","cl_rule":"show","col":6,"type":"checkbox-group","error":false,"gt_translate_keys":["label","tooltip"],"price_dependency":false,"cl_dependency":false,"value":""}],[{"type":"radio-group","required":true,"elementId":"radio-group_169aadaa47da17","label":"AS","description":"Champ pour inscription adh\u00e9rent As golf de  Pessac 18T","inline":true,"enablePrice":true,"priceOptions":"different_for_all","pricingType":"fixed","name":"radio-group_169aadaa47da17","other_text":"Other","enableCl":true,"cl_rule":"show","cl_val":"AS","col":6,"values":[{"label":"Adulte","value":"adulteas","price":"10","pimage":"","pimage_id":"","pthumb":"","tempId":"aco_611","gt_translate_keys":["label"]},{"label":"Jeune","value":"Jeuneas","price":"0","pimage":"","pimage_id":"","pthumb":"","tempId":"aco_613","gt_translate_keys":["label"]}],"relations":[{"operator":"and","rules":[{"operator":false,"rules":{"cl_field":"radio-group_969aadaa47d9fa","cl_relation":"is","cl_val":"AS"}}]}],"price":0,"active":true,"tooltip":"","layOut":"inline","checkUi":"","error":false,"isWeightTemplate":false,"isTemplate":false,"min_quantity":"1","quantity_decimal":false,"quantity_step":"1","quantity_label":"Quantity","repeater_field_label":"{field_label}","repeater_bind":"","gt_translate_keys":["label","description","tooltip","repeater_field_label","quantity_label"],"price_dependency":false,"cl_dependency":["checkbox-group_469aadaa47da4b"],"value":""}],[{"type":"radio-group","required":true,"elementId":"radio-group_1069aadaa47da22","label":"NON AS","description":"Champ pour inscription non adh\u00e9rent  AS Gof de Pessac 18T","inline":true,"enablePrice":true,"priceOptions":"different_for_all","pricingType":"fixed","name":"radio-group_1069aadaa47da22","other_text":"Other","enableCl":true,"cl_rule":"show","cl_val":"NONAS","col":6,"values":[{"label":"Adulte","value":"adultenas","price":"20","pimage":"","pimage_id":"","pthumb":"","tempId":"aco_655","gt_translate_keys":["label"]},{"label":"Jeune","value":"Jeunenas","price":"15","pimage":"","pimage_id":"","pthumb":"","tempId":"aco_657","gt_translate_keys":["label"]}],"relations":[{"operator":"and","rules":[{"operator":false,"rules":{"cl_field":"radio-group_969aadaa47d9fa","cl_relation":"is","cl_val":"NONAS"}}]}],"price":0,"active":true,"tooltip":"","layOut":"inline","error":false,"checkUi":"","isWeightTemplate":false,"isTemplate":false,"min_quantity":"1","quantity_decimal":false,"quantity_step":"1","quantity_label":"Quantity","repeater_field_label":"{field_label}","repeater_bind":"","gt_translate_keys":["label","description","tooltip","repeater_field_label","quantity_label"],"price_dependency":false,"cl_dependency":false,"value":""}],[{"type":"checkbox-group","required":true,"elementId":"checkbox-group_469aadaa47da2e","label":"QUESTIONNAIRE DE SANTE","description":"j'ai r\u00e9pondu au questionnaire de sant\u00e9 en 2024 ou j'ai d\u00e9pos\u00e9 un certificat m\u00e9dical en 2024","priceOptions":"different_for_all","pricingType":"fixed","name":"checkbox-group_469aadaa47da2e","other_text":"Other","cl_rule":"show","col":6,"values":[{"label":"OUI","value":"OUI","price":"","pimage":"","pimage_id":"","pthumb":"","gt_translate_keys":["label"]}],"relations":false,"active":true,"tooltip":"","layOut":"","checkUi":"","error":false,"gt_translate_keys":["label","description","tooltip"],"price_dependency":false,"cl_dependency":false,"value":""}],[{"type":"number","required":true,"elementId":"number_569aadaa47da33","label":"INDEX","pricingType":"fixed","name":"number_569aadaa47da33","cl_rule":"show","col":6,"relations":false,"active":true,"tooltip":"","gt_translate_keys":["label","tooltip"],"price_dependency":false,"cl_dependency":false,"value":""}],[{"type":"radio-group","required":true,"elementId":"radio-group_169aadaa47da39","label":"T H P","description":"Tranche horaire pr\u00e9f\u00e9r\u00e9e les index sup\u00e9rieur \u00e0 36 joueront appr\u00e8s 12H","priceOptions":"different_for_all","pricingType":"fixed","name":"radio-group_169aadaa47da39","other_text":"Other","cl_rule":"show","col":6,"values":[{"label":"8H 10H","value":"8","price":"","pimage":"","pimage_id":"","pthumb":"","tempId":"aco_219","gt_translate_keys":["label"]},{"label":"10H 12H","value":"10","price":"","pimage":"","pimage_id":"","pthumb":"","tempId":"aco_220","gt_translate_keys":["label"]},{"label":"Apres 12 H","value":"12","price":"","pimage":"","pimage_id":"","pthumb":"","tempId":"aco_221","gt_translate_keys":["label"]},{"label":"Indifferent","value":"I","price":"","pimage":"","pimage_id":"","pthumb":"","tempId":"aco_222","gt_translate_keys":["label"]}],"relations":[{"operator":false,"rules":[{"operator":"AND","rules":{"cl_field":"radio-group_169aadaa47da00","cl_relation":"is","cl_val":"1"}}]}],"active":true,"tooltip":"","layOut":"","error":false,"checkUi":"","enableCl":false,"isWeightTemplate":false,"isTemplate":false,"min_quantity":"1","quantity_decimal":false,"quantity_step":"1","quantity_label":"Quantity","repeater_field_label":"{field_label}","repeater_bind":"","gt_translate_keys":["label","description","tooltip","repeater_field_label","quantity_label"],"price_dependency":false,"cl_dependency":false,"value":""}],[{"type":"radio-group","required":true,"elementId":"radio-group_1069aadaa47da3e","label":"T H O","description":"Tranche horaire optionelle les index sup\u00e9rieur \u00e0 36 joueront appr\u00e8s 12H","priceOptions":"different_for_all","pricingType":"fixed","name":"radio-group_1069aadaa47da3e","other_text":"Other","cl_rule":"show","col":6,"values":[{"label":"8H 10H","value":"8","price":"","pimage":"","pimage_id":"","pthumb":"","tempId":"aco_295","gt_translate_keys":["label"]},{"label":"10H 12H","value":"10","price":"","pimage":"","pimage_id":"","pthumb":"","tempId":"aco_296","gt_translate_keys":["label"]},{"label":"Apres 12 H","value":"12","price":"","pimage":"","pimage_id":"","pthumb":"","tempId":"aco_297","gt_translate_keys":["label"]},{"label":"Indifferent","value":"I","price":"","pimage":"","pimage_id":"","pthumb":"","tempId":"aco_298","gt_translate_keys":["label"]}],"relations":[{"operator":false,"rules":[{"operator":"AND","rules":{"cl_field":"radio-group_169aadaa47da00","cl_relation":"is","cl_val":"1"}}]}],"active":true,"tooltip":"","layOut":"","checkUi":"","error":false,"enableCl":false,"isWeightTemplate":false,"isTemplate":false,"min_quantity":"1","quantity_decimal":false,"quantity_step":"1","quantity_label":"Quantity","repeater_field_label":"{field_label}","repeater_bind":"","gt_translate_keys":["label","description","tooltip","repeater_field_label","quantity_label"],"price_dependency":false,"cl_dependency":false,"value":""}],[{"type":"checkbox-group","required":true,"elementId":"checkbox-group_469aadaa47da45","label":"ACCORD","description":"J'accepte toutes les conditions de d\u00e9roulement de cette manifestation","priceOptions":"different_for_all","pricingType":"fixed","name":"checkbox-group_469aadaa47da45","other_text":"Other","cl_rule":"show","col":6,"values":[{"label":"OUI","value":"OUI","price":"","pimage":"","pimage_id":"","pthumb":"","gt_translate_keys":["label"]}],"relations":false,"active":true,"tooltip":"","layOut":"","checkUi":"","error":false,"gt_translate_keys":["label","description","tooltip"],"price_dependency":false,"cl_dependency":false,"value":""}],[{"active":true,"col":6,"relations":[{"operator":"or","rules":[{"operator":"AND","rules":{"cl_field":"radio-group_169aadaa47da17","cl_relation":"is","cl_val":"Jeuneas"}}]},{"operator":false,"rules":[{"operator":"AND","rules":{"cl_field":"radio-group_769aadaa47da1c","cl_relation":"is","cl_val":"Jeuneas"}}]}],"cl_rule":"show","enableCl":true,"price":"","enablePrice":false,"className":"","label_position":"default","desc_position":"default","type":"checkbox-group","required":true,"elementId":"checkbox-group_469aadaa47da4b","label":"Enregistrement","name":"checkbox-group_469aadaa47da4b","values":[{"label":"J'ai compris","value":"J","selected":false,"tempId":"aco_715","gt_translate_keys":["label"]}],"layOut":"","error":false,"checkUi":"","description":"Le montant de ma commande est 0\u20ac : toutefois pour que mon inscription soit enregistr\u00e9e, je dois valider ma commande apr\u00e8s l'avoir mis dans le panier et v\u00e9rifier cela sur la liste des inscriptions dans les 6 heures.","gt_translate_keys":["label","description"],"price_dependency":false,"cl_dependency":false,"value":""}],[{"type":"textarea","elementId":"textarea_269aadaa47da50","label":"Note du joueur","description":"Les demandes concernant l'heure du d\u00e9part et ou des regroupements ne sont pas prises en compte","pricingType":"fixed","name":"textarea_269aadaa47da50","cl_rule":"show","col":6,"relations":false,"active":true,"tooltip":"","error":false,"gt_translate_keys":["label","description","tooltip"],"price_dependency":false,"cl_dependency":false,"value":""}]]}},"config":{"price_override":"","enable_recaptcha":false,"bind_quantity":false,"quantity_bind_formula":false,"disp_summ_show_option_price":true,"disp_summ_show_product_price":true,"disp_summ_show_total_price":true,"disp_summ_show_fee":false,"disp_summ_show_discount":false,"summary_title":"","options_total_label":"Options Price","total_label":"Total","options_product_label":"Product Price","fee_label":"Fee","discount_label":"Discount","has_price":true,"has_quantity_formula":false},"mc_unit":1,"tax_rate":1,"tax_rate_real":1,"discount":{"percentage":0,"fixed":0},"design":{"conf":{"LabelPosition":"above","DescPosition":"above","UploadField":"custom_1","QuantityFieldStyle":"default"},"css":{"LeftLabelWidth":"120px"}},"formulas":[],"lookuptables":[],"clones":false,"cartKey":false}},"_links":{"self":[{"href":"https:\/\/asgolfdepessac-b.fr\/index.php\/wp-json\/wp\/v2\/product\/42003","targetHints":{"allow":["GET"]}}],"collection":[{"href":"https:\/\/asgolfdepessac-b.fr\/index.php\/wp-json\/wp\/v2\/product"}],"about":[{"href":"https:\/\/asgolfdepessac-b.fr\/index.php\/wp-json\/wp\/v2\/types\/product"}],"replies":[{"embeddable":true,"href":"https:\/\/asgolfdepessac-b.fr\/index.php\/wp-json\/wp\/v2\/comments?post=42003"}],"wp:featuredmedia":[{"embeddable":true,"href":"https:\/\/asgolfdepessac-b.fr\/index.php\/wp-json\/wp\/v2\/media\/50502"}],"wp:attachment":[{"href":"https:\/\/asgolfdepessac-b.fr\/index.php\/wp-json\/wp\/v2\/media?parent=42003"}],"wp:term":[{"taxonomy":"product_brand","embeddable":true,"href":"https:\/\/asgolfdepessac-b.fr\/index.php\/wp-json\/wp\/v2\/product_brand?post=42003"},{"taxonomy":"product_cat","embeddable":true,"href":"https:\/\/asgolfdepessac-b.fr\/index.php\/wp-json\/wp\/v2\/product_cat?post=42003"},{"taxonomy":"product_tag","embeddable":true,"href":"https:\/\/asgolfdepessac-b.fr\/index.php\/wp-json\/wp\/v2\/product_tag?post=42003"}],"curies":[{"name":"wp","href":"https:\/\/api.w.org\/{rel}","templated":true}]}}