{"id":30088,"date":"2021-04-15T10:05:43","date_gmt":"2021-04-15T08:05:43","guid":{"rendered":"https:\/\/asgolfdepessac-b.fr\/?post_type=product&#038;p=30088"},"modified":"2026-02-08T09:17:44","modified_gmt":"2026-02-08T08:17:44","slug":"produit-annexe-entrainement","status":"publish","type":"product","link":"https:\/\/asgolfdepessac-b.fr\/index.php\/produit\/produit-annexe-entrainement\/","title":{"rendered":"produit annexe entrainement"},"content":{"rendered":"<p>Ce produit permet d&rsquo;acheter un multiple de 10 seaux de balles pour l&rsquo;entrainement<\/p>\n<p><strong>Il est r\u00e9serv\u00e9 aux adh\u00e9rents de l&rsquo;Association Sportive de Pessac<\/strong> . L&rsquo;achat de ce produit par un non adh\u00e8rent sera rembours\u00e9 apr\u00e8s application de frais de gestion.<\/p>\n<p>Les bons d&rsquo;\u00e9change seront remis par courrier d\u00e9pos\u00e9 \u00e0 l&rsquo;accueil lorsque le paiement sera constat\u00e9. <strong>Un message vous sera\u00a0 envoy\u00e9 vous pr\u00e9cisant la date du\u00a0<\/strong><b>d\u00e9p\u00f4t<\/b>\u00a0: vous pourrez ensuite\u00a0 d\u00e9poser ces bons sur votre carte imm\u00e9diatement ou dans le d\u00e9lai qui vous convient<\/p>\n","protected":false},"excerpt":{"rendered":"<p>Ce produit permet d&rsquo;acheter un multiple de 10 seaux de balles pour l&rsquo;entrainement<\/p>\n<p><strong>Il est r\u00e9serv\u00e9 aux adh\u00e9rents de l&rsquo;Association Sportive de Pessac<\/strong> . L&rsquo;achat de ce produit par un non adh\u00e8rent sera rembours\u00e9 apr\u00e8s application de frais de gestion.<\/p>\n<p>Les bons d&rsquo;\u00e9change seront remis par courrier d\u00e9pos\u00e9 \u00e0 l&rsquo;accueil lorsque le paiement sera constat\u00e9. <strong>Un message vous sera\u00a0 envoy\u00e9 vous pr\u00e9cisant la date du\u00a0<\/strong><b>d\u00e9p\u00f4t<\/b>\u00a0: vous pourrez ensuite\u00a0 d\u00e9poser ces bons sur votre carte imm\u00e9diatement ou dans le d\u00e9lai qui vous convient<\/p>\n","protected":false},"featured_media":0,"comment_status":"open","ping_status":"closed","template":"","meta":[],"product_brand":[],"product_cat":[100],"product_tag":[],"class_list":{"0":"post-30088","1":"product","2":"type-product","3":"status-publish","5":"product_cat-annexe","6":"wcpa_has_options","8":"first","9":"outofstock","10":"sold-individually","11":"shipping-taxable","12":"purchasable","13":"product-type-simple"},"wcpa_form_fields":{"wcpaData":{"product":{"product_price":0,"price_html":"<span class=\"woocommerce-Price-amount amount\"><bdi>0,00<span class=\"woocommerce-Price-currencySymbol\">&euro;<\/span><\/bdi><\/span>","original_product_price":0,"price_including_tax":0,"price_excluding_tax":0,"product_id":{"parent":30088,"variation":false},"is_variable":false,"stock_status":"outofstock","stock_quantity":0,"parent_sku":"","product_attributes":[],"custom_fields":[],"is_taxable":false,"product_name":"produit annexe entrainement","hasImage":false},"fields":{"sec_6659ae298eb2d7":{"extra":{"key":"sec_6659ae298eb2d7","section_id":"sec_6659ae298eb2d7","name":"Default","status":1,"cl_rule":"show","enableCl":false,"relations":[],"toggle":true,"title_tag":"h3","show_title":false,"showPrice":"default","form_id":31826,"form_rules":{"exclude_from_discount":false,"fee_label":"Fee","disp_hide_options_price":false,"disp_show_section_price":false,"disp_show_field_price":true,"layout_option":"standard","pric_use_as_fee":false,"process_fee_as":"woo_fee"},"layout_option":"standard"},"fields":[[{"type":"text","required":true,"elementId":"wcpa-text-614ddfcc1e195","label":"NOM PRENOM","pricingType":"fixed","className":"","name":"text-614ddfcc1e1a0","subtype":"text","cl_rule":"show","col":6,"relations":false,"active":true,"tooltip":"","error":false,"gt_translate_keys":["label","tooltip"],"price_dependency":false,"cl_dependency":false,"value":""}],[{"type":"number","required":true,"elementId":"wcpa-number-614ddfcc1e1e0","label":"N LICENCE","pricingType":"fixed","min":"000000000","max":"999999999","className":"","name":"number-614ddfcc1e1f1","cl_rule":"show","col":6,"relations":false,"active":true,"tooltip":"","error":false,"gt_translate_keys":["label","tooltip"],"price_dependency":false,"cl_dependency":false,"value":""}],[{"type":"radio-group","required":true,"elementId":"wcpa-radio-group-614ddfcc1e204","label":"ADHERENT AS","description":"J'atteste \u00eatre adherent de l'AS Golf de PESSAC","inline":true,"priceOptions":"different_for_all","pricingType":"fixed","name":"radio-group-614ddfcc1e216","other_text":"Other","cl_rule":"show","cl_val":"OUI","operator":"and","col":6,"values":[{"label":"OUI","value":"OUI","price":"","pimage":"","pimage_id":"","pthumb":"","gt_translate_keys":["label"]},{"label":"NON","value":"NON","price":"","pimage":"","pimage_id":"","pthumb":"","gt_translate_keys":["label"]}],"relations":[{"operator":"and","rules":[{"operator":false,"rules":{"cl_field":"wcpa-radio-group-614ddfcc1e204","cl_relation":"is","cl_val":"OUI"}}]},{"operator":false,"rules":[]}],"active":true,"tooltip":"","layOut":"inline","gt_translate_keys":["label","description","tooltip"],"price_dependency":false,"cl_dependency":["wcpa-text-1632494656005","wcpa-radio-group-1632495243171"],"value":""}],[{"type":"text","elementId":"wcpa-text-1632494656005","label":"NON AS","description":"Vous n'\u00eates pas membre de l'AS, Vous ne pouvez commander des seaux de balles r\u00e9serv\u00e9s aux membrespaz","pricingType":"fixed","name":"text-1632494656005","subtype":"text","enableCl":true,"cl_rule":"show","cl_val":"NON","col":6,"relations":[{"operator":false,"rules":[{"operator":false,"rules":{"cl_field":"wcpa-radio-group-614ddfcc1e204","cl_relation":"is","cl_val":"NON"}}]}],"active":true,"tooltip":"","gt_translate_keys":["label","description","tooltip"],"price_dependency":false,"cl_dependency":false,"value":""}],[{"type":"radio-group","required":true,"elementId":"wcpa-radio-group-1632495243171","label":"NOMBRE DE BONS D 'ECHANGE","enablePrice":true,"priceOptions":"different_for_all","pricingType":"fixed","price":"20","use_as_fee":false,"name":"radio-group-1632495243171","other_text":"Other","enableCl":true,"cl_rule":"show","cl_val":"OUI","col":6,"values":[{"label":"1 BON","value":"1","price":"20","pimage":"","pimage_id":"","pthumb":"","tempId":"aco_10","gt_translate_keys":["label"]}],"relations":[{"operator":false,"rules":[{"operator":false,"rules":{"cl_field":"wcpa-radio-group-614ddfcc1e204","cl_relation":"is","cl_val":"OUI"}}]}],"active":true,"tooltip":"","layOut":"","error":false,"checkUi":"","gt_translate_keys":["label","tooltip"],"price_dependency":false,"cl_dependency":false,"value":""}]]}},"config":{"price_override":"","enable_recaptcha":false,"bind_quantity":false,"quantity_bind_formula":false,"disp_summ_show_option_price":true,"disp_summ_show_product_price":true,"disp_summ_show_total_price":true,"disp_summ_show_fee":false,"disp_summ_show_discount":false,"summary_title":"","options_total_label":"Options Price","total_label":"Total","options_product_label":"Product Price","fee_label":"Fee","discount_label":"Discount","has_price":true,"has_quantity_formula":false},"mc_unit":1,"tax_rate":1,"tax_rate_real":1,"discount":{"percentage":0,"fixed":0},"design":{"conf":{"LabelPosition":"above","DescPosition":"above","UploadField":"custom_1","QuantityFieldStyle":"default"},"css":{"LeftLabelWidth":"120px"}},"formulas":[],"lookuptables":[],"clones":false,"cartKey":false}},"_links":{"self":[{"href":"https:\/\/asgolfdepessac-b.fr\/index.php\/wp-json\/wp\/v2\/product\/30088","targetHints":{"allow":["GET"]}}],"collection":[{"href":"https:\/\/asgolfdepessac-b.fr\/index.php\/wp-json\/wp\/v2\/product"}],"about":[{"href":"https:\/\/asgolfdepessac-b.fr\/index.php\/wp-json\/wp\/v2\/types\/product"}],"replies":[{"embeddable":true,"href":"https:\/\/asgolfdepessac-b.fr\/index.php\/wp-json\/wp\/v2\/comments?post=30088"}],"wp:attachment":[{"href":"https:\/\/asgolfdepessac-b.fr\/index.php\/wp-json\/wp\/v2\/media?parent=30088"}],"wp:term":[{"taxonomy":"product_brand","embeddable":true,"href":"https:\/\/asgolfdepessac-b.fr\/index.php\/wp-json\/wp\/v2\/product_brand?post=30088"},{"taxonomy":"product_cat","embeddable":true,"href":"https:\/\/asgolfdepessac-b.fr\/index.php\/wp-json\/wp\/v2\/product_cat?post=30088"},{"taxonomy":"product_tag","embeddable":true,"href":"https:\/\/asgolfdepessac-b.fr\/index.php\/wp-json\/wp\/v2\/product_tag?post=30088"}],"curies":[{"name":"wp","href":"https:\/\/api.w.org\/{rel}","templated":true}]}}